{"id":668,"date":"2022-07-04T14:21:45","date_gmt":"2022-07-04T12:21:45","guid":{"rendered":"https:\/\/www.isuo.eu\/2026\/?page_id=668"},"modified":"2026-04-10T16:37:00","modified_gmt":"2026-04-10T14:37:00","slug":"sponsor-werden","status":"publish","type":"page","link":"https:\/\/www.isuo.eu\/2026\/sponsor-werden\/","title":{"rendered":"Sponsor werden"},"content":{"rendered":"\t\t<div data-elementor-type=\"wp-page\" data-elementor-id=\"668\" class=\"elementor elementor-668\" data-elementor-post-type=\"page\">\n\t\t\t\t\t\t<section data-particle_enable=\"false\" data-particle-mobile-disabled=\"false\" class=\"elementor-section elementor-top-section elementor-element elementor-element-515eb5c elementor-section-full_width elementor-section-height-default elementor-section-height-default\" data-id=\"515eb5c\" data-element_type=\"section\" data-e-type=\"section\">\n\t\t\t\t\t\t<div class=\"elementor-container elementor-column-gap-default\">\n\t\t\t\t\t<div class=\"elementor-column elementor-col-100 elementor-top-column elementor-element elementor-element-a6edac0\" data-id=\"a6edac0\" data-element_type=\"column\" data-e-type=\"column\">\n\t\t\t<div class=\"elementor-widget-wrap elementor-element-populated\">\n\t\t\t\t\t\t<div class=\"elementor-element elementor-element-1a036339 elementor-widget elementor-widget-heading\" data-id=\"1a036339\" data-element_type=\"widget\" data-e-type=\"widget\" data-widget_type=\"heading.default\">\n\t\t\t\t<div class=\"elementor-widget-container\">\n\t\t\t\t\t<h2 class=\"elementor-heading-title elementor-size-default\">Sponsor werden<\/h2>\t\t\t\t<\/div>\n\t\t\t\t<\/div>\n\t\t\t\t<div class=\"elementor-element elementor-element-581f5ba0 elementor-widget elementor-widget-text-editor\" data-id=\"581f5ba0\" data-element_type=\"widget\" data-e-type=\"widget\" data-widget_type=\"text-editor.default\">\n\t\t\t\t<div class=\"elementor-widget-container\">\n\t\t\t\t\t\t\t\t\t<p>Wir m\u00f6chten Sie herzlich einladen, das 9. Internationale Symposium f\u00fcr Uro-Onkologie zu begleiten und zu unterst\u00fctzen. Es gibt verschiedene M\u00f6glichkeiten, Ihr Unternehmen bei dieser Veranstaltung zu pr\u00e4sentieren.<br \/>Gerne senden wir Ihnen die entsprechenden Unterlagen zu.<\/p>\t\t\t\t\t\t\t\t<\/div>\n\t\t\t\t<\/div>\n\t\t\t\t<div class=\"elementor-element elementor-element-77b6526b elementor-widget elementor-widget-heading\" data-id=\"77b6526b\" data-element_type=\"widget\" data-e-type=\"widget\" data-widget_type=\"heading.default\">\n\t\t\t\t<div class=\"elementor-widget-container\">\n\t\t\t\t\t<h4 class=\"elementor-heading-title elementor-size-default\">Kongressorganisation \/ Sponsoring<\/h4>\t\t\t\t<\/div>\n\t\t\t\t<\/div>\n\t\t\t\t<div class=\"elementor-element elementor-element-1383b02f elementor-icon-list--layout-traditional elementor-list-item-link-full_width elementor-widget elementor-widget-icon-list\" data-id=\"1383b02f\" data-element_type=\"widget\" data-e-type=\"widget\" data-widget_type=\"icon-list.default\">\n\t\t\t\t<div class=\"elementor-widget-container\">\n\t\t\t\t\t\t\t<ul class=\"elementor-icon-list-items\">\n\t\t\t\t\t\t\t<li class=\"elementor-icon-list-item\">\n\t\t\t\t\t\t\t\t\t\t<span class=\"elementor-icon-list-text\"><b>Intercom Dresden GmbH<\/b><\/span>\n\t\t\t\t\t\t\t\t\t<\/li>\n\t\t\t\t\t\t\t\t<li class=\"elementor-icon-list-item\">\n\t\t\t\t\t\t\t\t\t\t<span class=\"elementor-icon-list-text\">Christian Nitzsche<\/span>\n\t\t\t\t\t\t\t\t\t<\/li>\n\t\t\t\t\t\t\t\t<li class=\"elementor-icon-list-item\">\n\t\t\t\t\t\t\t\t\t\t<span class=\"elementor-icon-list-text\">Zellescher Weg 3<\/span>\n\t\t\t\t\t\t\t\t\t<\/li>\n\t\t\t\t\t\t\t\t<li class=\"elementor-icon-list-item\">\n\t\t\t\t\t\t\t\t\t\t<span class=\"elementor-icon-list-text\">01069 Dresden<\/span>\n\t\t\t\t\t\t\t\t\t<\/li>\n\t\t\t\t\t\t\t\t<li class=\"elementor-icon-list-item\">\n\t\t\t\t\t\t\t\t\t\t\t<span class=\"elementor-icon-list-icon\">\n\t\t\t\t\t\t\t<i aria-hidden=\"true\" class=\"fas fa-phone-alt\"><\/i>\t\t\t\t\t\t<\/span>\n\t\t\t\t\t\t\t\t\t\t<span class=\"elementor-icon-list-text\">+49 351 32017330<\/span>\n\t\t\t\t\t\t\t\t\t<\/li>\n\t\t\t\t\t\t\t\t<li class=\"elementor-icon-list-item\">\n\t\t\t\t\t\t\t\t\t\t\t<span class=\"elementor-icon-list-icon\">\n\t\t\t\t\t\t\t<i aria-hidden=\"true\" class=\"fas fa-print\"><\/i>\t\t\t\t\t\t<\/span>\n\t\t\t\t\t\t\t\t\t\t<span class=\"elementor-icon-list-text\">+49 351 32017333<\/span>\n\t\t\t\t\t\t\t\t\t<\/li>\n\t\t\t\t\t\t\t\t<li class=\"elementor-icon-list-item\">\n\t\t\t\t\t\t\t\t\t\t\t<a href=\"mailto:isuo@intercom-kongresse.de%20\">\n\n\t\t\t\t\t\t\t\t\t\t\t\t<span class=\"elementor-icon-list-icon\">\n\t\t\t\t\t\t\t<i aria-hidden=\"true\" class=\"far fa-envelope\"><\/i>\t\t\t\t\t\t<\/span>\n\t\t\t\t\t\t\t\t\t\t<span class=\"elementor-icon-list-text\">isuo@intercom-kongresse.de <\/span>\n\t\t\t\t\t\t\t\t\t\t\t<\/a>\n\t\t\t\t\t\t\t\t\t<\/li>\n\t\t\t\t\t\t\t\t<li class=\"elementor-icon-list-item\">\n\t\t\t\t\t\t\t\t\t\t\t<a href=\"https:\/\/www.intercom-kongresse.de%20\">\n\n\t\t\t\t\t\t\t\t\t\t\t\t<span class=\"elementor-icon-list-icon\">\n\t\t\t\t\t\t\t<i aria-hidden=\"true\" class=\"fas fa-globe\"><\/i>\t\t\t\t\t\t<\/span>\n\t\t\t\t\t\t\t\t\t\t<span class=\"elementor-icon-list-text\">www.intercom-kongresse.de <\/span>\n\t\t\t\t\t\t\t\t\t\t\t<\/a>\n\t\t\t\t\t\t\t\t\t<\/li>\n\t\t\t\t\t\t<\/ul>\n\t\t\t\t\t\t<\/div>\n\t\t\t\t<\/div>\n\t\t\t\t\t<\/div>\n\t\t<\/div>\n\t\t\t\t\t<\/div>\n\t\t<\/section>\n\t\t\t\t<\/div>\n\t\t","protected":false},"excerpt":{"rendered":"<p>Sponsor werden Wir m\u00f6chten Sie herzlich einladen, das 9. Internationale Symposium f\u00fcr Uro-Onkologie zu begleiten und zu unterst\u00fctzen. Es gibt verschiedene M\u00f6glichkeiten, Ihr Unternehmen bei dieser Veranstaltung zu pr\u00e4sentieren.Gerne senden wir Ihnen die entsprechenden Unterlagen zu. Kongressorganisation \/ Sponsoring Intercom Dresden GmbH Christian Nitzsche Zellescher Weg 3 01069 Dresden +49 351 32017330 +49 351 32017333 [&hellip;]<\/p>\n","protected":false},"author":5,"featured_media":0,"parent":0,"menu_order":0,"comment_status":"closed","ping_status":"closed","template":"elementor_theme","meta":{"footnotes":""},"class_list":["post-668","page","type-page","status-publish","hentry"],"yoast_head":"<!-- This site is optimized with the Yoast SEO plugin v27.4 - https:\/\/yoast.com\/product\/yoast-seo-wordpress\/ -->\n<title>Sponsor werden - 9. Internationales Symposium Uroonkologie<\/title>\n<meta name=\"robots\" content=\"index, follow, max-snippet:-1, max-image-preview:large, max-video-preview:-1\" \/>\n<link rel=\"canonical\" href=\"https:\/\/www.isuo.eu\/2026\/sponsor-werden\/\" \/>\n<meta property=\"og:locale\" content=\"de_DE\" \/>\n<meta property=\"og:type\" content=\"article\" \/>\n<meta property=\"og:title\" content=\"Sponsor werden - 9. Internationales Symposium Uroonkologie\" \/>\n<meta property=\"og:description\" content=\"Sponsor werden Wir m\u00f6chten Sie herzlich einladen, das 9. Internationale Symposium f\u00fcr Uro-Onkologie zu begleiten und zu unterst\u00fctzen. Es gibt verschiedene M\u00f6glichkeiten, Ihr Unternehmen bei dieser Veranstaltung zu pr\u00e4sentieren.Gerne senden wir Ihnen die entsprechenden Unterlagen zu. Kongressorganisation \/ Sponsoring Intercom Dresden GmbH Christian Nitzsche Zellescher Weg 3 01069 Dresden +49 351 32017330 +49 351 32017333 [&hellip;]\" \/>\n<meta property=\"og:url\" content=\"https:\/\/www.isuo.eu\/2026\/sponsor-werden\/\" \/>\n<meta property=\"og:site_name\" content=\"9. Internationales Symposium Uroonkologie\" \/>\n<meta property=\"article:modified_time\" content=\"2026-04-10T14:37:00+00:00\" \/>\n<meta name=\"twitter:card\" content=\"summary_large_image\" \/>\n<meta name=\"twitter:label1\" content=\"Gesch\u00e4tzte Lesezeit\" \/>\n\t<meta name=\"twitter:data1\" content=\"1\u00a0Minute\" \/>\n<script type=\"application\/ld+json\" class=\"yoast-schema-graph\">{\"@context\":\"https:\\\/\\\/schema.org\",\"@graph\":[{\"@type\":\"WebPage\",\"@id\":\"https:\\\/\\\/www.isuo.eu\\\/2026\\\/sponsor-werden\\\/\",\"url\":\"https:\\\/\\\/www.isuo.eu\\\/2026\\\/sponsor-werden\\\/\",\"name\":\"Sponsor werden - 9. Internationales Symposium Uroonkologie\",\"isPartOf\":{\"@id\":\"https:\\\/\\\/www.isuo.eu\\\/2026\\\/#website\"},\"datePublished\":\"2022-07-04T12:21:45+00:00\",\"dateModified\":\"2026-04-10T14:37:00+00:00\",\"breadcrumb\":{\"@id\":\"https:\\\/\\\/www.isuo.eu\\\/2026\\\/sponsor-werden\\\/#breadcrumb\"},\"inLanguage\":\"de\",\"potentialAction\":[{\"@type\":\"ReadAction\",\"target\":[\"https:\\\/\\\/www.isuo.eu\\\/2026\\\/sponsor-werden\\\/\"]}]},{\"@type\":\"BreadcrumbList\",\"@id\":\"https:\\\/\\\/www.isuo.eu\\\/2026\\\/sponsor-werden\\\/#breadcrumb\",\"itemListElement\":[{\"@type\":\"ListItem\",\"position\":1,\"name\":\"Startseite\",\"item\":\"https:\\\/\\\/www.isuo.eu\\\/2026\\\/\"},{\"@type\":\"ListItem\",\"position\":2,\"name\":\"Sponsor werden\"}]},{\"@type\":\"WebSite\",\"@id\":\"https:\\\/\\\/www.isuo.eu\\\/2026\\\/#website\",\"url\":\"https:\\\/\\\/www.isuo.eu\\\/2026\\\/\",\"name\":\"9. Internationales Symposium Uroonkologie\",\"description\":\"27. und 28. November 2026, K\u00f6ln\",\"publisher\":{\"@id\":\"https:\\\/\\\/www.isuo.eu\\\/2026\\\/#organization\"},\"potentialAction\":[{\"@type\":\"SearchAction\",\"target\":{\"@type\":\"EntryPoint\",\"urlTemplate\":\"https:\\\/\\\/www.isuo.eu\\\/2026\\\/?s={search_term_string}\"},\"query-input\":{\"@type\":\"PropertyValueSpecification\",\"valueRequired\":true,\"valueName\":\"search_term_string\"}}],\"inLanguage\":\"de\"},{\"@type\":\"Organization\",\"@id\":\"https:\\\/\\\/www.isuo.eu\\\/2026\\\/#organization\",\"name\":\"9. Internationales Symposium Uroonkologie\",\"url\":\"https:\\\/\\\/www.isuo.eu\\\/2026\\\/\",\"logo\":{\"@type\":\"ImageObject\",\"inLanguage\":\"de\",\"@id\":\"https:\\\/\\\/www.isuo.eu\\\/2026\\\/#\\\/schema\\\/logo\\\/image\\\/\",\"url\":\"https:\\\/\\\/www.isuo.eu\\\/2026\\\/wp-content\\\/uploads\\\/logo_2025.png\",\"contentUrl\":\"https:\\\/\\\/www.isuo.eu\\\/2026\\\/wp-content\\\/uploads\\\/logo_2025.png\",\"width\":492,\"height\":500,\"caption\":\"9. Internationales Symposium Uroonkologie\"},\"image\":{\"@id\":\"https:\\\/\\\/www.isuo.eu\\\/2026\\\/#\\\/schema\\\/logo\\\/image\\\/\"}}]}<\/script>\n<!-- \/ Yoast SEO plugin. -->","yoast_head_json":{"title":"Sponsor werden - 9. Internationales Symposium Uroonkologie","robots":{"index":"index","follow":"follow","max-snippet":"max-snippet:-1","max-image-preview":"max-image-preview:large","max-video-preview":"max-video-preview:-1"},"canonical":"https:\/\/www.isuo.eu\/2026\/sponsor-werden\/","og_locale":"de_DE","og_type":"article","og_title":"Sponsor werden - 9. Internationales Symposium Uroonkologie","og_description":"Sponsor werden Wir m\u00f6chten Sie herzlich einladen, das 9. Internationale Symposium f\u00fcr Uro-Onkologie zu begleiten und zu unterst\u00fctzen. Es gibt verschiedene M\u00f6glichkeiten, Ihr Unternehmen bei dieser Veranstaltung zu pr\u00e4sentieren.Gerne senden wir Ihnen die entsprechenden Unterlagen zu. Kongressorganisation \/ Sponsoring Intercom Dresden GmbH Christian Nitzsche Zellescher Weg 3 01069 Dresden +49 351 32017330 +49 351 32017333 [&hellip;]","og_url":"https:\/\/www.isuo.eu\/2026\/sponsor-werden\/","og_site_name":"9. Internationales Symposium Uroonkologie","article_modified_time":"2026-04-10T14:37:00+00:00","twitter_card":"summary_large_image","twitter_misc":{"Gesch\u00e4tzte Lesezeit":"1\u00a0Minute"},"schema":{"@context":"https:\/\/schema.org","@graph":[{"@type":"WebPage","@id":"https:\/\/www.isuo.eu\/2026\/sponsor-werden\/","url":"https:\/\/www.isuo.eu\/2026\/sponsor-werden\/","name":"Sponsor werden - 9. Internationales Symposium Uroonkologie","isPartOf":{"@id":"https:\/\/www.isuo.eu\/2026\/#website"},"datePublished":"2022-07-04T12:21:45+00:00","dateModified":"2026-04-10T14:37:00+00:00","breadcrumb":{"@id":"https:\/\/www.isuo.eu\/2026\/sponsor-werden\/#breadcrumb"},"inLanguage":"de","potentialAction":[{"@type":"ReadAction","target":["https:\/\/www.isuo.eu\/2026\/sponsor-werden\/"]}]},{"@type":"BreadcrumbList","@id":"https:\/\/www.isuo.eu\/2026\/sponsor-werden\/#breadcrumb","itemListElement":[{"@type":"ListItem","position":1,"name":"Startseite","item":"https:\/\/www.isuo.eu\/2026\/"},{"@type":"ListItem","position":2,"name":"Sponsor werden"}]},{"@type":"WebSite","@id":"https:\/\/www.isuo.eu\/2026\/#website","url":"https:\/\/www.isuo.eu\/2026\/","name":"9. Internationales Symposium Uroonkologie","description":"27. und 28. November 2026, K\u00f6ln","publisher":{"@id":"https:\/\/www.isuo.eu\/2026\/#organization"},"potentialAction":[{"@type":"SearchAction","target":{"@type":"EntryPoint","urlTemplate":"https:\/\/www.isuo.eu\/2026\/?s={search_term_string}"},"query-input":{"@type":"PropertyValueSpecification","valueRequired":true,"valueName":"search_term_string"}}],"inLanguage":"de"},{"@type":"Organization","@id":"https:\/\/www.isuo.eu\/2026\/#organization","name":"9. Internationales Symposium Uroonkologie","url":"https:\/\/www.isuo.eu\/2026\/","logo":{"@type":"ImageObject","inLanguage":"de","@id":"https:\/\/www.isuo.eu\/2026\/#\/schema\/logo\/image\/","url":"https:\/\/www.isuo.eu\/2026\/wp-content\/uploads\/logo_2025.png","contentUrl":"https:\/\/www.isuo.eu\/2026\/wp-content\/uploads\/logo_2025.png","width":492,"height":500,"caption":"9. Internationales Symposium Uroonkologie"},"image":{"@id":"https:\/\/www.isuo.eu\/2026\/#\/schema\/logo\/image\/"}}]}},"_links":{"self":[{"href":"https:\/\/www.isuo.eu\/2026\/wp-json\/wp\/v2\/pages\/668","targetHints":{"allow":["GET"]}}],"collection":[{"href":"https:\/\/www.isuo.eu\/2026\/wp-json\/wp\/v2\/pages"}],"about":[{"href":"https:\/\/www.isuo.eu\/2026\/wp-json\/wp\/v2\/types\/page"}],"author":[{"embeddable":true,"href":"https:\/\/www.isuo.eu\/2026\/wp-json\/wp\/v2\/users\/5"}],"replies":[{"embeddable":true,"href":"https:\/\/www.isuo.eu\/2026\/wp-json\/wp\/v2\/comments?post=668"}],"version-history":[{"count":5,"href":"https:\/\/www.isuo.eu\/2026\/wp-json\/wp\/v2\/pages\/668\/revisions"}],"predecessor-version":[{"id":2829,"href":"https:\/\/www.isuo.eu\/2026\/wp-json\/wp\/v2\/pages\/668\/revisions\/2829"}],"wp:attachment":[{"href":"https:\/\/www.isuo.eu\/2026\/wp-json\/wp\/v2\/media?parent=668"}],"curies":[{"name":"wp","href":"https:\/\/api.w.org\/{rel}","templated":true}]}}