{"id":516,"date":"2022-06-08T15:15:22","date_gmt":"2022-06-08T13:15:22","guid":{"rendered":"https:\/\/www.isuo.eu\/2026\/?page_id=516"},"modified":"2025-11-17T14:45:09","modified_gmt":"2025-11-17T13:45:09","slug":"anmeldung","status":"publish","type":"page","link":"https:\/\/www.isuo.eu\/2026\/anmeldung\/","title":{"rendered":"Anmeldung"},"content":{"rendered":"\t\t<div data-elementor-type=\"wp-page\" data-elementor-id=\"516\" class=\"elementor elementor-516\" data-elementor-post-type=\"page\">\n\t\t\t\t\t\t<section data-particle_enable=\"false\" data-particle-mobile-disabled=\"false\" class=\"elementor-section elementor-top-section elementor-element elementor-element-7d960e8 elementor-section-full_width elementor-section-height-default elementor-section-height-default\" data-id=\"7d960e8\" data-element_type=\"section\" data-e-type=\"section\">\n\t\t\t\t\t\t<div class=\"elementor-container elementor-column-gap-default\">\n\t\t\t\t\t<div class=\"elementor-column elementor-col-50 elementor-top-column elementor-element elementor-element-c24c9f0\" data-id=\"c24c9f0\" data-element_type=\"column\" data-e-type=\"column\">\n\t\t\t<div class=\"elementor-widget-wrap elementor-element-populated\">\n\t\t\t\t\t\t<div class=\"elementor-element elementor-element-5b1149b elementor-widget elementor-widget-heading\" data-id=\"5b1149b\" data-element_type=\"widget\" data-e-type=\"widget\" data-widget_type=\"heading.default\">\n\t\t\t\t<div class=\"elementor-widget-container\">\n\t\t\t\t\t<h2 class=\"elementor-heading-title elementor-size-default\">Anmeldung<\/h2>\t\t\t\t<\/div>\n\t\t\t\t<\/div>\n\t\t\t\t\t<\/div>\n\t\t<\/div>\n\t\t\t\t<div class=\"elementor-column elementor-col-50 elementor-top-column elementor-element elementor-element-36e649b\" data-id=\"36e649b\" data-element_type=\"column\" data-e-type=\"column\">\n\t\t\t<div class=\"elementor-widget-wrap elementor-element-populated\">\n\t\t\t\t\t\t<div class=\"elementor-element elementor-element-eea56ab elementor-widget elementor-widget-shortcode\" data-id=\"eea56ab\" data-element_type=\"widget\" data-e-type=\"widget\" data-widget_type=\"shortcode.default\">\n\t\t\t\t<div class=\"elementor-widget-container\">\n\t\t\t\t\t\t\t<div class=\"elementor-shortcode\"><a href=\"..\/registration\/\"><svg xmlns=\"http:\/\/www.w3.org\/2000\/svg\" xmlns:xlink=\"http:\/\/www.w3.org\/1999\/xlink\" width=\"40\" zoomAndPan=\"magnify\" viewBox=\"0 0 30 30.000001\" height=\"40\" preserveAspectRatio=\"xMidYMid meet\" version=\"1.0\"><defs><clipPath id=\"id1\"><path d=\"M 2.511719 6.402344 L 27.191406 6.402344 L 27.191406 24.546875 L 2.511719 24.546875 Z M 2.511719 6.402344 \" clip-rule=\"nonzero\"\/><\/clipPath><\/defs><g clip-path=\"url(#id1)\"><path fill=\"rgb(0%, 14.118958%, 49.01886%)\" d=\"M 2.519531 9.234375 L 2.519531 11.984375 L 6.375 11.984375 Z M 5.714844 24.546875 L 11.425781 24.546875 L 11.425781 20.472656 Z M 18.277344 20.472656 L 18.277344 24.546875 L 23.984375 24.546875 Z M 2.519531 18.964844 L 2.519531 21.714844 L 6.378906 18.964844 Z M 23.988281 6.402344 L 18.277344 6.402344 L 18.277344 10.472656 Z M 27.183594 21.714844 L 27.183594 18.964844 L 23.324219 18.964844 Z M 27.183594 11.984375 L 27.183594 9.234375 L 23.324219 11.984375 Z M 11.425781 6.402344 L 5.714844 6.402344 L 11.425781 10.472656 Z M 11.425781 6.402344 \" fill-opacity=\"1\" fill-rule=\"nonzero\"\/><path fill=\"rgb(81.17981%, 10.5896%, 16.859436%)\" d=\"M 19.742188 18.964844 L 26.394531 23.710938 C 26.71875 23.375 26.949219 22.953125 27.074219 22.488281 L 22.132812 18.964844 Z M 11.425781 18.964844 L 9.960938 18.964844 L 3.304688 23.707031 C 3.664062 24.078125 4.121094 24.34375 4.632812 24.464844 L 11.425781 19.621094 Z M 18.277344 11.984375 L 19.742188 11.984375 L 26.394531 7.238281 C 26.039062 6.867188 25.582031 6.605469 25.070312 6.480469 L 18.277344 11.324219 Z M 9.960938 11.984375 L 3.304688 7.238281 C 2.984375 7.574219 2.753906 7.992188 2.628906 8.460938 L 7.570312 11.984375 Z M 9.960938 11.984375 \" fill-opacity=\"1\" fill-rule=\"nonzero\"\/><path fill=\"rgb(93.328857%, 93.328857%, 93.328857%)\" d=\"M 27.183594 17.566406 L 16.90625 17.566406 L 16.90625 24.546875 L 18.277344 24.546875 L 18.277344 20.472656 L 23.984375 24.546875 L 24.441406 24.546875 C 25.207031 24.546875 25.898438 24.222656 26.394531 23.710938 L 19.742188 18.964844 L 22.132812 18.964844 L 27.074219 22.488281 C 27.136719 22.253906 27.183594 22.011719 27.183594 21.753906 L 27.183594 21.714844 L 23.324219 18.964844 L 27.183594 18.964844 Z M 2.519531 17.566406 L 2.519531 18.964844 L 6.378906 18.964844 L 2.519531 21.714844 L 2.519531 21.753906 C 2.519531 22.515625 2.820312 23.203125 3.304688 23.707031 L 9.960938 18.964844 L 11.425781 18.964844 L 11.425781 19.621094 L 4.632812 24.464844 C 4.835938 24.515625 5.042969 24.546875 5.261719 24.546875 L 5.714844 24.546875 L 11.425781 20.472656 L 11.425781 24.546875 L 12.796875 24.546875 L 12.796875 17.566406 Z M 27.183594 9.191406 C 27.183594 8.429688 26.882812 7.742188 26.394531 7.238281 L 19.742188 11.984375 L 18.277344 11.984375 L 18.277344 11.324219 L 25.070312 6.480469 C 24.867188 6.433594 24.660156 6.402344 24.441406 6.402344 L 23.988281 6.402344 L 18.277344 10.472656 L 18.277344 6.402344 L 16.90625 6.402344 L 16.90625 13.378906 L 27.183594 13.378906 L 27.183594 11.984375 L 23.324219 11.984375 L 27.183594 9.234375 Z M 11.425781 6.402344 L 11.425781 10.472656 L 5.714844 6.402344 L 5.261719 6.402344 C 4.496094 6.402344 3.804688 6.722656 3.304688 7.238281 L 9.960938 11.984375 L 7.570312 11.984375 L 2.628906 8.460938 C 2.566406 8.695312 2.519531 8.9375 2.519531 9.191406 L 2.519531 9.234375 L 6.375 11.984375 L 2.519531 11.984375 L 2.519531 13.378906 L 12.796875 13.378906 L 12.796875 6.402344 Z M 11.425781 6.402344 \" fill-opacity=\"1\" fill-rule=\"nonzero\"\/><path fill=\"rgb(81.17981%, 10.5896%, 16.859436%)\" d=\"M 16.90625 13.378906 L 16.90625 6.402344 L 12.796875 6.402344 L 12.796875 13.378906 L 2.519531 13.378906 L 2.519531 17.566406 L 12.796875 17.566406 L 12.796875 24.546875 L 16.90625 24.546875 L 16.90625 17.566406 L 27.183594 17.566406 L 27.183594 13.378906 Z M 16.90625 13.378906 \" fill-opacity=\"1\" fill-rule=\"nonzero\"\/><\/g><\/svg><\/a><\/div>\n\t\t\t\t\t\t<\/div>\n\t\t\t\t<\/div>\n\t\t\t\t\t<\/div>\n\t\t<\/div>\n\t\t\t\t\t<\/div>\n\t\t<\/section>\n\t\t\t\t<section data-particle_enable=\"false\" data-particle-mobile-disabled=\"false\" class=\"elementor-section elementor-top-section elementor-element elementor-element-f4fe4eb elementor-section-full_width elementor-section-height-default elementor-section-height-default\" data-id=\"f4fe4eb\" data-element_type=\"section\" data-e-type=\"section\">\n\t\t\t\t\t\t<div class=\"elementor-container elementor-column-gap-default\">\n\t\t\t\t\t<div class=\"elementor-column elementor-col-100 elementor-top-column elementor-element elementor-element-65b0f59\" data-id=\"65b0f59\" data-element_type=\"column\" data-e-type=\"column\">\n\t\t\t<div class=\"elementor-widget-wrap elementor-element-populated\">\n\t\t\t\t\t\t<div class=\"elementor-element elementor-element-34fb186 elementor-align-center elementor-hidden-desktop elementor-hidden-tablet elementor-hidden-mobile elementor-invisible elementor-widget elementor-widget-button\" data-id=\"34fb186\" data-element_type=\"widget\" data-e-type=\"widget\" data-settings=\"{&quot;_animation&quot;:&quot;fadeInDown&quot;}\" data-widget_type=\"button.default\">\n\t\t\t\t<div class=\"elementor-widget-container\">\n\t\t\t\t\t\t\t\t\t<div class=\"elementor-button-wrapper\">\n\t\t\t\t\t<a class=\"elementor-button elementor-button-link elementor-size-lg\" href=\"#\">\n\t\t\t\t\t\t<span class=\"elementor-button-content-wrapper\">\n\t\t\t\t\t\t\t\t\t<span class=\"elementor-button-text\">Anmeldung hier ab 06.05.2024 m\u00f6glich<\/span>\n\t\t\t\t\t<\/span>\n\t\t\t\t\t<\/a>\n\t\t\t\t<\/div>\n\t\t\t\t\t\t\t\t<\/div>\n\t\t\t\t<\/div>\n\t\t\t\t<div class=\"elementor-element elementor-element-7dec831 elementor-align-center elementor-invisible elementor-widget elementor-widget-button\" data-id=\"7dec831\" data-element_type=\"widget\" data-e-type=\"widget\" data-settings=\"{&quot;_animation&quot;:&quot;fadeInDown&quot;}\" data-widget_type=\"button.default\">\n\t\t\t\t<div class=\"elementor-widget-container\">\n\t\t\t\t\t\t\t\t\t<div class=\"elementor-button-wrapper\">\n\t\t\t\t\t<a class=\"elementor-button elementor-button-link elementor-size-lg\" href=\"https:\/\/www.intercom-dresden.de\/secure\/conreg_isuo2025\/\">\n\t\t\t\t\t\t<span class=\"elementor-button-content-wrapper\">\n\t\t\t\t\t\t\t\t\t<span class=\"elementor-button-text\">Anmeldung beginnen<\/span>\n\t\t\t\t\t<\/span>\n\t\t\t\t\t<\/a>\n\t\t\t\t<\/div>\n\t\t\t\t\t\t\t\t<\/div>\n\t\t\t\t<\/div>\n\t\t\t\t<div class=\"elementor-element elementor-element-9329995 elementor-widget elementor-widget-heading\" data-id=\"9329995\" data-element_type=\"widget\" data-e-type=\"widget\" data-widget_type=\"heading.default\">\n\t\t\t\t<div class=\"elementor-widget-container\">\n\t\t\t\t\t<h3 class=\"elementor-heading-title elementor-size-default\">Teilnahmegeb\u00fchren<\/h3>\t\t\t\t<\/div>\n\t\t\t\t<\/div>\n\t\t\t\t<div class=\"elementor-element elementor-element-a8ac908 elementor-widget elementor-widget-text-editor\" data-id=\"a8ac908\" data-element_type=\"widget\" data-e-type=\"widget\" data-widget_type=\"text-editor.default\">\n\t\t\t\t<div class=\"elementor-widget-container\">\n\t\t\t\t\t\t\t\t\t<table class=\"Preisliste\"><tbody><tr><td><strong>Geb\u00fchren<\/strong><\/td><td><div align=\"center\"><\/div><\/td><td><div align=\"center\"><\/div><\/td><\/tr><tr><td colspan=\"3\"><strong>PR\u00c4SENZ<\/strong><\/td><\/tr><tr><td>Facharzt (m\/w\/d)<\/td><td><div align=\"center\">285,00 \u20ac<\/div><\/td><td><div align=\"center\"><\/div><\/td><\/tr><tr><td>Assistenzarzt (m\/w\/d)<\/td><td><div align=\"center\">160,00 \u20ac<\/div><\/td><td><div align=\"center\"><\/div><\/td><\/tr><tr><td>Student (m\/w\/d)<\/td><td colspan=\"2\"><div align=\"center\">kostenfrei (mit Nachweis)<\/div><\/td><\/tr><tr><td>Mitarbeiter Unikliniken (Urologie) K\u00f6ln (m\/w\/d)<\/td><td colspan=\"2\"><div align=\"center\">kostenfrei (mit Nachweis)<\/div><\/td><\/tr><tr><td colspan=\"3\"><\/td><\/tr><tr><td colspan=\"3\"><strong>VIRTUELL *<br \/><\/strong><\/td><\/tr><tr><td>Facharzt (m\/w\/d)<\/td><td><div align=\"center\">175,00 \u20ac<\/div><\/td><td><div align=\"center\"><\/div><\/td><\/tr><tr><td>Assistenzarzt (m\/w\/d)<\/td><td><div align=\"center\">105,00 \u20ac<\/div><\/td><td><div align=\"center\"><\/div><\/td><\/tr><tr><td>Student (m\/w\/d)<\/td><td colspan=\"2\"><div align=\"center\">kostenfrei (mit Nachweis)<\/div><\/td><\/tr><tr><td>Mitarbeiter Unikliniken (Urologie) K\u00f6ln (m\/w\/d)<\/td><td colspan=\"2\"><div align=\"center\">kostenfrei (mit Nachweis)<\/div><\/td><\/tr><\/tbody><\/table>\t\t\t\t\t\t\t\t<\/div>\n\t\t\t\t<\/div>\n\t\t\t\t<div class=\"elementor-element elementor-element-73a5b6e elementor-widget elementor-widget-text-editor\" data-id=\"73a5b6e\" data-element_type=\"widget\" data-e-type=\"widget\" data-widget_type=\"text-editor.default\">\n\t\t\t\t<div class=\"elementor-widget-container\">\n\t\t\t\t\t\t\t\t\t<p>* Virtuelle Teilnahme: Wir bieten Ihnen die M\u00f6glichkeit virtuell an der Tagung teilzunehmen \u2013 parallel im Livestream oder im Anschluss \u00fcber die Mediathek bis 31.01.2026. Sie erhalten einen Zugangslink \u00fcber dessen Ihre Teilnahme getrackt wird. Ihre Teilnahme wird der Landes\u00e4rztekammer gemeldet, wenn mehr als 90% der Vortr\u00e4ge online geschaut wurden.<\/p><p>INTERCOM Dresden GmbH ist der Veranstalter. Alle Registrierungsgeb\u00fchren verstehen sich pro Person, inklusive 19% USt., vereinnahmt im Namen und f\u00fcr Rechnung der INTERCOM Dresden GmbH, Zellescher Weg 3, 01069 Dresden, Deutschland, UST-ID Nr.: DE 186530195<\/p>\t\t\t\t\t\t\t\t<\/div>\n\t\t\t\t<\/div>\n\t\t\t\t\t<\/div>\n\t\t<\/div>\n\t\t\t\t\t<\/div>\n\t\t<\/section>\n\t\t\t\t<\/div>\n\t\t","protected":false},"excerpt":{"rendered":"<p>Anmeldung Anmeldung hier ab 06.05.2024 m\u00f6glich Anmeldung beginnen Teilnahmegeb\u00fchren Geb\u00fchren PR\u00c4SENZ Facharzt (m\/w\/d) 285,00 \u20ac Assistenzarzt (m\/w\/d) 160,00 \u20ac Student (m\/w\/d) kostenfrei (mit Nachweis) Mitarbeiter Unikliniken (Urologie) K\u00f6ln (m\/w\/d) kostenfrei (mit Nachweis) VIRTUELL * Facharzt (m\/w\/d) 175,00 \u20ac Assistenzarzt (m\/w\/d) 105,00 \u20ac Student (m\/w\/d) kostenfrei (mit Nachweis) Mitarbeiter Unikliniken (Urologie) K\u00f6ln (m\/w\/d) kostenfrei (mit Nachweis) [&hellip;]<\/p>\n","protected":false},"author":5,"featured_media":0,"parent":0,"menu_order":0,"comment_status":"closed","ping_status":"closed","template":"elementor_theme","meta":{"footnotes":""},"class_list":["post-516","page","type-page","status-publish","hentry"],"yoast_head":"<!-- This site is optimized with the Yoast SEO plugin v27.4 - https:\/\/yoast.com\/product\/yoast-seo-wordpress\/ -->\n<title>Anmeldung - 9. Internationales Symposium Uroonkologie<\/title>\n<meta name=\"robots\" content=\"index, follow, max-snippet:-1, max-image-preview:large, max-video-preview:-1\" \/>\n<link rel=\"canonical\" href=\"https:\/\/www.isuo.eu\/2026\/anmeldung\/\" \/>\n<meta property=\"og:locale\" content=\"de_DE\" \/>\n<meta property=\"og:type\" content=\"article\" \/>\n<meta property=\"og:title\" content=\"Anmeldung - 9. Internationales Symposium Uroonkologie\" \/>\n<meta property=\"og:description\" content=\"Anmeldung Anmeldung hier ab 06.05.2024 m\u00f6glich Anmeldung beginnen Teilnahmegeb\u00fchren Geb\u00fchren PR\u00c4SENZ Facharzt (m\/w\/d) 285,00 \u20ac Assistenzarzt (m\/w\/d) 160,00 \u20ac Student (m\/w\/d) kostenfrei (mit Nachweis) Mitarbeiter Unikliniken (Urologie) K\u00f6ln (m\/w\/d) kostenfrei (mit Nachweis) VIRTUELL * Facharzt (m\/w\/d) 175,00 \u20ac Assistenzarzt (m\/w\/d) 105,00 \u20ac Student (m\/w\/d) kostenfrei (mit Nachweis) Mitarbeiter Unikliniken (Urologie) K\u00f6ln (m\/w\/d) kostenfrei (mit Nachweis) [&hellip;]\" \/>\n<meta property=\"og:url\" content=\"https:\/\/www.isuo.eu\/2026\/anmeldung\/\" \/>\n<meta property=\"og:site_name\" content=\"9. Internationales Symposium Uroonkologie\" \/>\n<meta property=\"article:modified_time\" content=\"2025-11-17T13:45:09+00:00\" \/>\n<meta name=\"twitter:card\" content=\"summary_large_image\" \/>\n<meta name=\"twitter:label1\" content=\"Gesch\u00e4tzte Lesezeit\" \/>\n\t<meta name=\"twitter:data1\" content=\"1\u00a0Minute\" \/>\n<script type=\"application\/ld+json\" class=\"yoast-schema-graph\">{\"@context\":\"https:\\\/\\\/schema.org\",\"@graph\":[{\"@type\":\"WebPage\",\"@id\":\"https:\\\/\\\/www.isuo.eu\\\/2026\\\/anmeldung\\\/\",\"url\":\"https:\\\/\\\/www.isuo.eu\\\/2026\\\/anmeldung\\\/\",\"name\":\"Anmeldung - 9. Internationales Symposium Uroonkologie\",\"isPartOf\":{\"@id\":\"https:\\\/\\\/www.isuo.eu\\\/2026\\\/#website\"},\"datePublished\":\"2022-06-08T13:15:22+00:00\",\"dateModified\":\"2025-11-17T13:45:09+00:00\",\"breadcrumb\":{\"@id\":\"https:\\\/\\\/www.isuo.eu\\\/2026\\\/anmeldung\\\/#breadcrumb\"},\"inLanguage\":\"de\",\"potentialAction\":[{\"@type\":\"ReadAction\",\"target\":[\"https:\\\/\\\/www.isuo.eu\\\/2026\\\/anmeldung\\\/\"]}]},{\"@type\":\"BreadcrumbList\",\"@id\":\"https:\\\/\\\/www.isuo.eu\\\/2026\\\/anmeldung\\\/#breadcrumb\",\"itemListElement\":[{\"@type\":\"ListItem\",\"position\":1,\"name\":\"Startseite\",\"item\":\"https:\\\/\\\/www.isuo.eu\\\/2026\\\/\"},{\"@type\":\"ListItem\",\"position\":2,\"name\":\"Anmeldung\"}]},{\"@type\":\"WebSite\",\"@id\":\"https:\\\/\\\/www.isuo.eu\\\/2026\\\/#website\",\"url\":\"https:\\\/\\\/www.isuo.eu\\\/2026\\\/\",\"name\":\"9. Internationales Symposium Uroonkologie\",\"description\":\"27. und 28. November 2026, K\u00f6ln\",\"publisher\":{\"@id\":\"https:\\\/\\\/www.isuo.eu\\\/2026\\\/#organization\"},\"potentialAction\":[{\"@type\":\"SearchAction\",\"target\":{\"@type\":\"EntryPoint\",\"urlTemplate\":\"https:\\\/\\\/www.isuo.eu\\\/2026\\\/?s={search_term_string}\"},\"query-input\":{\"@type\":\"PropertyValueSpecification\",\"valueRequired\":true,\"valueName\":\"search_term_string\"}}],\"inLanguage\":\"de\"},{\"@type\":\"Organization\",\"@id\":\"https:\\\/\\\/www.isuo.eu\\\/2026\\\/#organization\",\"name\":\"9. Internationales Symposium Uroonkologie\",\"url\":\"https:\\\/\\\/www.isuo.eu\\\/2026\\\/\",\"logo\":{\"@type\":\"ImageObject\",\"inLanguage\":\"de\",\"@id\":\"https:\\\/\\\/www.isuo.eu\\\/2026\\\/#\\\/schema\\\/logo\\\/image\\\/\",\"url\":\"https:\\\/\\\/www.isuo.eu\\\/2026\\\/wp-content\\\/uploads\\\/logo_2025.png\",\"contentUrl\":\"https:\\\/\\\/www.isuo.eu\\\/2026\\\/wp-content\\\/uploads\\\/logo_2025.png\",\"width\":492,\"height\":500,\"caption\":\"9. Internationales Symposium Uroonkologie\"},\"image\":{\"@id\":\"https:\\\/\\\/www.isuo.eu\\\/2026\\\/#\\\/schema\\\/logo\\\/image\\\/\"}}]}<\/script>\n<!-- \/ Yoast SEO plugin. -->","yoast_head_json":{"title":"Anmeldung - 9. Internationales Symposium Uroonkologie","robots":{"index":"index","follow":"follow","max-snippet":"max-snippet:-1","max-image-preview":"max-image-preview:large","max-video-preview":"max-video-preview:-1"},"canonical":"https:\/\/www.isuo.eu\/2026\/anmeldung\/","og_locale":"de_DE","og_type":"article","og_title":"Anmeldung - 9. Internationales Symposium Uroonkologie","og_description":"Anmeldung Anmeldung hier ab 06.05.2024 m\u00f6glich Anmeldung beginnen Teilnahmegeb\u00fchren Geb\u00fchren PR\u00c4SENZ Facharzt (m\/w\/d) 285,00 \u20ac Assistenzarzt (m\/w\/d) 160,00 \u20ac Student (m\/w\/d) kostenfrei (mit Nachweis) Mitarbeiter Unikliniken (Urologie) K\u00f6ln (m\/w\/d) kostenfrei (mit Nachweis) VIRTUELL * Facharzt (m\/w\/d) 175,00 \u20ac Assistenzarzt (m\/w\/d) 105,00 \u20ac Student (m\/w\/d) kostenfrei (mit Nachweis) Mitarbeiter Unikliniken (Urologie) K\u00f6ln (m\/w\/d) kostenfrei (mit Nachweis) [&hellip;]","og_url":"https:\/\/www.isuo.eu\/2026\/anmeldung\/","og_site_name":"9. Internationales Symposium Uroonkologie","article_modified_time":"2025-11-17T13:45:09+00:00","twitter_card":"summary_large_image","twitter_misc":{"Gesch\u00e4tzte Lesezeit":"1\u00a0Minute"},"schema":{"@context":"https:\/\/schema.org","@graph":[{"@type":"WebPage","@id":"https:\/\/www.isuo.eu\/2026\/anmeldung\/","url":"https:\/\/www.isuo.eu\/2026\/anmeldung\/","name":"Anmeldung - 9. Internationales Symposium Uroonkologie","isPartOf":{"@id":"https:\/\/www.isuo.eu\/2026\/#website"},"datePublished":"2022-06-08T13:15:22+00:00","dateModified":"2025-11-17T13:45:09+00:00","breadcrumb":{"@id":"https:\/\/www.isuo.eu\/2026\/anmeldung\/#breadcrumb"},"inLanguage":"de","potentialAction":[{"@type":"ReadAction","target":["https:\/\/www.isuo.eu\/2026\/anmeldung\/"]}]},{"@type":"BreadcrumbList","@id":"https:\/\/www.isuo.eu\/2026\/anmeldung\/#breadcrumb","itemListElement":[{"@type":"ListItem","position":1,"name":"Startseite","item":"https:\/\/www.isuo.eu\/2026\/"},{"@type":"ListItem","position":2,"name":"Anmeldung"}]},{"@type":"WebSite","@id":"https:\/\/www.isuo.eu\/2026\/#website","url":"https:\/\/www.isuo.eu\/2026\/","name":"9. Internationales Symposium Uroonkologie","description":"27. und 28. November 2026, K\u00f6ln","publisher":{"@id":"https:\/\/www.isuo.eu\/2026\/#organization"},"potentialAction":[{"@type":"SearchAction","target":{"@type":"EntryPoint","urlTemplate":"https:\/\/www.isuo.eu\/2026\/?s={search_term_string}"},"query-input":{"@type":"PropertyValueSpecification","valueRequired":true,"valueName":"search_term_string"}}],"inLanguage":"de"},{"@type":"Organization","@id":"https:\/\/www.isuo.eu\/2026\/#organization","name":"9. Internationales Symposium Uroonkologie","url":"https:\/\/www.isuo.eu\/2026\/","logo":{"@type":"ImageObject","inLanguage":"de","@id":"https:\/\/www.isuo.eu\/2026\/#\/schema\/logo\/image\/","url":"https:\/\/www.isuo.eu\/2026\/wp-content\/uploads\/logo_2025.png","contentUrl":"https:\/\/www.isuo.eu\/2026\/wp-content\/uploads\/logo_2025.png","width":492,"height":500,"caption":"9. Internationales Symposium Uroonkologie"},"image":{"@id":"https:\/\/www.isuo.eu\/2026\/#\/schema\/logo\/image\/"}}]}},"_links":{"self":[{"href":"https:\/\/www.isuo.eu\/2026\/wp-json\/wp\/v2\/pages\/516","targetHints":{"allow":["GET"]}}],"collection":[{"href":"https:\/\/www.isuo.eu\/2026\/wp-json\/wp\/v2\/pages"}],"about":[{"href":"https:\/\/www.isuo.eu\/2026\/wp-json\/wp\/v2\/types\/page"}],"author":[{"embeddable":true,"href":"https:\/\/www.isuo.eu\/2026\/wp-json\/wp\/v2\/users\/5"}],"replies":[{"embeddable":true,"href":"https:\/\/www.isuo.eu\/2026\/wp-json\/wp\/v2\/comments?post=516"}],"version-history":[{"count":3,"href":"https:\/\/www.isuo.eu\/2026\/wp-json\/wp\/v2\/pages\/516\/revisions"}],"predecessor-version":[{"id":2710,"href":"https:\/\/www.isuo.eu\/2026\/wp-json\/wp\/v2\/pages\/516\/revisions\/2710"}],"wp:attachment":[{"href":"https:\/\/www.isuo.eu\/2026\/wp-json\/wp\/v2\/media?parent=516"}],"curies":[{"name":"wp","href":"https:\/\/api.w.org\/{rel}","templated":true}]}}