{"id":416,"date":"2022-06-08T11:15:58","date_gmt":"2022-06-08T09:15:58","guid":{"rendered":"https:\/\/www.isuo.eu\/2024\/?page_id=416"},"modified":"2024-08-09T08:13:33","modified_gmt":"2024-08-09T06:13:33","slug":"save-the-date","status":"publish","type":"page","link":"https:\/\/www.isuo.eu\/2024\/","title":{"rendered":"Willkommen"},"content":{"rendered":"\t\t<div data-elementor-type=\"wp-page\" data-elementor-id=\"416\" class=\"elementor elementor-416\" data-elementor-post-type=\"page\">\n\t\t\t\t\t\t<section data-particle_enable=\"false\" data-particle-mobile-disabled=\"false\" class=\"elementor-section elementor-top-section elementor-element elementor-element-481c6122 elementor-section-content-middle elementor-section-full_width elementor-section-height-default elementor-section-height-default\" data-id=\"481c6122\" data-element_type=\"section\">\n\t\t\t\t\t\t<div class=\"elementor-container elementor-column-gap-no\">\n\t\t\t\t\t<div class=\"elementor-column elementor-col-100 elementor-top-column elementor-element elementor-element-19c10292\" data-id=\"19c10292\" data-element_type=\"column\">\n\t\t\t<div class=\"elementor-widget-wrap elementor-element-populated\">\n\t\t\t\t\t\t<section data-particle_enable=\"false\" data-particle-mobile-disabled=\"false\" class=\"elementor-section elementor-inner-section elementor-element elementor-element-3e7c5f3 elementor-section-full_width elementor-section-height-default elementor-section-height-default\" data-id=\"3e7c5f3\" data-element_type=\"section\">\n\t\t\t\t\t\t<div class=\"elementor-container elementor-column-gap-default\">\n\t\t\t\t\t<div class=\"elementor-column elementor-col-33 elementor-inner-column elementor-element elementor-element-292b81f\" data-id=\"292b81f\" data-element_type=\"column\">\n\t\t\t<div class=\"elementor-widget-wrap elementor-element-populated\">\n\t\t\t\t\t\t<div class=\"elementor-element elementor-element-6eb5cd0 elementor-align-center elementor-invisible elementor-widget elementor-widget-button\" data-id=\"6eb5cd0\" data-element_type=\"widget\" data-settings=\"{&quot;_animation&quot;:&quot;fadeInDown&quot;}\" data-widget_type=\"button.default\">\n\t\t\t\t<div class=\"elementor-widget-container\">\n\t\t\t\t\t\t\t\t\t<div class=\"elementor-button-wrapper\">\n\t\t\t\t\t<a class=\"elementor-button elementor-button-link elementor-size-lg\" href=\"https:\/\/www.isuo.eu\/2024\/anmeldung\/\">\n\t\t\t\t\t\t<span class=\"elementor-button-content-wrapper\">\n\t\t\t\t\t\t\t\t\t<span class=\"elementor-button-text\">Anmeldung<\/span>\n\t\t\t\t\t<\/span>\n\t\t\t\t\t<\/a>\n\t\t\t\t<\/div>\n\t\t\t\t\t\t\t\t<\/div>\n\t\t\t\t<\/div>\n\t\t\t\t\t<\/div>\n\t\t<\/div>\n\t\t\t\t<div class=\"elementor-column elementor-col-33 elementor-inner-column elementor-element elementor-element-35e6b8b\" data-id=\"35e6b8b\" data-element_type=\"column\">\n\t\t\t<div class=\"elementor-widget-wrap elementor-element-populated\">\n\t\t\t\t\t\t<div class=\"elementor-element elementor-element-c7f4059 elementor-align-center elementor-invisible elementor-widget elementor-widget-button\" data-id=\"c7f4059\" data-element_type=\"widget\" data-settings=\"{&quot;_animation&quot;:&quot;fadeInDown&quot;}\" data-widget_type=\"button.default\">\n\t\t\t\t<div class=\"elementor-widget-container\">\n\t\t\t\t\t\t\t\t\t<div class=\"elementor-button-wrapper\">\n\t\t\t\t\t<a class=\"elementor-button elementor-button-link elementor-size-lg\" href=\"https:\/\/www.isuo.eu\/2024\/wp-content\/uploads\/Termin-ISUO-2024.ics\">\n\t\t\t\t\t\t<span class=\"elementor-button-content-wrapper\">\n\t\t\t\t\t\t\t\t\t<span class=\"elementor-button-text\">Termin speichern<\/span>\n\t\t\t\t\t<\/span>\n\t\t\t\t\t<\/a>\n\t\t\t\t<\/div>\n\t\t\t\t\t\t\t\t<\/div>\n\t\t\t\t<\/div>\n\t\t\t\t\t<\/div>\n\t\t<\/div>\n\t\t\t\t<div class=\"elementor-column elementor-col-33 elementor-inner-column elementor-element elementor-element-9fea21a\" data-id=\"9fea21a\" data-element_type=\"column\">\n\t\t\t<div class=\"elementor-widget-wrap elementor-element-populated\">\n\t\t\t\t\t\t<div class=\"elementor-element elementor-element-9001593 elementor-align-center elementor-invisible elementor-widget elementor-widget-button\" data-id=\"9001593\" data-element_type=\"widget\" data-settings=\"{&quot;_animation&quot;:&quot;fadeInDown&quot;}\" data-widget_type=\"button.default\">\n\t\t\t\t<div class=\"elementor-widget-container\">\n\t\t\t\t\t\t\t\t\t<div class=\"elementor-button-wrapper\">\n\t\t\t\t\t<a class=\"elementor-button elementor-button-link elementor-size-lg\" href=\"https:\/\/www.isuo.eu\/2024\/programm\/\" target=\"_blank\">\n\t\t\t\t\t\t<span class=\"elementor-button-content-wrapper\">\n\t\t\t\t\t\t\t\t\t<span class=\"elementor-button-text\">Programm<\/span>\n\t\t\t\t\t<\/span>\n\t\t\t\t\t<\/a>\n\t\t\t\t<\/div>\n\t\t\t\t\t\t\t\t<\/div>\n\t\t\t\t<\/div>\n\t\t\t\t\t<\/div>\n\t\t<\/div>\n\t\t\t\t\t<\/div>\n\t\t<\/section>\n\t\t\t\t\t<\/div>\n\t\t<\/div>\n\t\t\t\t\t<\/div>\n\t\t<\/section>\n\t\t\t\t<section data-particle_enable=\"false\" data-particle-mobile-disabled=\"false\" class=\"elementor-section elementor-top-section elementor-element elementor-element-7223ae1 elementor-section-full_width elementor-section-height-default elementor-section-height-default\" data-id=\"7223ae1\" data-element_type=\"section\">\n\t\t\t\t\t\t<div class=\"elementor-container elementor-column-gap-default\">\n\t\t\t\t\t<div class=\"elementor-column elementor-col-50 elementor-top-column elementor-element elementor-element-0f5cd51\" data-id=\"0f5cd51\" data-element_type=\"column\">\n\t\t\t<div class=\"elementor-widget-wrap elementor-element-populated\">\n\t\t\t\t\t\t<div class=\"elementor-element elementor-element-5eba910 elementor-widget elementor-widget-heading\" data-id=\"5eba910\" data-element_type=\"widget\" data-widget_type=\"heading.default\">\n\t\t\t\t<div class=\"elementor-widget-container\">\n\t\t\t\t\t<h2 class=\"elementor-heading-title elementor-size-default\">Willkommen<\/h2>\t\t\t\t<\/div>\n\t\t\t\t<\/div>\n\t\t\t\t\t<\/div>\n\t\t<\/div>\n\t\t\t\t<div class=\"elementor-column elementor-col-50 elementor-top-column elementor-element elementor-element-9f7138d\" data-id=\"9f7138d\" data-element_type=\"column\">\n\t\t\t<div class=\"elementor-widget-wrap elementor-element-populated\">\n\t\t\t\t\t\t<div class=\"elementor-element elementor-element-69f8060 elementor-widget elementor-widget-shortcode\" data-id=\"69f8060\" data-element_type=\"widget\" data-widget_type=\"shortcode.default\">\n\t\t\t\t<div class=\"elementor-widget-container\">\n\t\t\t\t\t\t\t<div class=\"elementor-shortcode\"><a href=\".\/welcome\"><svg xmlns=\"http:\/\/www.w3.org\/2000\/svg\" xmlns:xlink=\"http:\/\/www.w3.org\/1999\/xlink\" width=\"40\" zoomAndPan=\"magnify\" viewBox=\"0 0 30 30.000001\" height=\"40\" preserveAspectRatio=\"xMidYMid meet\" version=\"1.0\"><defs><clipPath id=\"id1\"><path d=\"M 2.511719 6.402344 L 27.191406 6.402344 L 27.191406 24.546875 L 2.511719 24.546875 Z M 2.511719 6.402344 \" clip-rule=\"nonzero\"\/><\/clipPath><\/defs><g clip-path=\"url(#id1)\"><path fill=\"rgb(0%, 14.118958%, 49.01886%)\" d=\"M 2.519531 9.234375 L 2.519531 11.984375 L 6.375 11.984375 Z M 5.714844 24.546875 L 11.425781 24.546875 L 11.425781 20.472656 Z M 18.277344 20.472656 L 18.277344 24.546875 L 23.984375 24.546875 Z M 2.519531 18.964844 L 2.519531 21.714844 L 6.378906 18.964844 Z M 23.988281 6.402344 L 18.277344 6.402344 L 18.277344 10.472656 Z M 27.183594 21.714844 L 27.183594 18.964844 L 23.324219 18.964844 Z M 27.183594 11.984375 L 27.183594 9.234375 L 23.324219 11.984375 Z M 11.425781 6.402344 L 5.714844 6.402344 L 11.425781 10.472656 Z M 11.425781 6.402344 \" fill-opacity=\"1\" fill-rule=\"nonzero\"\/><path fill=\"rgb(81.17981%, 10.5896%, 16.859436%)\" d=\"M 19.742188 18.964844 L 26.394531 23.710938 C 26.71875 23.375 26.949219 22.953125 27.074219 22.488281 L 22.132812 18.964844 Z M 11.425781 18.964844 L 9.960938 18.964844 L 3.304688 23.707031 C 3.664062 24.078125 4.121094 24.34375 4.632812 24.464844 L 11.425781 19.621094 Z M 18.277344 11.984375 L 19.742188 11.984375 L 26.394531 7.238281 C 26.039062 6.867188 25.582031 6.605469 25.070312 6.480469 L 18.277344 11.324219 Z M 9.960938 11.984375 L 3.304688 7.238281 C 2.984375 7.574219 2.753906 7.992188 2.628906 8.460938 L 7.570312 11.984375 Z M 9.960938 11.984375 \" fill-opacity=\"1\" fill-rule=\"nonzero\"\/><path fill=\"rgb(93.328857%, 93.328857%, 93.328857%)\" d=\"M 27.183594 17.566406 L 16.90625 17.566406 L 16.90625 24.546875 L 18.277344 24.546875 L 18.277344 20.472656 L 23.984375 24.546875 L 24.441406 24.546875 C 25.207031 24.546875 25.898438 24.222656 26.394531 23.710938 L 19.742188 18.964844 L 22.132812 18.964844 L 27.074219 22.488281 C 27.136719 22.253906 27.183594 22.011719 27.183594 21.753906 L 27.183594 21.714844 L 23.324219 18.964844 L 27.183594 18.964844 Z M 2.519531 17.566406 L 2.519531 18.964844 L 6.378906 18.964844 L 2.519531 21.714844 L 2.519531 21.753906 C 2.519531 22.515625 2.820312 23.203125 3.304688 23.707031 L 9.960938 18.964844 L 11.425781 18.964844 L 11.425781 19.621094 L 4.632812 24.464844 C 4.835938 24.515625 5.042969 24.546875 5.261719 24.546875 L 5.714844 24.546875 L 11.425781 20.472656 L 11.425781 24.546875 L 12.796875 24.546875 L 12.796875 17.566406 Z M 27.183594 9.191406 C 27.183594 8.429688 26.882812 7.742188 26.394531 7.238281 L 19.742188 11.984375 L 18.277344 11.984375 L 18.277344 11.324219 L 25.070312 6.480469 C 24.867188 6.433594 24.660156 6.402344 24.441406 6.402344 L 23.988281 6.402344 L 18.277344 10.472656 L 18.277344 6.402344 L 16.90625 6.402344 L 16.90625 13.378906 L 27.183594 13.378906 L 27.183594 11.984375 L 23.324219 11.984375 L 27.183594 9.234375 Z M 11.425781 6.402344 L 11.425781 10.472656 L 5.714844 6.402344 L 5.261719 6.402344 C 4.496094 6.402344 3.804688 6.722656 3.304688 7.238281 L 9.960938 11.984375 L 7.570312 11.984375 L 2.628906 8.460938 C 2.566406 8.695312 2.519531 8.9375 2.519531 9.191406 L 2.519531 9.234375 L 6.375 11.984375 L 2.519531 11.984375 L 2.519531 13.378906 L 12.796875 13.378906 L 12.796875 6.402344 Z M 11.425781 6.402344 \" fill-opacity=\"1\" fill-rule=\"nonzero\"\/><path fill=\"rgb(81.17981%, 10.5896%, 16.859436%)\" d=\"M 16.90625 13.378906 L 16.90625 6.402344 L 12.796875 6.402344 L 12.796875 13.378906 L 2.519531 13.378906 L 2.519531 17.566406 L 12.796875 17.566406 L 12.796875 24.546875 L 16.90625 24.546875 L 16.90625 17.566406 L 27.183594 17.566406 L 27.183594 13.378906 Z M 16.90625 13.378906 \" fill-opacity=\"1\" fill-rule=\"nonzero\"\/><\/g><\/svg><\/a><\/div>\n\t\t\t\t\t\t<\/div>\n\t\t\t\t<\/div>\n\t\t\t\t\t<\/div>\n\t\t<\/div>\n\t\t\t\t\t<\/div>\n\t\t<\/section>\n\t\t\t\t<section data-particle_enable=\"false\" data-particle-mobile-disabled=\"false\" class=\"elementor-section elementor-top-section elementor-element elementor-element-d942992 elementor-section-content-middle elementor-section-full_width elementor-section-height-default elementor-section-height-default\" data-id=\"d942992\" data-element_type=\"section\">\n\t\t\t\t\t\t<div class=\"elementor-container elementor-column-gap-no\">\n\t\t\t\t\t<div class=\"elementor-column elementor-col-100 elementor-top-column elementor-element elementor-element-c855cad\" data-id=\"c855cad\" data-element_type=\"column\">\n\t\t\t<div class=\"elementor-widget-wrap elementor-element-populated\">\n\t\t\t\t\t\t<div class=\"elementor-element elementor-element-bfc2098 elementor-widget elementor-widget-text-editor\" data-id=\"bfc2098\" data-element_type=\"widget\" data-widget_type=\"text-editor.default\">\n\t\t\t\t<div class=\"elementor-widget-container\">\n\t\t\t\t\t\t\t\t\t<p><strong><span role=\"presentation\" dir=\"ltr\">Liebe Kollegin, lieber Kollege,<\/span><\/strong><\/p><p>hiermit m\u00f6chten wir Sie sehr herzlich zur 7. Auflage des Internationalen Symposiums f\u00fcr urologische Onkologie (ISUO24) am 6. und 7. Dezember 2024 nach Magdeburg einladen. Die regelm\u00e4\u00dfige Veranstaltung findet abwechselnd in K\u00f6ln und Magdeburg statt.<\/p><p>Die wichtigsten Themen des aktuellen Jahres rund um alle urologischen Tumore werden in Fall-, Pro- und Contra-, sowie Panel-Diskussionen, State-of-the-Art-Vortr\u00e4gen, Semi-Live-Videos u.v.m. von namhaften nationalen und internationalen Referenten ausf\u00fchrlich besprochen. Wir haben vor allem jene Themen rund um Operationen, die Strahlentherapie und medikament\u00f6se Therapie ausgew\u00e4hlt, die in der aktuellen Praxis der Behandlung urologischer Tumore am meisten Bedeutung haben.<\/p><p>Das Symposium findet hybrid und zweisprachig mit Simultan\u00fcbersetzung statt, so dass Sie alle Informationen ohne Verlust verfolgen k\u00f6nnen.<\/p><p>Wir freuen uns auf Ihre aktive Teilnahme, fruchtbare Diskussionen und nat\u00fcrlich das pers\u00f6nliche Wiedersehen der uroonkologischen Community.<\/p><p>Bis dahin verbleiben wir mit besten Gr\u00fc\u00dfen, Ihre<\/p>\t\t\t\t\t\t\t\t<\/div>\n\t\t\t\t<\/div>\n\t\t\t\t<section data-particle_enable=\"false\" data-particle-mobile-disabled=\"false\" class=\"elementor-section elementor-inner-section elementor-element elementor-element-5bce435 elementor-section-full_width elementor-section-height-default elementor-section-height-default\" data-id=\"5bce435\" data-element_type=\"section\">\n\t\t\t\t\t\t<div class=\"elementor-container elementor-column-gap-default\">\n\t\t\t\t\t<div class=\"elementor-column elementor-col-50 elementor-inner-column elementor-element elementor-element-5d1570a\" data-id=\"5d1570a\" data-element_type=\"column\">\n\t\t\t<div class=\"elementor-widget-wrap elementor-element-populated\">\n\t\t\t\t\t\t<div class=\"elementor-element elementor-element-2650a7f elementor-widget elementor-widget-text-editor\" data-id=\"2650a7f\" data-element_type=\"widget\" data-widget_type=\"text-editor.default\">\n\t\t\t\t<div class=\"elementor-widget-container\">\n\t\t\t\t\t\t\t\t\t<p><strong><span role=\"presentation\" dir=\"ltr\">Prof. Dr. med.<\/span><\/strong><br role=\"presentation\" \/><strong><span role=\"presentation\" dir=\"ltr\">Martin Schostak<\/span><\/strong><span class=\"markedContent\"><\/span><br role=\"presentation\" \/><span role=\"presentation\" dir=\"ltr\">Direktor der Klinik f\u00fcr<\/span><span class=\"markedContent\"><\/span><span role=\"presentation\" dir=\"ltr\"> <\/span><span role=\"presentation\" dir=\"ltr\">Urologie,<\/span><br role=\"presentation\" \/><span role=\"presentation\" dir=\"ltr\">Uro-Onkologie, robotergest\u00fctzte<\/span><br role=\"presentation\" \/><span role=\"presentation\" dir=\"ltr\">und fokale Therapie<\/span><br role=\"presentation\" \/><span role=\"presentation\" dir=\"ltr\">Universit\u00e4tsklinikum Magdeburg<\/span><\/p>\t\t\t\t\t\t\t\t<\/div>\n\t\t\t\t<\/div>\n\t\t\t\t\t<\/div>\n\t\t<\/div>\n\t\t\t\t<div class=\"elementor-column elementor-col-50 elementor-inner-column elementor-element elementor-element-f718fec\" data-id=\"f718fec\" data-element_type=\"column\">\n\t\t\t<div class=\"elementor-widget-wrap elementor-element-populated\">\n\t\t\t\t\t\t<div class=\"elementor-element elementor-element-29da497 elementor-widget elementor-widget-text-editor\" data-id=\"29da497\" data-element_type=\"widget\" data-widget_type=\"text-editor.default\">\n\t\t\t\t<div class=\"elementor-widget-container\">\n\t\t\t\t\t\t\t\t\t<p><strong><span role=\"presentation\" dir=\"ltr\"><\/span><\/strong><span role=\"presentation\" dir=\"ltr\"><strong>Prof. Dr. med. Dr. h.c<\/strong><br role=\"presentation\" \/><strong>Axel Heidenreich<\/strong><br role=\"presentation\" \/>Direktor der Klinik f\u00fcr Urologie,<br role=\"presentation\" \/>Uro-Onkologie, spezielle urologische<br role=\"presentation\" \/>und roboter-assistierte Chirurgie<br role=\"presentation\" \/>Universit\u00e4tsklinikum K\u00f6ln<\/span><\/p>\t\t\t\t\t\t\t\t<\/div>\n\t\t\t\t<\/div>\n\t\t\t\t\t<\/div>\n\t\t<\/div>\n\t\t\t\t\t<\/div>\n\t\t<\/section>\n\t\t\t\t\t<\/div>\n\t\t<\/div>\n\t\t\t\t\t<\/div>\n\t\t<\/section>\n\t\t\t\t<\/div>\n\t\t","protected":false},"excerpt":{"rendered":"<p>Anmeldung Termin speichern Programm Willkommen Liebe Kollegin, lieber Kollege, hiermit m\u00f6chten wir Sie sehr herzlich zur 7. Auflage des Internationalen Symposiums f\u00fcr urologische Onkologie (ISUO24) am 6. und 7. Dezember 2024 nach Magdeburg einladen. Die regelm\u00e4\u00dfige Veranstaltung findet abwechselnd in K\u00f6ln und Magdeburg statt. Die wichtigsten Themen des aktuellen Jahres rund um alle urologischen Tumore [&hellip;]<\/p>\n","protected":false},"author":5,"featured_media":0,"parent":0,"menu_order":0,"comment_status":"closed","ping_status":"closed","template":"elementor_theme","meta":{"footnotes":""},"class_list":["post-416","page","type-page","status-publish","hentry"],"yoast_head":"<!-- This site is optimized with the Yoast SEO plugin v26.7 - https:\/\/yoast.com\/wordpress\/plugins\/seo\/ -->\n<title>Willkommen - 7. Internationales Symposium Uroonkologie<\/title>\n<meta name=\"robots\" content=\"index, follow, max-snippet:-1, max-image-preview:large, max-video-preview:-1\" \/>\n<link rel=\"canonical\" href=\"https:\/\/www.isuo.eu\/2024\/\" \/>\n<meta property=\"og:locale\" content=\"de_DE\" \/>\n<meta property=\"og:type\" content=\"article\" \/>\n<meta property=\"og:title\" content=\"Willkommen - 7. Internationales Symposium Uroonkologie\" \/>\n<meta property=\"og:description\" content=\"Anmeldung Termin speichern Programm Willkommen Liebe Kollegin, lieber Kollege, hiermit m\u00f6chten wir Sie sehr herzlich zur 7. Auflage des Internationalen Symposiums f\u00fcr urologische Onkologie (ISUO24) am 6. und 7. Dezember 2024 nach Magdeburg einladen. Die regelm\u00e4\u00dfige Veranstaltung findet abwechselnd in K\u00f6ln und Magdeburg statt. Die wichtigsten Themen des aktuellen Jahres rund um alle urologischen Tumore [&hellip;]\" \/>\n<meta property=\"og:url\" content=\"https:\/\/www.isuo.eu\/2024\/\" \/>\n<meta property=\"og:site_name\" content=\"7. Internationales Symposium Uroonkologie\" \/>\n<meta property=\"article:modified_time\" content=\"2024-08-09T06:13:33+00:00\" \/>\n<meta name=\"twitter:card\" content=\"summary_large_image\" \/>\n<meta name=\"twitter:label1\" content=\"Gesch\u00e4tzte Lesezeit\" \/>\n\t<meta name=\"twitter:data1\" content=\"1\u00a0Minute\" \/>\n<script type=\"application\/ld+json\" class=\"yoast-schema-graph\">{\"@context\":\"https:\/\/schema.org\",\"@graph\":[{\"@type\":\"WebPage\",\"@id\":\"https:\/\/www.isuo.eu\/2024\/\",\"url\":\"https:\/\/www.isuo.eu\/2024\/\",\"name\":\"Willkommen - 7. Internationales Symposium Uroonkologie\",\"isPartOf\":{\"@id\":\"https:\/\/www.isuo.eu\/2024\/#website\"},\"datePublished\":\"2022-06-08T09:15:58+00:00\",\"dateModified\":\"2024-08-09T06:13:33+00:00\",\"breadcrumb\":{\"@id\":\"https:\/\/www.isuo.eu\/2024\/#breadcrumb\"},\"inLanguage\":\"de\",\"potentialAction\":[{\"@type\":\"ReadAction\",\"target\":[\"https:\/\/www.isuo.eu\/2024\/\"]}]},{\"@type\":\"BreadcrumbList\",\"@id\":\"https:\/\/www.isuo.eu\/2024\/#breadcrumb\",\"itemListElement\":[{\"@type\":\"ListItem\",\"position\":1,\"name\":\"Startseite\",\"item\":\"https:\/\/www.isuo.eu\/2024\/\"},{\"@type\":\"ListItem\",\"position\":2,\"name\":\"Willkommen\"}]},{\"@type\":\"WebSite\",\"@id\":\"https:\/\/www.isuo.eu\/2024\/#website\",\"url\":\"https:\/\/www.isuo.eu\/2024\/\",\"name\":\"7. Internationales Symposium Uroonkologie\",\"description\":\"6. und 7. Dezember 2024, Magdeburg\",\"potentialAction\":[{\"@type\":\"SearchAction\",\"target\":{\"@type\":\"EntryPoint\",\"urlTemplate\":\"https:\/\/www.isuo.eu\/2024\/?s={search_term_string}\"},\"query-input\":{\"@type\":\"PropertyValueSpecification\",\"valueRequired\":true,\"valueName\":\"search_term_string\"}}],\"inLanguage\":\"de\"}]}<\/script>\n<!-- \/ Yoast SEO plugin. -->","yoast_head_json":{"title":"Willkommen - 7. Internationales Symposium Uroonkologie","robots":{"index":"index","follow":"follow","max-snippet":"max-snippet:-1","max-image-preview":"max-image-preview:large","max-video-preview":"max-video-preview:-1"},"canonical":"https:\/\/www.isuo.eu\/2024\/","og_locale":"de_DE","og_type":"article","og_title":"Willkommen - 7. Internationales Symposium Uroonkologie","og_description":"Anmeldung Termin speichern Programm Willkommen Liebe Kollegin, lieber Kollege, hiermit m\u00f6chten wir Sie sehr herzlich zur 7. Auflage des Internationalen Symposiums f\u00fcr urologische Onkologie (ISUO24) am 6. und 7. Dezember 2024 nach Magdeburg einladen. Die regelm\u00e4\u00dfige Veranstaltung findet abwechselnd in K\u00f6ln und Magdeburg statt. Die wichtigsten Themen des aktuellen Jahres rund um alle urologischen Tumore [&hellip;]","og_url":"https:\/\/www.isuo.eu\/2024\/","og_site_name":"7. Internationales Symposium Uroonkologie","article_modified_time":"2024-08-09T06:13:33+00:00","twitter_card":"summary_large_image","twitter_misc":{"Gesch\u00e4tzte Lesezeit":"1\u00a0Minute"},"schema":{"@context":"https:\/\/schema.org","@graph":[{"@type":"WebPage","@id":"https:\/\/www.isuo.eu\/2024\/","url":"https:\/\/www.isuo.eu\/2024\/","name":"Willkommen - 7. Internationales Symposium Uroonkologie","isPartOf":{"@id":"https:\/\/www.isuo.eu\/2024\/#website"},"datePublished":"2022-06-08T09:15:58+00:00","dateModified":"2024-08-09T06:13:33+00:00","breadcrumb":{"@id":"https:\/\/www.isuo.eu\/2024\/#breadcrumb"},"inLanguage":"de","potentialAction":[{"@type":"ReadAction","target":["https:\/\/www.isuo.eu\/2024\/"]}]},{"@type":"BreadcrumbList","@id":"https:\/\/www.isuo.eu\/2024\/#breadcrumb","itemListElement":[{"@type":"ListItem","position":1,"name":"Startseite","item":"https:\/\/www.isuo.eu\/2024\/"},{"@type":"ListItem","position":2,"name":"Willkommen"}]},{"@type":"WebSite","@id":"https:\/\/www.isuo.eu\/2024\/#website","url":"https:\/\/www.isuo.eu\/2024\/","name":"7. Internationales Symposium Uroonkologie","description":"6. und 7. Dezember 2024, Magdeburg","potentialAction":[{"@type":"SearchAction","target":{"@type":"EntryPoint","urlTemplate":"https:\/\/www.isuo.eu\/2024\/?s={search_term_string}"},"query-input":{"@type":"PropertyValueSpecification","valueRequired":true,"valueName":"search_term_string"}}],"inLanguage":"de"}]}},"_links":{"self":[{"href":"https:\/\/www.isuo.eu\/2024\/wp-json\/wp\/v2\/pages\/416","targetHints":{"allow":["GET"]}}],"collection":[{"href":"https:\/\/www.isuo.eu\/2024\/wp-json\/wp\/v2\/pages"}],"about":[{"href":"https:\/\/www.isuo.eu\/2024\/wp-json\/wp\/v2\/types\/page"}],"author":[{"embeddable":true,"href":"https:\/\/www.isuo.eu\/2024\/wp-json\/wp\/v2\/users\/5"}],"replies":[{"embeddable":true,"href":"https:\/\/www.isuo.eu\/2024\/wp-json\/wp\/v2\/comments?post=416"}],"version-history":[{"count":72,"href":"https:\/\/www.isuo.eu\/2024\/wp-json\/wp\/v2\/pages\/416\/revisions"}],"predecessor-version":[{"id":2106,"href":"https:\/\/www.isuo.eu\/2024\/wp-json\/wp\/v2\/pages\/416\/revisions\/2106"}],"wp:attachment":[{"href":"https:\/\/www.isuo.eu\/2024\/wp-json\/wp\/v2\/media?parent=416"}],"curies":[{"name":"wp","href":"https:\/\/api.w.org\/{rel}","templated":true}]}}