{"id":724,"date":"2022-07-27T15:42:50","date_gmt":"2022-07-27T13:42:50","guid":{"rendered":"https:\/\/www.isuo.eu\/2023\/?page_id=724"},"modified":"2023-04-28T11:14:51","modified_gmt":"2023-04-28T09:14:51","slug":"uebernachtungsmoeglichkeiten","status":"publish","type":"page","link":"https:\/\/www.isuo.eu\/2023\/tagungsort\/uebernachtungsmoeglichkeiten\/","title":{"rendered":"\u00dcbernachtungsm\u00f6glichkeiten"},"content":{"rendered":"\t\t<div data-elementor-type=\"wp-page\" data-elementor-id=\"724\" class=\"elementor elementor-724\" data-elementor-post-type=\"page\">\n\t\t\t\t\t\t<section data-particle_enable=\"false\" data-particle-mobile-disabled=\"false\" class=\"elementor-section elementor-top-section elementor-element elementor-element-f4fe4eb elementor-section-full_width elementor-section-height-default elementor-section-height-default\" data-id=\"f4fe4eb\" data-element_type=\"section\">\n\t\t\t\t\t\t<div class=\"elementor-container elementor-column-gap-default\">\n\t\t\t\t\t<div class=\"elementor-column elementor-col-100 elementor-top-column elementor-element elementor-element-65b0f59\" data-id=\"65b0f59\" data-element_type=\"column\">\n\t\t\t<div class=\"elementor-widget-wrap elementor-element-populated\">\n\t\t\t\t\t\t<div class=\"elementor-element elementor-element-5b1149b elementor-widget elementor-widget-heading\" data-id=\"5b1149b\" data-element_type=\"widget\" data-widget_type=\"heading.default\">\n\t\t\t\t<div class=\"elementor-widget-container\">\n\t\t\t\t\t<h2 class=\"elementor-heading-title elementor-size-default\">\u00dcbernachtungsm\u00f6glichkeiten<\/h2>\t\t\t\t<\/div>\n\t\t\t\t<\/div>\n\t\t\t\t\t<\/div>\n\t\t<\/div>\n\t\t\t\t\t<\/div>\n\t\t<\/section>\n\t\t\t\t<section data-particle_enable=\"false\" data-particle-mobile-disabled=\"false\" class=\"elementor-section elementor-top-section elementor-element elementor-element-e3a0fc2 elementor-section-full_width elementor-section-height-default elementor-section-height-default\" data-id=\"e3a0fc2\" data-element_type=\"section\">\n\t\t\t\t\t\t<div class=\"elementor-container elementor-column-gap-default\">\n\t\t\t\t\t<div class=\"elementor-column elementor-col-50 elementor-top-column elementor-element elementor-element-3ead40d\" data-id=\"3ead40d\" data-element_type=\"column\">\n\t\t\t<div class=\"elementor-widget-wrap elementor-element-populated\">\n\t\t\t\t\t\t<div class=\"elementor-element elementor-element-45dd894 elementor-widget elementor-widget-image\" data-id=\"45dd894\" data-element_type=\"widget\" data-widget_type=\"image.default\">\n\t\t\t\t<div class=\"elementor-widget-container\">\n\t\t\t\t\t\t\t\t\t\t\t\t\t\t\t<img fetchpriority=\"high\" decoding=\"async\" width=\"500\" height=\"157\" src=\"https:\/\/www.isuo.eu\/2023\/wp-content\/uploads\/PULLMAN_LOGO_COLOGNE.png\" class=\"attachment-full size-full wp-image-1176\" alt=\"\" srcset=\"https:\/\/www.isuo.eu\/2023\/wp-content\/uploads\/PULLMAN_LOGO_COLOGNE.png 500w, https:\/\/www.isuo.eu\/2023\/wp-content\/uploads\/PULLMAN_LOGO_COLOGNE-300x94.png 300w, https:\/\/www.isuo.eu\/2023\/wp-content\/uploads\/PULLMAN_LOGO_COLOGNE-150x47.png 150w\" sizes=\"(max-width: 500px) 100vw, 500px\" \/>\t\t\t\t\t\t\t\t\t\t\t\t\t\t\t<\/div>\n\t\t\t\t<\/div>\n\t\t\t\t<div class=\"elementor-element elementor-element-93b0f1b elementor-widget elementor-widget-text-editor\" data-id=\"93b0f1b\" data-element_type=\"widget\" data-widget_type=\"text-editor.default\">\n\t\t\t\t<div class=\"elementor-widget-container\">\n\t\t\t\t\t\t\t\t\t<p><strong>Pullman K\u00f6ln<\/strong><br \/>Helenenstra\u00dfe 14<br \/>50667 K\u00f6ln<\/p>\t\t\t\t\t\t\t\t<\/div>\n\t\t\t\t<\/div>\n\t\t\t\t<div class=\"elementor-element elementor-element-05394cc elementor-widget elementor-widget-text-editor\" data-id=\"05394cc\" data-element_type=\"widget\" data-widget_type=\"text-editor.default\">\n\t\t\t\t<div class=\"elementor-widget-container\">\n\t\t\t\t\t\t\t\t\t<p>Gern k\u00f6nnen Sie Zimmer im Hotel Pullman buchen. <br>Bitte schreiben Sie eine Mail an: <strong><a href=\"mailto:H5366-re@accor.com\">H5366-re@accor.com<\/a><br>Stichwort: ISUO 2023<\/strong><\/p>\t\t\t\t\t\t\t\t<\/div>\n\t\t\t\t<\/div>\n\t\t\t\t<div class=\"elementor-element elementor-element-cf8e798 elementor-widget elementor-widget-text-editor\" data-id=\"cf8e798\" data-element_type=\"widget\" data-widget_type=\"text-editor.default\">\n\t\t\t\t<div class=\"elementor-widget-container\">\n\t\t\t\t\t\t\t\t\t<p>Zimmerrate:<br \/><strong>07.12.23: \u20ac 189,00 inkl. Fr\u00fchst\u00fcck<\/strong> im Superior Einzelzimmer (zzgl. Kulturf\u00f6rderabgabe)<br \/><strong>08.12.23: \u20ac 209,00 inkl. Fr\u00fchst\u00fcck<\/strong> im Superior Einzelzimmer (zzgl. Kulturf\u00f6rderabgabe)<\/p>\t\t\t\t\t\t\t\t<\/div>\n\t\t\t\t<\/div>\n\t\t\t\t\t<\/div>\n\t\t<\/div>\n\t\t\t\t<div class=\"elementor-column elementor-col-50 elementor-top-column elementor-element elementor-element-ae2b475\" data-id=\"ae2b475\" data-element_type=\"column\">\n\t\t\t<div class=\"elementor-widget-wrap elementor-element-populated\">\n\t\t\t\t\t\t<div class=\"elementor-element elementor-element-fda462c elementor-widget elementor-widget-google_maps\" data-id=\"fda462c\" data-element_type=\"widget\" data-widget_type=\"google_maps.default\">\n\t\t\t\t<div class=\"elementor-widget-container\">\n\t\t\t\t\t\t\t<div class=\"elementor-custom-embed\">\n\t\t\t<iframe loading=\"lazy\"\n\t\t\t\t\tsrc=\"https:\/\/maps.google.com\/maps?q=Pullmann%2C%20Helenenstra%C3%9Fe%2014%2C%2050667%20K%C3%B6ln&#038;t=m&#038;z=12&#038;output=embed&#038;iwloc=near\"\n\t\t\t\t\ttitle=\"Pullmann, Helenenstra\u00dfe 14, 50667 K\u00f6ln\"\n\t\t\t\t\taria-label=\"Pullmann, Helenenstra\u00dfe 14, 50667 K\u00f6ln\"\n\t\t\t><\/iframe>\n\t\t<\/div>\n\t\t\t\t\t\t<\/div>\n\t\t\t\t<\/div>\n\t\t\t\t\t<\/div>\n\t\t<\/div>\n\t\t\t\t\t<\/div>\n\t\t<\/section>\n\t\t\t\t<\/div>\n\t\t","protected":false},"excerpt":{"rendered":"<p>\u00dcbernachtungsm\u00f6glichkeiten Pullman K\u00f6lnHelenenstra\u00dfe 1450667 K\u00f6ln Gern k\u00f6nnen Sie Zimmer im Hotel Pullman buchen. Bitte schreiben Sie eine Mail an: H5366-re@accor.comStichwort: ISUO 2023 Zimmerrate:07.12.23: \u20ac 189,00 inkl. Fr\u00fchst\u00fcck im Superior Einzelzimmer (zzgl. Kulturf\u00f6rderabgabe)08.12.23: \u20ac 209,00 inkl. Fr\u00fchst\u00fcck im Superior Einzelzimmer (zzgl. Kulturf\u00f6rderabgabe)<\/p>\n","protected":false},"author":5,"featured_media":0,"parent":346,"menu_order":0,"comment_status":"closed","ping_status":"closed","template":"elementor_theme","meta":{"footnotes":""},"class_list":["post-724","page","type-page","status-publish","hentry"],"yoast_head":"<!-- This site is optimized with the Yoast SEO plugin v26.7 - https:\/\/yoast.com\/wordpress\/plugins\/seo\/ -->\n<title>\u00dcbernachtungsm\u00f6glichkeiten - 6. Internationales Symposium Uroonkologie<\/title>\n<meta name=\"robots\" content=\"index, follow, max-snippet:-1, max-image-preview:large, max-video-preview:-1\" \/>\n<link rel=\"canonical\" href=\"https:\/\/www.isuo.eu\/2023\/tagungsort\/uebernachtungsmoeglichkeiten\/\" \/>\n<meta property=\"og:locale\" content=\"de_DE\" \/>\n<meta property=\"og:type\" content=\"article\" \/>\n<meta property=\"og:title\" content=\"\u00dcbernachtungsm\u00f6glichkeiten - 6. Internationales Symposium Uroonkologie\" \/>\n<meta property=\"og:description\" content=\"\u00dcbernachtungsm\u00f6glichkeiten Pullman K\u00f6lnHelenenstra\u00dfe 1450667 K\u00f6ln Gern k\u00f6nnen Sie Zimmer im Hotel Pullman buchen. Bitte schreiben Sie eine Mail an: H5366-re@accor.comStichwort: ISUO 2023 Zimmerrate:07.12.23: \u20ac 189,00 inkl. Fr\u00fchst\u00fcck im Superior Einzelzimmer (zzgl. Kulturf\u00f6rderabgabe)08.12.23: \u20ac 209,00 inkl. Fr\u00fchst\u00fcck im Superior Einzelzimmer (zzgl. Kulturf\u00f6rderabgabe)\" \/>\n<meta property=\"og:url\" content=\"https:\/\/www.isuo.eu\/2023\/tagungsort\/uebernachtungsmoeglichkeiten\/\" \/>\n<meta property=\"og:site_name\" content=\"6. Internationales Symposium Uroonkologie\" \/>\n<meta property=\"article:modified_time\" content=\"2023-04-28T09:14:51+00:00\" \/>\n<meta property=\"og:image\" content=\"https:\/\/www.isuo.eu\/2023\/wp-content\/uploads\/PULLMAN_LOGO_COLOGNE.png\" \/>\n<meta name=\"twitter:card\" content=\"summary_large_image\" \/>\n<meta name=\"twitter:label1\" content=\"Gesch\u00e4tzte Lesezeit\" \/>\n\t<meta name=\"twitter:data1\" content=\"1\u00a0Minute\" \/>\n<script type=\"application\/ld+json\" class=\"yoast-schema-graph\">{\"@context\":\"https:\/\/schema.org\",\"@graph\":[{\"@type\":\"WebPage\",\"@id\":\"https:\/\/www.isuo.eu\/2023\/tagungsort\/uebernachtungsmoeglichkeiten\/\",\"url\":\"https:\/\/www.isuo.eu\/2023\/tagungsort\/uebernachtungsmoeglichkeiten\/\",\"name\":\"\u00dcbernachtungsm\u00f6glichkeiten - 6. Internationales Symposium Uroonkologie\",\"isPartOf\":{\"@id\":\"https:\/\/www.isuo.eu\/2023\/#website\"},\"primaryImageOfPage\":{\"@id\":\"https:\/\/www.isuo.eu\/2023\/tagungsort\/uebernachtungsmoeglichkeiten\/#primaryimage\"},\"image\":{\"@id\":\"https:\/\/www.isuo.eu\/2023\/tagungsort\/uebernachtungsmoeglichkeiten\/#primaryimage\"},\"thumbnailUrl\":\"https:\/\/www.isuo.eu\/2023\/wp-content\/uploads\/PULLMAN_LOGO_COLOGNE.png\",\"datePublished\":\"2022-07-27T13:42:50+00:00\",\"dateModified\":\"2023-04-28T09:14:51+00:00\",\"breadcrumb\":{\"@id\":\"https:\/\/www.isuo.eu\/2023\/tagungsort\/uebernachtungsmoeglichkeiten\/#breadcrumb\"},\"inLanguage\":\"de\",\"potentialAction\":[{\"@type\":\"ReadAction\",\"target\":[\"https:\/\/www.isuo.eu\/2023\/tagungsort\/uebernachtungsmoeglichkeiten\/\"]}]},{\"@type\":\"ImageObject\",\"inLanguage\":\"de\",\"@id\":\"https:\/\/www.isuo.eu\/2023\/tagungsort\/uebernachtungsmoeglichkeiten\/#primaryimage\",\"url\":\"https:\/\/www.isuo.eu\/2023\/wp-content\/uploads\/PULLMAN_LOGO_COLOGNE.png\",\"contentUrl\":\"https:\/\/www.isuo.eu\/2023\/wp-content\/uploads\/PULLMAN_LOGO_COLOGNE.png\",\"width\":500,\"height\":157},{\"@type\":\"BreadcrumbList\",\"@id\":\"https:\/\/www.isuo.eu\/2023\/tagungsort\/uebernachtungsmoeglichkeiten\/#breadcrumb\",\"itemListElement\":[{\"@type\":\"ListItem\",\"position\":1,\"name\":\"Startseite\",\"item\":\"https:\/\/www.isuo.eu\/2023\/\"},{\"@type\":\"ListItem\",\"position\":2,\"name\":\"Tagungsort\",\"item\":\"https:\/\/www.isuo.eu\/2023\/tagungsort\/\"},{\"@type\":\"ListItem\",\"position\":3,\"name\":\"\u00dcbernachtungsm\u00f6glichkeiten\"}]},{\"@type\":\"WebSite\",\"@id\":\"https:\/\/www.isuo.eu\/2023\/#website\",\"url\":\"https:\/\/www.isuo.eu\/2023\/\",\"name\":\"6. Internationales Symposium Uroonkologie\",\"description\":\"8. und 9. Dezember 2023, K\u00f6ln\",\"potentialAction\":[{\"@type\":\"SearchAction\",\"target\":{\"@type\":\"EntryPoint\",\"urlTemplate\":\"https:\/\/www.isuo.eu\/2023\/?s={search_term_string}\"},\"query-input\":{\"@type\":\"PropertyValueSpecification\",\"valueRequired\":true,\"valueName\":\"search_term_string\"}}],\"inLanguage\":\"de\"}]}<\/script>\n<!-- \/ Yoast SEO plugin. -->","yoast_head_json":{"title":"\u00dcbernachtungsm\u00f6glichkeiten - 6. Internationales Symposium Uroonkologie","robots":{"index":"index","follow":"follow","max-snippet":"max-snippet:-1","max-image-preview":"max-image-preview:large","max-video-preview":"max-video-preview:-1"},"canonical":"https:\/\/www.isuo.eu\/2023\/tagungsort\/uebernachtungsmoeglichkeiten\/","og_locale":"de_DE","og_type":"article","og_title":"\u00dcbernachtungsm\u00f6glichkeiten - 6. Internationales Symposium Uroonkologie","og_description":"\u00dcbernachtungsm\u00f6glichkeiten Pullman K\u00f6lnHelenenstra\u00dfe 1450667 K\u00f6ln Gern k\u00f6nnen Sie Zimmer im Hotel Pullman buchen. Bitte schreiben Sie eine Mail an: H5366-re@accor.comStichwort: ISUO 2023 Zimmerrate:07.12.23: \u20ac 189,00 inkl. Fr\u00fchst\u00fcck im Superior Einzelzimmer (zzgl. Kulturf\u00f6rderabgabe)08.12.23: \u20ac 209,00 inkl. Fr\u00fchst\u00fcck im Superior Einzelzimmer (zzgl. Kulturf\u00f6rderabgabe)","og_url":"https:\/\/www.isuo.eu\/2023\/tagungsort\/uebernachtungsmoeglichkeiten\/","og_site_name":"6. Internationales Symposium Uroonkologie","article_modified_time":"2023-04-28T09:14:51+00:00","og_image":[{"url":"https:\/\/www.isuo.eu\/2023\/wp-content\/uploads\/PULLMAN_LOGO_COLOGNE.png","type":"","width":"","height":""}],"twitter_card":"summary_large_image","twitter_misc":{"Gesch\u00e4tzte Lesezeit":"1\u00a0Minute"},"schema":{"@context":"https:\/\/schema.org","@graph":[{"@type":"WebPage","@id":"https:\/\/www.isuo.eu\/2023\/tagungsort\/uebernachtungsmoeglichkeiten\/","url":"https:\/\/www.isuo.eu\/2023\/tagungsort\/uebernachtungsmoeglichkeiten\/","name":"\u00dcbernachtungsm\u00f6glichkeiten - 6. Internationales Symposium Uroonkologie","isPartOf":{"@id":"https:\/\/www.isuo.eu\/2023\/#website"},"primaryImageOfPage":{"@id":"https:\/\/www.isuo.eu\/2023\/tagungsort\/uebernachtungsmoeglichkeiten\/#primaryimage"},"image":{"@id":"https:\/\/www.isuo.eu\/2023\/tagungsort\/uebernachtungsmoeglichkeiten\/#primaryimage"},"thumbnailUrl":"https:\/\/www.isuo.eu\/2023\/wp-content\/uploads\/PULLMAN_LOGO_COLOGNE.png","datePublished":"2022-07-27T13:42:50+00:00","dateModified":"2023-04-28T09:14:51+00:00","breadcrumb":{"@id":"https:\/\/www.isuo.eu\/2023\/tagungsort\/uebernachtungsmoeglichkeiten\/#breadcrumb"},"inLanguage":"de","potentialAction":[{"@type":"ReadAction","target":["https:\/\/www.isuo.eu\/2023\/tagungsort\/uebernachtungsmoeglichkeiten\/"]}]},{"@type":"ImageObject","inLanguage":"de","@id":"https:\/\/www.isuo.eu\/2023\/tagungsort\/uebernachtungsmoeglichkeiten\/#primaryimage","url":"https:\/\/www.isuo.eu\/2023\/wp-content\/uploads\/PULLMAN_LOGO_COLOGNE.png","contentUrl":"https:\/\/www.isuo.eu\/2023\/wp-content\/uploads\/PULLMAN_LOGO_COLOGNE.png","width":500,"height":157},{"@type":"BreadcrumbList","@id":"https:\/\/www.isuo.eu\/2023\/tagungsort\/uebernachtungsmoeglichkeiten\/#breadcrumb","itemListElement":[{"@type":"ListItem","position":1,"name":"Startseite","item":"https:\/\/www.isuo.eu\/2023\/"},{"@type":"ListItem","position":2,"name":"Tagungsort","item":"https:\/\/www.isuo.eu\/2023\/tagungsort\/"},{"@type":"ListItem","position":3,"name":"\u00dcbernachtungsm\u00f6glichkeiten"}]},{"@type":"WebSite","@id":"https:\/\/www.isuo.eu\/2023\/#website","url":"https:\/\/www.isuo.eu\/2023\/","name":"6. Internationales Symposium Uroonkologie","description":"8. und 9. Dezember 2023, K\u00f6ln","potentialAction":[{"@type":"SearchAction","target":{"@type":"EntryPoint","urlTemplate":"https:\/\/www.isuo.eu\/2023\/?s={search_term_string}"},"query-input":{"@type":"PropertyValueSpecification","valueRequired":true,"valueName":"search_term_string"}}],"inLanguage":"de"}]}},"_links":{"self":[{"href":"https:\/\/www.isuo.eu\/2023\/wp-json\/wp\/v2\/pages\/724","targetHints":{"allow":["GET"]}}],"collection":[{"href":"https:\/\/www.isuo.eu\/2023\/wp-json\/wp\/v2\/pages"}],"about":[{"href":"https:\/\/www.isuo.eu\/2023\/wp-json\/wp\/v2\/types\/page"}],"author":[{"embeddable":true,"href":"https:\/\/www.isuo.eu\/2023\/wp-json\/wp\/v2\/users\/5"}],"replies":[{"embeddable":true,"href":"https:\/\/www.isuo.eu\/2023\/wp-json\/wp\/v2\/comments?post=724"}],"version-history":[{"count":0,"href":"https:\/\/www.isuo.eu\/2023\/wp-json\/wp\/v2\/pages\/724\/revisions"}],"up":[{"embeddable":true,"href":"https:\/\/www.isuo.eu\/2023\/wp-json\/wp\/v2\/pages\/346"}],"wp:attachment":[{"href":"https:\/\/www.isuo.eu\/2023\/wp-json\/wp\/v2\/media?parent=724"}],"curies":[{"name":"wp","href":"https:\/\/api.w.org\/{rel}","templated":true}]}}