{"id":346,"date":"2022-06-08T09:59:31","date_gmt":"2022-06-08T07:59:31","guid":{"rendered":"https:\/\/www.isuo.eu\/2023\/workshops\/"},"modified":"2023-04-28T11:13:52","modified_gmt":"2023-04-28T09:13:52","slug":"tagungsort","status":"publish","type":"page","link":"https:\/\/www.isuo.eu\/2023\/tagungsort\/","title":{"rendered":"Tagungsort"},"content":{"rendered":"\t\t<div data-elementor-type=\"wp-page\" data-elementor-id=\"346\" class=\"elementor elementor-346\" data-elementor-post-type=\"page\">\n\t\t\t\t\t\t<section data-particle_enable=\"false\" data-particle-mobile-disabled=\"false\" class=\"elementor-section elementor-top-section elementor-element elementor-element-f4fe4eb elementor-section-full_width elementor-section-height-default elementor-section-height-default\" data-id=\"f4fe4eb\" data-element_type=\"section\">\n\t\t\t\t\t\t<div class=\"elementor-container elementor-column-gap-default\">\n\t\t\t\t\t<div class=\"elementor-column elementor-col-100 elementor-top-column elementor-element elementor-element-65b0f59\" data-id=\"65b0f59\" data-element_type=\"column\">\n\t\t\t<div class=\"elementor-widget-wrap elementor-element-populated\">\n\t\t\t\t\t\t<div class=\"elementor-element elementor-element-5b1149b elementor-widget elementor-widget-heading\" data-id=\"5b1149b\" data-element_type=\"widget\" data-widget_type=\"heading.default\">\n\t\t\t\t<div class=\"elementor-widget-container\">\n\t\t\t\t\t<h2 class=\"elementor-heading-title elementor-size-default\">Tagungsort<\/h2>\t\t\t\t<\/div>\n\t\t\t\t<\/div>\n\t\t\t\t\t<\/div>\n\t\t<\/div>\n\t\t\t\t\t<\/div>\n\t\t<\/section>\n\t\t\t\t<section data-particle_enable=\"false\" data-particle-mobile-disabled=\"false\" class=\"elementor-section elementor-top-section elementor-element elementor-element-a79f440 elementor-section-full_width elementor-section-height-default elementor-section-height-default\" data-id=\"a79f440\" data-element_type=\"section\">\n\t\t\t\t\t\t<div class=\"elementor-container elementor-column-gap-default\">\n\t\t\t\t\t<div class=\"elementor-column elementor-col-50 elementor-top-column elementor-element elementor-element-dd350fc\" data-id=\"dd350fc\" data-element_type=\"column\">\n\t\t\t<div class=\"elementor-widget-wrap elementor-element-populated\">\n\t\t\t\t\t\t<div class=\"elementor-element elementor-element-4245e0d elementor-widget elementor-widget-image\" data-id=\"4245e0d\" data-element_type=\"widget\" data-widget_type=\"image.default\">\n\t\t\t\t<div class=\"elementor-widget-container\">\n\t\t\t\t\t\t\t\t\t\t\t\t\t\t\t<img fetchpriority=\"high\" decoding=\"async\" width=\"500\" height=\"157\" src=\"https:\/\/www.isuo.eu\/2023\/wp-content\/uploads\/PULLMAN_LOGO_COLOGNE.png\" class=\"attachment-full size-full wp-image-1176\" alt=\"\" srcset=\"https:\/\/www.isuo.eu\/2023\/wp-content\/uploads\/PULLMAN_LOGO_COLOGNE.png 500w, https:\/\/www.isuo.eu\/2023\/wp-content\/uploads\/PULLMAN_LOGO_COLOGNE-300x94.png 300w, https:\/\/www.isuo.eu\/2023\/wp-content\/uploads\/PULLMAN_LOGO_COLOGNE-150x47.png 150w\" sizes=\"(max-width: 500px) 100vw, 500px\" \/>\t\t\t\t\t\t\t\t\t\t\t\t\t\t\t<\/div>\n\t\t\t\t<\/div>\n\t\t\t\t<div class=\"elementor-element elementor-element-f24119a elementor-widget elementor-widget-text-editor\" data-id=\"f24119a\" data-element_type=\"widget\" data-widget_type=\"text-editor.default\">\n\t\t\t\t<div class=\"elementor-widget-container\">\n\t\t\t\t\t\t\t\t\t<p><strong>Pullman K\u00f6ln<\/strong><br \/>Helenenstra\u00dfe 14<br \/>50667 K\u00f6ln<\/p>\t\t\t\t\t\t\t\t<\/div>\n\t\t\t\t<\/div>\n\t\t\t\t\t<\/div>\n\t\t<\/div>\n\t\t\t\t<div class=\"elementor-column elementor-col-50 elementor-top-column elementor-element elementor-element-2e37b74\" data-id=\"2e37b74\" data-element_type=\"column\">\n\t\t\t<div class=\"elementor-widget-wrap elementor-element-populated\">\n\t\t\t\t\t\t<div class=\"elementor-element elementor-element-bc93949 elementor-widget elementor-widget-google_maps\" data-id=\"bc93949\" data-element_type=\"widget\" data-widget_type=\"google_maps.default\">\n\t\t\t\t<div class=\"elementor-widget-container\">\n\t\t\t\t\t\t\t<div class=\"elementor-custom-embed\">\n\t\t\t<iframe loading=\"lazy\"\n\t\t\t\t\tsrc=\"https:\/\/maps.google.com\/maps?q=Pullmann%2C%20Helenenstra%C3%9Fe%2014%2C%2050667%20K%C3%B6ln&#038;t=m&#038;z=12&#038;output=embed&#038;iwloc=near\"\n\t\t\t\t\ttitle=\"Pullmann, Helenenstra\u00dfe 14, 50667 K\u00f6ln\"\n\t\t\t\t\taria-label=\"Pullmann, Helenenstra\u00dfe 14, 50667 K\u00f6ln\"\n\t\t\t><\/iframe>\n\t\t<\/div>\n\t\t\t\t\t\t<\/div>\n\t\t\t\t<\/div>\n\t\t\t\t\t<\/div>\n\t\t<\/div>\n\t\t\t\t\t<\/div>\n\t\t<\/section>\n\t\t\t\t<section data-particle_enable=\"false\" data-particle-mobile-disabled=\"false\" class=\"elementor-section elementor-top-section elementor-element elementor-element-875c401 elementor-section-full_width elementor-section-height-default elementor-section-height-default\" data-id=\"875c401\" data-element_type=\"section\">\n\t\t\t\t\t\t<div class=\"elementor-container elementor-column-gap-default\">\n\t\t\t\t\t<div class=\"elementor-column elementor-col-100 elementor-top-column elementor-element elementor-element-1339f46\" data-id=\"1339f46\" data-element_type=\"column\">\n\t\t\t<div class=\"elementor-widget-wrap elementor-element-populated\">\n\t\t\t\t\t\t<div class=\"elementor-element elementor-element-9cc788c elementor-widget elementor-widget-text-editor\" data-id=\"9cc788c\" data-element_type=\"widget\" data-widget_type=\"text-editor.default\">\n\t\t\t\t<div class=\"elementor-widget-container\">\n\t\t\t\t\t\t\t\t\t<p>Durch die zentrale Innenstadt-Lage befindet sich das Hotel in einer\u00a0<strong>Umweltzone<\/strong>. Hierdurch ist die Anfahrt mit dem Auto ausschlie\u00dflich mit einer gr\u00fcnen Umweltplakette m\u00f6glich. Auf Grund der N\u00e4he zum Hauptbahnhof (1 km) empfehlen wir die Anreise mit der Deutschen Bahn.<\/p>\t\t\t\t\t\t\t\t<\/div>\n\t\t\t\t<\/div>\n\t\t\t\t<div class=\"elementor-element elementor-element-652aa51 elementor-widget elementor-widget-text-editor\" data-id=\"652aa51\" data-element_type=\"widget\" data-widget_type=\"text-editor.default\">\n\t\t\t\t<div class=\"elementor-widget-container\">\n\t\t\t\t\t\t\t\t\t<p>Entfernungen:<br \/>Hauptbahnhof 1 km<br \/>Flughafen K\u00f6ln\/Bonn: 17 km<\/p>\t\t\t\t\t\t\t\t<\/div>\n\t\t\t\t<\/div>\n\t\t\t\t\t<\/div>\n\t\t<\/div>\n\t\t\t\t\t<\/div>\n\t\t<\/section>\n\t\t\t\t<section data-particle_enable=\"false\" data-particle-mobile-disabled=\"false\" class=\"elementor-section elementor-top-section elementor-element elementor-element-1318b62f elementor-section-height-min-height elementor-section-items-stretch elementor-section-content-middle elementor-section-full_width elementor-section-height-default\" data-id=\"1318b62f\" data-element_type=\"section\" data-settings=\"{&quot;background_background&quot;:&quot;slideshow&quot;,&quot;background_slideshow_gallery&quot;:[{&quot;id&quot;:1177,&quot;url&quot;:&quot;https:\\\/\\\/www.isuo.eu\\\/2023\\\/wp-content\\\/uploads\\\/Pullman1.jpg&quot;},{&quot;id&quot;:1178,&quot;url&quot;:&quot;https:\\\/\\\/www.isuo.eu\\\/2023\\\/wp-content\\\/uploads\\\/Pullman2.jpg&quot;},{&quot;id&quot;:1179,&quot;url&quot;:&quot;https:\\\/\\\/www.isuo.eu\\\/2023\\\/wp-content\\\/uploads\\\/Pullman3.jpg&quot;},{&quot;id&quot;:1180,&quot;url&quot;:&quot;https:\\\/\\\/www.isuo.eu\\\/2023\\\/wp-content\\\/uploads\\\/Pullman4.jpg&quot;},{&quot;id&quot;:1181,&quot;url&quot;:&quot;https:\\\/\\\/www.isuo.eu\\\/2023\\\/wp-content\\\/uploads\\\/Pullman5.jpg&quot;},{&quot;id&quot;:1182,&quot;url&quot;:&quot;https:\\\/\\\/www.isuo.eu\\\/2023\\\/wp-content\\\/uploads\\\/Pullman6.jpg&quot;}],&quot;background_slideshow_transition_duration&quot;:2500,&quot;background_slideshow_ken_burns&quot;:&quot;yes&quot;,&quot;background_slideshow_loop&quot;:&quot;yes&quot;,&quot;background_slideshow_slide_duration&quot;:5000,&quot;background_slideshow_slide_transition&quot;:&quot;fade&quot;,&quot;background_slideshow_ken_burns_zoom_direction&quot;:&quot;in&quot;}\">\n\t\t\t\t\t\t<div class=\"elementor-container elementor-column-gap-no\">\n\t\t\t\t\t<div class=\"elementor-column elementor-col-100 elementor-top-column elementor-element elementor-element-76ea8e4\" data-id=\"76ea8e4\" data-element_type=\"column\">\n\t\t\t<div class=\"elementor-widget-wrap\">\n\t\t\t\t\t\t\t<\/div>\n\t\t<\/div>\n\t\t\t\t\t<\/div>\n\t\t<\/section>\n\t\t\t\t<\/div>\n\t\t","protected":false},"excerpt":{"rendered":"<p>Tagungsort Pullman K\u00f6lnHelenenstra\u00dfe 1450667 K\u00f6ln Durch die zentrale Innenstadt-Lage befindet sich das Hotel in einer\u00a0Umweltzone. Hierdurch ist die Anfahrt mit dem Auto ausschlie\u00dflich mit einer gr\u00fcnen Umweltplakette m\u00f6glich. Auf Grund der N\u00e4he zum Hauptbahnhof (1 km) empfehlen wir die Anreise mit der Deutschen Bahn. Entfernungen:Hauptbahnhof 1 kmFlughafen K\u00f6ln\/Bonn: 17 km<\/p>\n","protected":false},"author":5,"featured_media":0,"parent":0,"menu_order":0,"comment_status":"closed","ping_status":"closed","template":"elementor_theme","meta":{"footnotes":""},"class_list":["post-346","page","type-page","status-publish","hentry"],"yoast_head":"<!-- This site is optimized with the Yoast SEO plugin v26.7 - https:\/\/yoast.com\/wordpress\/plugins\/seo\/ -->\n<title>Tagungsort - 6. Internationales Symposium Uroonkologie<\/title>\n<meta name=\"robots\" content=\"index, follow, max-snippet:-1, max-image-preview:large, max-video-preview:-1\" \/>\n<link rel=\"canonical\" href=\"https:\/\/www.isuo.eu\/2023\/tagungsort\/\" \/>\n<meta property=\"og:locale\" content=\"de_DE\" \/>\n<meta property=\"og:type\" content=\"article\" \/>\n<meta property=\"og:title\" content=\"Tagungsort - 6. Internationales Symposium Uroonkologie\" \/>\n<meta property=\"og:description\" content=\"Tagungsort Pullman K\u00f6lnHelenenstra\u00dfe 1450667 K\u00f6ln Durch die zentrale Innenstadt-Lage befindet sich das Hotel in einer\u00a0Umweltzone. Hierdurch ist die Anfahrt mit dem Auto ausschlie\u00dflich mit einer gr\u00fcnen Umweltplakette m\u00f6glich. Auf Grund der N\u00e4he zum Hauptbahnhof (1 km) empfehlen wir die Anreise mit der Deutschen Bahn. Entfernungen:Hauptbahnhof 1 kmFlughafen K\u00f6ln\/Bonn: 17 km\" \/>\n<meta property=\"og:url\" content=\"https:\/\/www.isuo.eu\/2023\/tagungsort\/\" \/>\n<meta property=\"og:site_name\" content=\"6. Internationales Symposium Uroonkologie\" \/>\n<meta property=\"article:modified_time\" content=\"2023-04-28T09:13:52+00:00\" \/>\n<meta property=\"og:image\" content=\"https:\/\/www.isuo.eu\/2023\/wp-content\/uploads\/PULLMAN_LOGO_COLOGNE.png\" \/>\n<meta name=\"twitter:card\" content=\"summary_large_image\" \/>\n<meta name=\"twitter:label1\" content=\"Gesch\u00e4tzte Lesezeit\" \/>\n\t<meta name=\"twitter:data1\" content=\"1\u00a0Minute\" \/>\n<script type=\"application\/ld+json\" class=\"yoast-schema-graph\">{\"@context\":\"https:\/\/schema.org\",\"@graph\":[{\"@type\":\"WebPage\",\"@id\":\"https:\/\/www.isuo.eu\/2023\/tagungsort\/\",\"url\":\"https:\/\/www.isuo.eu\/2023\/tagungsort\/\",\"name\":\"Tagungsort - 6. Internationales Symposium Uroonkologie\",\"isPartOf\":{\"@id\":\"https:\/\/www.isuo.eu\/2023\/#website\"},\"primaryImageOfPage\":{\"@id\":\"https:\/\/www.isuo.eu\/2023\/tagungsort\/#primaryimage\"},\"image\":{\"@id\":\"https:\/\/www.isuo.eu\/2023\/tagungsort\/#primaryimage\"},\"thumbnailUrl\":\"https:\/\/www.isuo.eu\/2023\/wp-content\/uploads\/PULLMAN_LOGO_COLOGNE.png\",\"datePublished\":\"2022-06-08T07:59:31+00:00\",\"dateModified\":\"2023-04-28T09:13:52+00:00\",\"breadcrumb\":{\"@id\":\"https:\/\/www.isuo.eu\/2023\/tagungsort\/#breadcrumb\"},\"inLanguage\":\"de\",\"potentialAction\":[{\"@type\":\"ReadAction\",\"target\":[\"https:\/\/www.isuo.eu\/2023\/tagungsort\/\"]}]},{\"@type\":\"ImageObject\",\"inLanguage\":\"de\",\"@id\":\"https:\/\/www.isuo.eu\/2023\/tagungsort\/#primaryimage\",\"url\":\"https:\/\/www.isuo.eu\/2023\/wp-content\/uploads\/PULLMAN_LOGO_COLOGNE.png\",\"contentUrl\":\"https:\/\/www.isuo.eu\/2023\/wp-content\/uploads\/PULLMAN_LOGO_COLOGNE.png\",\"width\":500,\"height\":157},{\"@type\":\"BreadcrumbList\",\"@id\":\"https:\/\/www.isuo.eu\/2023\/tagungsort\/#breadcrumb\",\"itemListElement\":[{\"@type\":\"ListItem\",\"position\":1,\"name\":\"Startseite\",\"item\":\"https:\/\/www.isuo.eu\/2023\/\"},{\"@type\":\"ListItem\",\"position\":2,\"name\":\"Tagungsort\"}]},{\"@type\":\"WebSite\",\"@id\":\"https:\/\/www.isuo.eu\/2023\/#website\",\"url\":\"https:\/\/www.isuo.eu\/2023\/\",\"name\":\"6. Internationales Symposium Uroonkologie\",\"description\":\"8. und 9. Dezember 2023, K\u00f6ln\",\"potentialAction\":[{\"@type\":\"SearchAction\",\"target\":{\"@type\":\"EntryPoint\",\"urlTemplate\":\"https:\/\/www.isuo.eu\/2023\/?s={search_term_string}\"},\"query-input\":{\"@type\":\"PropertyValueSpecification\",\"valueRequired\":true,\"valueName\":\"search_term_string\"}}],\"inLanguage\":\"de\"}]}<\/script>\n<!-- \/ Yoast SEO plugin. -->","yoast_head_json":{"title":"Tagungsort - 6. Internationales Symposium Uroonkologie","robots":{"index":"index","follow":"follow","max-snippet":"max-snippet:-1","max-image-preview":"max-image-preview:large","max-video-preview":"max-video-preview:-1"},"canonical":"https:\/\/www.isuo.eu\/2023\/tagungsort\/","og_locale":"de_DE","og_type":"article","og_title":"Tagungsort - 6. Internationales Symposium Uroonkologie","og_description":"Tagungsort Pullman K\u00f6lnHelenenstra\u00dfe 1450667 K\u00f6ln Durch die zentrale Innenstadt-Lage befindet sich das Hotel in einer\u00a0Umweltzone. Hierdurch ist die Anfahrt mit dem Auto ausschlie\u00dflich mit einer gr\u00fcnen Umweltplakette m\u00f6glich. Auf Grund der N\u00e4he zum Hauptbahnhof (1 km) empfehlen wir die Anreise mit der Deutschen Bahn. Entfernungen:Hauptbahnhof 1 kmFlughafen K\u00f6ln\/Bonn: 17 km","og_url":"https:\/\/www.isuo.eu\/2023\/tagungsort\/","og_site_name":"6. Internationales Symposium Uroonkologie","article_modified_time":"2023-04-28T09:13:52+00:00","og_image":[{"url":"https:\/\/www.isuo.eu\/2023\/wp-content\/uploads\/PULLMAN_LOGO_COLOGNE.png","type":"","width":"","height":""}],"twitter_card":"summary_large_image","twitter_misc":{"Gesch\u00e4tzte Lesezeit":"1\u00a0Minute"},"schema":{"@context":"https:\/\/schema.org","@graph":[{"@type":"WebPage","@id":"https:\/\/www.isuo.eu\/2023\/tagungsort\/","url":"https:\/\/www.isuo.eu\/2023\/tagungsort\/","name":"Tagungsort - 6. Internationales Symposium Uroonkologie","isPartOf":{"@id":"https:\/\/www.isuo.eu\/2023\/#website"},"primaryImageOfPage":{"@id":"https:\/\/www.isuo.eu\/2023\/tagungsort\/#primaryimage"},"image":{"@id":"https:\/\/www.isuo.eu\/2023\/tagungsort\/#primaryimage"},"thumbnailUrl":"https:\/\/www.isuo.eu\/2023\/wp-content\/uploads\/PULLMAN_LOGO_COLOGNE.png","datePublished":"2022-06-08T07:59:31+00:00","dateModified":"2023-04-28T09:13:52+00:00","breadcrumb":{"@id":"https:\/\/www.isuo.eu\/2023\/tagungsort\/#breadcrumb"},"inLanguage":"de","potentialAction":[{"@type":"ReadAction","target":["https:\/\/www.isuo.eu\/2023\/tagungsort\/"]}]},{"@type":"ImageObject","inLanguage":"de","@id":"https:\/\/www.isuo.eu\/2023\/tagungsort\/#primaryimage","url":"https:\/\/www.isuo.eu\/2023\/wp-content\/uploads\/PULLMAN_LOGO_COLOGNE.png","contentUrl":"https:\/\/www.isuo.eu\/2023\/wp-content\/uploads\/PULLMAN_LOGO_COLOGNE.png","width":500,"height":157},{"@type":"BreadcrumbList","@id":"https:\/\/www.isuo.eu\/2023\/tagungsort\/#breadcrumb","itemListElement":[{"@type":"ListItem","position":1,"name":"Startseite","item":"https:\/\/www.isuo.eu\/2023\/"},{"@type":"ListItem","position":2,"name":"Tagungsort"}]},{"@type":"WebSite","@id":"https:\/\/www.isuo.eu\/2023\/#website","url":"https:\/\/www.isuo.eu\/2023\/","name":"6. Internationales Symposium Uroonkologie","description":"8. und 9. Dezember 2023, K\u00f6ln","potentialAction":[{"@type":"SearchAction","target":{"@type":"EntryPoint","urlTemplate":"https:\/\/www.isuo.eu\/2023\/?s={search_term_string}"},"query-input":{"@type":"PropertyValueSpecification","valueRequired":true,"valueName":"search_term_string"}}],"inLanguage":"de"}]}},"_links":{"self":[{"href":"https:\/\/www.isuo.eu\/2023\/wp-json\/wp\/v2\/pages\/346","targetHints":{"allow":["GET"]}}],"collection":[{"href":"https:\/\/www.isuo.eu\/2023\/wp-json\/wp\/v2\/pages"}],"about":[{"href":"https:\/\/www.isuo.eu\/2023\/wp-json\/wp\/v2\/types\/page"}],"author":[{"embeddable":true,"href":"https:\/\/www.isuo.eu\/2023\/wp-json\/wp\/v2\/users\/5"}],"replies":[{"embeddable":true,"href":"https:\/\/www.isuo.eu\/2023\/wp-json\/wp\/v2\/comments?post=346"}],"version-history":[{"count":0,"href":"https:\/\/www.isuo.eu\/2023\/wp-json\/wp\/v2\/pages\/346\/revisions"}],"wp:attachment":[{"href":"https:\/\/www.isuo.eu\/2023\/wp-json\/wp\/v2\/media?parent=346"}],"curies":[{"name":"wp","href":"https:\/\/api.w.org\/{rel}","templated":true}]}}