{"id":724,"date":"2022-07-27T15:42:50","date_gmt":"2022-07-27T13:42:50","guid":{"rendered":"https:\/\/www.isuo.eu\/2022\/?page_id=724"},"modified":"2022-10-24T16:52:58","modified_gmt":"2022-10-24T14:52:58","slug":"uebernachtungsmoeglichkeiten","status":"publish","type":"page","link":"https:\/\/www.isuo.eu\/2022\/tagungsort\/uebernachtungsmoeglichkeiten\/","title":{"rendered":"\u00dcbernachtungsm\u00f6glichkeiten"},"content":{"rendered":"\t\t<div data-elementor-type=\"wp-page\" data-elementor-id=\"724\" class=\"elementor elementor-724\" data-elementor-post-type=\"page\">\n\t\t\t\t\t\t<section data-particle_enable=\"false\" data-particle-mobile-disabled=\"false\" class=\"elementor-section elementor-top-section elementor-element elementor-element-f4fe4eb elementor-section-full_width elementor-section-height-default elementor-section-height-default\" data-id=\"f4fe4eb\" data-element_type=\"section\">\n\t\t\t\t\t\t<div class=\"elementor-container elementor-column-gap-default\">\n\t\t\t\t\t<div class=\"elementor-column elementor-col-100 elementor-top-column elementor-element elementor-element-65b0f59\" data-id=\"65b0f59\" data-element_type=\"column\">\n\t\t\t<div class=\"elementor-widget-wrap elementor-element-populated\">\n\t\t\t\t\t\t<div class=\"elementor-element elementor-element-5b1149b elementor-widget elementor-widget-heading\" data-id=\"5b1149b\" data-element_type=\"widget\" data-widget_type=\"heading.default\">\n\t\t\t\t<div class=\"elementor-widget-container\">\n\t\t\t\t\t<h2 class=\"elementor-heading-title elementor-size-default\">\u00dcbernachtungsm\u00f6glichkeiten<\/h2>\t\t\t\t<\/div>\n\t\t\t\t<\/div>\n\t\t\t\t\t<\/div>\n\t\t<\/div>\n\t\t\t\t\t<\/div>\n\t\t<\/section>\n\t\t\t\t<section data-particle_enable=\"false\" data-particle-mobile-disabled=\"false\" class=\"elementor-section elementor-top-section elementor-element elementor-element-b643953 elementor-section-full_width elementor-section-height-default elementor-section-height-default\" data-id=\"b643953\" data-element_type=\"section\">\n\t\t\t\t\t\t<div class=\"elementor-container elementor-column-gap-default\">\n\t\t\t\t\t<div class=\"elementor-column elementor-col-100 elementor-top-column elementor-element elementor-element-0c0e1ad\" data-id=\"0c0e1ad\" data-element_type=\"column\">\n\t\t\t<div class=\"elementor-widget-wrap elementor-element-populated\">\n\t\t\t\t\t\t<div class=\"elementor-element elementor-element-16f92c7 elementor-widget elementor-widget-text-editor\" data-id=\"16f92c7\" data-element_type=\"widget\" data-widget_type=\"text-editor.default\">\n\t\t\t\t<div class=\"elementor-widget-container\">\n\t\t\t\t\t\t\t\t\t<p>Im Maritim Hotel Magdeburg steht Ihnen ein Zimmerkontingent zur Verf\u00fcgung.<\/p>\n<p><strong>Abrufende: 11.11.2022<\/strong><a href=\"https:\/\/reservations.travelclick.com\/112459?groupID=3596445&amp;adults=1&amp;languageid=7\" target=\"_blank\" rel=\"noopener\"><\/a><br>Telefon: 0391 59 49 888<br>E-Mail: <a href=\"mailto:reservierung.mag@maritim.de\">reservierung.mag@maritim.de<\/a><br><strong>Stichwort: ISUO<\/strong><\/p>\t\t\t\t\t\t\t\t<\/div>\n\t\t\t\t<\/div>\n\t\t\t\t<div class=\"elementor-element elementor-element-1ab4129 elementor-align-left elementor-invisible elementor-widget elementor-widget-button\" data-id=\"1ab4129\" data-element_type=\"widget\" data-settings=\"{&quot;_animation&quot;:&quot;fadeInDown&quot;}\" data-widget_type=\"button.default\">\n\t\t\t\t<div class=\"elementor-widget-container\">\n\t\t\t\t\t\t\t\t\t<div class=\"elementor-button-wrapper\">\n\t\t\t\t\t<a class=\"elementor-button elementor-button-link elementor-size-lg\" href=\"https:\/\/reservations.travelclick.com\/112459?groupID=3596445&#038;adults=1&#038;languageid=7\" target=\"_blank\">\n\t\t\t\t\t\t<span class=\"elementor-button-content-wrapper\">\n\t\t\t\t\t\t\t\t\t<span class=\"elementor-button-text\">Zur Buchung<\/span>\n\t\t\t\t\t<\/span>\n\t\t\t\t\t<\/a>\n\t\t\t\t<\/div>\n\t\t\t\t\t\t\t\t<\/div>\n\t\t\t\t<\/div>\n\t\t\t\t\t<\/div>\n\t\t<\/div>\n\t\t\t\t\t<\/div>\n\t\t<\/section>\n\t\t\t\t<section data-particle_enable=\"false\" data-particle-mobile-disabled=\"false\" class=\"elementor-section elementor-top-section elementor-element elementor-element-a79f440 elementor-section-full_width elementor-section-height-default elementor-section-height-default\" data-id=\"a79f440\" data-element_type=\"section\">\n\t\t\t\t\t\t<div class=\"elementor-container elementor-column-gap-default\">\n\t\t\t\t\t<div class=\"elementor-column elementor-col-50 elementor-top-column elementor-element elementor-element-dd350fc\" data-id=\"dd350fc\" data-element_type=\"column\">\n\t\t\t<div class=\"elementor-widget-wrap elementor-element-populated\">\n\t\t\t\t\t\t<div class=\"elementor-element elementor-element-4245e0d elementor-widget elementor-widget-image\" data-id=\"4245e0d\" data-element_type=\"widget\" data-widget_type=\"image.default\">\n\t\t\t\t<div class=\"elementor-widget-container\">\n\t\t\t\t\t\t\t\t\t\t\t\t\t\t\t<img fetchpriority=\"high\" decoding=\"async\" width=\"330\" height=\"240\" src=\"https:\/\/www.isuo.eu\/2022\/wp-content\/uploads\/logo_martimhotels.png\" class=\"attachment-full size-full wp-image-494\" alt=\"\" srcset=\"https:\/\/www.isuo.eu\/2022\/wp-content\/uploads\/logo_martimhotels.png 330w, https:\/\/www.isuo.eu\/2022\/wp-content\/uploads\/logo_martimhotels-300x218.png 300w, https:\/\/www.isuo.eu\/2022\/wp-content\/uploads\/logo_martimhotels-150x109.png 150w\" sizes=\"(max-width: 330px) 100vw, 330px\" \/>\t\t\t\t\t\t\t\t\t\t\t\t\t\t\t<\/div>\n\t\t\t\t<\/div>\n\t\t\t\t<div class=\"elementor-element elementor-element-f24119a elementor-widget elementor-widget-text-editor\" data-id=\"f24119a\" data-element_type=\"widget\" data-widget_type=\"text-editor.default\">\n\t\t\t\t<div class=\"elementor-widget-container\">\n\t\t\t\t\t\t\t\t\t<p><strong>Maritim Hotel Magdeburg<\/strong><br \/>Otto-von-Guericke-Stra\u00dfe 87<br \/>39104 Magdeburg<\/p>\t\t\t\t\t\t\t\t<\/div>\n\t\t\t\t<\/div>\n\t\t\t\t\t<\/div>\n\t\t<\/div>\n\t\t\t\t<div class=\"elementor-column elementor-col-50 elementor-top-column elementor-element elementor-element-2e37b74\" data-id=\"2e37b74\" data-element_type=\"column\">\n\t\t\t<div class=\"elementor-widget-wrap elementor-element-populated\">\n\t\t\t\t\t\t<div class=\"elementor-element elementor-element-bc93949 elementor-widget elementor-widget-google_maps\" data-id=\"bc93949\" data-element_type=\"widget\" data-widget_type=\"google_maps.default\">\n\t\t\t\t<div class=\"elementor-widget-container\">\n\t\t\t\t\t\t\t<div class=\"elementor-custom-embed\">\n\t\t\t<iframe loading=\"lazy\"\n\t\t\t\t\tsrc=\"https:\/\/maps.google.com\/maps?q=Maritim%20Hotel%20Magdeburg%2C%20Otto-von-Guericke-Stra%C3%9Fe%2087%2C%2039104%20Magdeburg&#038;t=m&#038;z=12&#038;output=embed&#038;iwloc=near\"\n\t\t\t\t\ttitle=\"Maritim Hotel Magdeburg, Otto-von-Guericke-Stra\u00dfe 87, 39104 Magdeburg\"\n\t\t\t\t\taria-label=\"Maritim Hotel Magdeburg, Otto-von-Guericke-Stra\u00dfe 87, 39104 Magdeburg\"\n\t\t\t><\/iframe>\n\t\t<\/div>\n\t\t\t\t\t\t<\/div>\n\t\t\t\t<\/div>\n\t\t\t\t\t<\/div>\n\t\t<\/div>\n\t\t\t\t\t<\/div>\n\t\t<\/section>\n\t\t\t\t<\/div>\n\t\t","protected":false},"excerpt":{"rendered":"<p>\u00dcbernachtungsm\u00f6glichkeiten Im Maritim Hotel Magdeburg steht Ihnen ein Zimmerkontingent zur Verf\u00fcgung. Abrufende: 11.11.2022Telefon: 0391 59 49 888E-Mail: reservierung.mag@maritim.deStichwort: ISUO Zur Buchung Maritim Hotel MagdeburgOtto-von-Guericke-Stra\u00dfe 8739104 Magdeburg<\/p>\n","protected":false},"author":5,"featured_media":0,"parent":346,"menu_order":0,"comment_status":"closed","ping_status":"closed","template":"elementor_theme","meta":{"footnotes":""},"class_list":["post-724","page","type-page","status-publish","hentry"],"yoast_head":"<!-- This site is optimized with the Yoast SEO plugin v26.7 - https:\/\/yoast.com\/wordpress\/plugins\/seo\/ -->\n<title>\u00dcbernachtungsm\u00f6glichkeiten - 5. Internationales Symposium Uroonkologie<\/title>\n<meta name=\"robots\" content=\"index, follow, max-snippet:-1, max-image-preview:large, max-video-preview:-1\" \/>\n<link rel=\"canonical\" href=\"https:\/\/www.isuo.eu\/2022\/tagungsort\/uebernachtungsmoeglichkeiten\/\" \/>\n<meta property=\"og:locale\" content=\"de_DE\" \/>\n<meta property=\"og:type\" content=\"article\" \/>\n<meta property=\"og:title\" content=\"\u00dcbernachtungsm\u00f6glichkeiten - 5. Internationales Symposium Uroonkologie\" \/>\n<meta property=\"og:description\" content=\"\u00dcbernachtungsm\u00f6glichkeiten Im Maritim Hotel Magdeburg steht Ihnen ein Zimmerkontingent zur Verf\u00fcgung. Abrufende: 11.11.2022Telefon: 0391 59 49 888E-Mail: reservierung.mag@maritim.deStichwort: ISUO Zur Buchung Maritim Hotel MagdeburgOtto-von-Guericke-Stra\u00dfe 8739104 Magdeburg\" \/>\n<meta property=\"og:url\" content=\"https:\/\/www.isuo.eu\/2022\/tagungsort\/uebernachtungsmoeglichkeiten\/\" \/>\n<meta property=\"og:site_name\" content=\"5. Internationales Symposium Uroonkologie\" \/>\n<meta property=\"article:modified_time\" content=\"2022-10-24T14:52:58+00:00\" \/>\n<meta property=\"og:image\" content=\"https:\/\/www.isuo.eu\/2022\/wp-content\/uploads\/logo_martimhotels.png\" \/>\n<meta name=\"twitter:card\" content=\"summary_large_image\" \/>\n<meta name=\"twitter:label1\" content=\"Gesch\u00e4tzte Lesezeit\" \/>\n\t<meta name=\"twitter:data1\" content=\"1\u00a0Minute\" \/>\n<script type=\"application\/ld+json\" class=\"yoast-schema-graph\">{\"@context\":\"https:\/\/schema.org\",\"@graph\":[{\"@type\":\"WebPage\",\"@id\":\"https:\/\/www.isuo.eu\/2022\/tagungsort\/uebernachtungsmoeglichkeiten\/\",\"url\":\"https:\/\/www.isuo.eu\/2022\/tagungsort\/uebernachtungsmoeglichkeiten\/\",\"name\":\"\u00dcbernachtungsm\u00f6glichkeiten - 5. Internationales Symposium Uroonkologie\",\"isPartOf\":{\"@id\":\"https:\/\/www.isuo.eu\/2022\/#website\"},\"primaryImageOfPage\":{\"@id\":\"https:\/\/www.isuo.eu\/2022\/tagungsort\/uebernachtungsmoeglichkeiten\/#primaryimage\"},\"image\":{\"@id\":\"https:\/\/www.isuo.eu\/2022\/tagungsort\/uebernachtungsmoeglichkeiten\/#primaryimage\"},\"thumbnailUrl\":\"https:\/\/www.isuo.eu\/2022\/wp-content\/uploads\/logo_martimhotels.png\",\"datePublished\":\"2022-07-27T13:42:50+00:00\",\"dateModified\":\"2022-10-24T14:52:58+00:00\",\"breadcrumb\":{\"@id\":\"https:\/\/www.isuo.eu\/2022\/tagungsort\/uebernachtungsmoeglichkeiten\/#breadcrumb\"},\"inLanguage\":\"de\",\"potentialAction\":[{\"@type\":\"ReadAction\",\"target\":[\"https:\/\/www.isuo.eu\/2022\/tagungsort\/uebernachtungsmoeglichkeiten\/\"]}]},{\"@type\":\"ImageObject\",\"inLanguage\":\"de\",\"@id\":\"https:\/\/www.isuo.eu\/2022\/tagungsort\/uebernachtungsmoeglichkeiten\/#primaryimage\",\"url\":\"https:\/\/www.isuo.eu\/2022\/wp-content\/uploads\/logo_martimhotels.png\",\"contentUrl\":\"https:\/\/www.isuo.eu\/2022\/wp-content\/uploads\/logo_martimhotels.png\",\"width\":330,\"height\":240},{\"@type\":\"BreadcrumbList\",\"@id\":\"https:\/\/www.isuo.eu\/2022\/tagungsort\/uebernachtungsmoeglichkeiten\/#breadcrumb\",\"itemListElement\":[{\"@type\":\"ListItem\",\"position\":1,\"name\":\"Startseite\",\"item\":\"https:\/\/www.isuo.eu\/2022\/\"},{\"@type\":\"ListItem\",\"position\":2,\"name\":\"Tagungsort\",\"item\":\"https:\/\/www.isuo.eu\/2022\/tagungsort\/\"},{\"@type\":\"ListItem\",\"position\":3,\"name\":\"\u00dcbernachtungsm\u00f6glichkeiten\"}]},{\"@type\":\"WebSite\",\"@id\":\"https:\/\/www.isuo.eu\/2022\/#website\",\"url\":\"https:\/\/www.isuo.eu\/2022\/\",\"name\":\"5. Internationales Symposium Uroonkologie\",\"description\":\"\",\"potentialAction\":[{\"@type\":\"SearchAction\",\"target\":{\"@type\":\"EntryPoint\",\"urlTemplate\":\"https:\/\/www.isuo.eu\/2022\/?s={search_term_string}\"},\"query-input\":{\"@type\":\"PropertyValueSpecification\",\"valueRequired\":true,\"valueName\":\"search_term_string\"}}],\"inLanguage\":\"de\"}]}<\/script>\n<!-- \/ Yoast SEO plugin. -->","yoast_head_json":{"title":"\u00dcbernachtungsm\u00f6glichkeiten - 5. Internationales Symposium Uroonkologie","robots":{"index":"index","follow":"follow","max-snippet":"max-snippet:-1","max-image-preview":"max-image-preview:large","max-video-preview":"max-video-preview:-1"},"canonical":"https:\/\/www.isuo.eu\/2022\/tagungsort\/uebernachtungsmoeglichkeiten\/","og_locale":"de_DE","og_type":"article","og_title":"\u00dcbernachtungsm\u00f6glichkeiten - 5. Internationales Symposium Uroonkologie","og_description":"\u00dcbernachtungsm\u00f6glichkeiten Im Maritim Hotel Magdeburg steht Ihnen ein Zimmerkontingent zur Verf\u00fcgung. Abrufende: 11.11.2022Telefon: 0391 59 49 888E-Mail: reservierung.mag@maritim.deStichwort: ISUO Zur Buchung Maritim Hotel MagdeburgOtto-von-Guericke-Stra\u00dfe 8739104 Magdeburg","og_url":"https:\/\/www.isuo.eu\/2022\/tagungsort\/uebernachtungsmoeglichkeiten\/","og_site_name":"5. Internationales Symposium Uroonkologie","article_modified_time":"2022-10-24T14:52:58+00:00","og_image":[{"url":"https:\/\/www.isuo.eu\/2022\/wp-content\/uploads\/logo_martimhotels.png","type":"","width":"","height":""}],"twitter_card":"summary_large_image","twitter_misc":{"Gesch\u00e4tzte Lesezeit":"1\u00a0Minute"},"schema":{"@context":"https:\/\/schema.org","@graph":[{"@type":"WebPage","@id":"https:\/\/www.isuo.eu\/2022\/tagungsort\/uebernachtungsmoeglichkeiten\/","url":"https:\/\/www.isuo.eu\/2022\/tagungsort\/uebernachtungsmoeglichkeiten\/","name":"\u00dcbernachtungsm\u00f6glichkeiten - 5. Internationales Symposium Uroonkologie","isPartOf":{"@id":"https:\/\/www.isuo.eu\/2022\/#website"},"primaryImageOfPage":{"@id":"https:\/\/www.isuo.eu\/2022\/tagungsort\/uebernachtungsmoeglichkeiten\/#primaryimage"},"image":{"@id":"https:\/\/www.isuo.eu\/2022\/tagungsort\/uebernachtungsmoeglichkeiten\/#primaryimage"},"thumbnailUrl":"https:\/\/www.isuo.eu\/2022\/wp-content\/uploads\/logo_martimhotels.png","datePublished":"2022-07-27T13:42:50+00:00","dateModified":"2022-10-24T14:52:58+00:00","breadcrumb":{"@id":"https:\/\/www.isuo.eu\/2022\/tagungsort\/uebernachtungsmoeglichkeiten\/#breadcrumb"},"inLanguage":"de","potentialAction":[{"@type":"ReadAction","target":["https:\/\/www.isuo.eu\/2022\/tagungsort\/uebernachtungsmoeglichkeiten\/"]}]},{"@type":"ImageObject","inLanguage":"de","@id":"https:\/\/www.isuo.eu\/2022\/tagungsort\/uebernachtungsmoeglichkeiten\/#primaryimage","url":"https:\/\/www.isuo.eu\/2022\/wp-content\/uploads\/logo_martimhotels.png","contentUrl":"https:\/\/www.isuo.eu\/2022\/wp-content\/uploads\/logo_martimhotels.png","width":330,"height":240},{"@type":"BreadcrumbList","@id":"https:\/\/www.isuo.eu\/2022\/tagungsort\/uebernachtungsmoeglichkeiten\/#breadcrumb","itemListElement":[{"@type":"ListItem","position":1,"name":"Startseite","item":"https:\/\/www.isuo.eu\/2022\/"},{"@type":"ListItem","position":2,"name":"Tagungsort","item":"https:\/\/www.isuo.eu\/2022\/tagungsort\/"},{"@type":"ListItem","position":3,"name":"\u00dcbernachtungsm\u00f6glichkeiten"}]},{"@type":"WebSite","@id":"https:\/\/www.isuo.eu\/2022\/#website","url":"https:\/\/www.isuo.eu\/2022\/","name":"5. Internationales Symposium Uroonkologie","description":"","potentialAction":[{"@type":"SearchAction","target":{"@type":"EntryPoint","urlTemplate":"https:\/\/www.isuo.eu\/2022\/?s={search_term_string}"},"query-input":{"@type":"PropertyValueSpecification","valueRequired":true,"valueName":"search_term_string"}}],"inLanguage":"de"}]}},"_links":{"self":[{"href":"https:\/\/www.isuo.eu\/2022\/wp-json\/wp\/v2\/pages\/724","targetHints":{"allow":["GET"]}}],"collection":[{"href":"https:\/\/www.isuo.eu\/2022\/wp-json\/wp\/v2\/pages"}],"about":[{"href":"https:\/\/www.isuo.eu\/2022\/wp-json\/wp\/v2\/types\/page"}],"author":[{"embeddable":true,"href":"https:\/\/www.isuo.eu\/2022\/wp-json\/wp\/v2\/users\/5"}],"replies":[{"embeddable":true,"href":"https:\/\/www.isuo.eu\/2022\/wp-json\/wp\/v2\/comments?post=724"}],"version-history":[{"count":10,"href":"https:\/\/www.isuo.eu\/2022\/wp-json\/wp\/v2\/pages\/724\/revisions"}],"predecessor-version":[{"id":1049,"href":"https:\/\/www.isuo.eu\/2022\/wp-json\/wp\/v2\/pages\/724\/revisions\/1049"}],"up":[{"embeddable":true,"href":"https:\/\/www.isuo.eu\/2022\/wp-json\/wp\/v2\/pages\/346"}],"wp:attachment":[{"href":"https:\/\/www.isuo.eu\/2022\/wp-json\/wp\/v2\/media?parent=724"}],"curies":[{"name":"wp","href":"https:\/\/api.w.org\/{rel}","templated":true}]}}