{"id":668,"date":"2022-07-04T14:21:45","date_gmt":"2022-07-04T12:21:45","guid":{"rendered":"https:\/\/www.isuo.eu\/2022\/?page_id=668"},"modified":"2022-07-04T14:24:31","modified_gmt":"2022-07-04T12:24:31","slug":"sponsor-werden","status":"publish","type":"page","link":"https:\/\/www.isuo.eu\/2022\/sponsoren\/sponsor-werden\/","title":{"rendered":"Sponsor werden"},"content":{"rendered":"\t\t<div data-elementor-type=\"wp-page\" data-elementor-id=\"668\" class=\"elementor elementor-668\" data-elementor-post-type=\"page\">\n\t\t\t\t\t\t<section data-particle_enable=\"false\" data-particle-mobile-disabled=\"false\" class=\"elementor-section elementor-top-section elementor-element elementor-element-515eb5c elementor-section-full_width elementor-section-height-default elementor-section-height-default\" data-id=\"515eb5c\" data-element_type=\"section\">\n\t\t\t\t\t\t<div class=\"elementor-container elementor-column-gap-default\">\n\t\t\t\t\t<div class=\"elementor-column elementor-col-100 elementor-top-column elementor-element elementor-element-a6edac0\" data-id=\"a6edac0\" data-element_type=\"column\">\n\t\t\t<div class=\"elementor-widget-wrap elementor-element-populated\">\n\t\t\t\t\t\t<div class=\"elementor-element elementor-element-1a036339 elementor-widget elementor-widget-heading\" data-id=\"1a036339\" data-element_type=\"widget\" data-widget_type=\"heading.default\">\n\t\t\t\t<div class=\"elementor-widget-container\">\n\t\t\t\t\t<h2 class=\"elementor-heading-title elementor-size-default\">Sponsor werden<\/h2>\t\t\t\t<\/div>\n\t\t\t\t<\/div>\n\t\t\t\t<div class=\"elementor-element elementor-element-581f5ba0 elementor-widget elementor-widget-text-editor\" data-id=\"581f5ba0\" data-element_type=\"widget\" data-widget_type=\"text-editor.default\">\n\t\t\t\t<div class=\"elementor-widget-container\">\n\t\t\t\t\t\t\t\t\t<p>Wir m\u00f6chten Sie herzlich einladen, dass 5. Internationales Symposium Uroonkologie zu begleiten und zu unterst\u00fctzen. Es bestehen verschiedene M\u00f6glichkeiten, f\u00fcr die Pr\u00e4sentation Ihres Unternehmens im Rahmen dieser Veranstaltung. <br \/>Gern senden wir Ihnen die entsprechenden Unterlagen zu.<\/p>\t\t\t\t\t\t\t\t<\/div>\n\t\t\t\t<\/div>\n\t\t\t\t<div class=\"elementor-element elementor-element-77b6526b elementor-widget elementor-widget-heading\" data-id=\"77b6526b\" data-element_type=\"widget\" data-widget_type=\"heading.default\">\n\t\t\t\t<div class=\"elementor-widget-container\">\n\t\t\t\t\t<h4 class=\"elementor-heading-title elementor-size-default\">Kongressorganisation \/ Sponsoring<\/h4>\t\t\t\t<\/div>\n\t\t\t\t<\/div>\n\t\t\t\t<div class=\"elementor-element elementor-element-1383b02f elementor-icon-list--layout-traditional elementor-list-item-link-full_width elementor-widget elementor-widget-icon-list\" data-id=\"1383b02f\" data-element_type=\"widget\" data-widget_type=\"icon-list.default\">\n\t\t\t\t<div class=\"elementor-widget-container\">\n\t\t\t\t\t\t\t<ul class=\"elementor-icon-list-items\">\n\t\t\t\t\t\t\t<li class=\"elementor-icon-list-item\">\n\t\t\t\t\t\t\t\t\t\t<span class=\"elementor-icon-list-text\"><b>Intercom Dresden GmbH<\/b><\/span>\n\t\t\t\t\t\t\t\t\t<\/li>\n\t\t\t\t\t\t\t\t<li class=\"elementor-icon-list-item\">\n\t\t\t\t\t\t\t\t\t\t<span class=\"elementor-icon-list-text\">Heike D\u00fcrichen, Katharina Henze<\/span>\n\t\t\t\t\t\t\t\t\t<\/li>\n\t\t\t\t\t\t\t\t<li class=\"elementor-icon-list-item\">\n\t\t\t\t\t\t\t\t\t\t<span class=\"elementor-icon-list-text\">Zellescher Weg 3<\/span>\n\t\t\t\t\t\t\t\t\t<\/li>\n\t\t\t\t\t\t\t\t<li class=\"elementor-icon-list-item\">\n\t\t\t\t\t\t\t\t\t\t<span class=\"elementor-icon-list-text\">01069 Dresden<\/span>\n\t\t\t\t\t\t\t\t\t<\/li>\n\t\t\t\t\t\t\t\t<li class=\"elementor-icon-list-item\">\n\t\t\t\t\t\t\t\t\t\t\t<span class=\"elementor-icon-list-icon\">\n\t\t\t\t\t\t\t<i aria-hidden=\"true\" class=\"fas fa-phone-alt\"><\/i>\t\t\t\t\t\t<\/span>\n\t\t\t\t\t\t\t\t\t\t<span class=\"elementor-icon-list-text\">+49 351 32017380 \/ 70<\/span>\n\t\t\t\t\t\t\t\t\t<\/li>\n\t\t\t\t\t\t\t\t<li class=\"elementor-icon-list-item\">\n\t\t\t\t\t\t\t\t\t\t\t<span class=\"elementor-icon-list-icon\">\n\t\t\t\t\t\t\t<i aria-hidden=\"true\" class=\"fas fa-print\"><\/i>\t\t\t\t\t\t<\/span>\n\t\t\t\t\t\t\t\t\t\t<span class=\"elementor-icon-list-text\">+49 351 32017333<\/span>\n\t\t\t\t\t\t\t\t\t<\/li>\n\t\t\t\t\t\t\t\t<li class=\"elementor-icon-list-item\">\n\t\t\t\t\t\t\t\t\t\t\t<a href=\"mailto:isuo@intercom.de%20\">\n\n\t\t\t\t\t\t\t\t\t\t\t\t<span class=\"elementor-icon-list-icon\">\n\t\t\t\t\t\t\t<i aria-hidden=\"true\" class=\"far fa-envelope\"><\/i>\t\t\t\t\t\t<\/span>\n\t\t\t\t\t\t\t\t\t\t<span class=\"elementor-icon-list-text\">isuo@intercom.de <\/span>\n\t\t\t\t\t\t\t\t\t\t\t<\/a>\n\t\t\t\t\t\t\t\t\t<\/li>\n\t\t\t\t\t\t\t\t<li class=\"elementor-icon-list-item\">\n\t\t\t\t\t\t\t\t\t\t\t<a href=\"https:\/\/www.intercom.de%20\">\n\n\t\t\t\t\t\t\t\t\t\t\t\t<span class=\"elementor-icon-list-icon\">\n\t\t\t\t\t\t\t<i aria-hidden=\"true\" class=\"fas fa-globe\"><\/i>\t\t\t\t\t\t<\/span>\n\t\t\t\t\t\t\t\t\t\t<span class=\"elementor-icon-list-text\">www.intercom.de <\/span>\n\t\t\t\t\t\t\t\t\t\t\t<\/a>\n\t\t\t\t\t\t\t\t\t<\/li>\n\t\t\t\t\t\t<\/ul>\n\t\t\t\t\t\t<\/div>\n\t\t\t\t<\/div>\n\t\t\t\t\t<\/div>\n\t\t<\/div>\n\t\t\t\t\t<\/div>\n\t\t<\/section>\n\t\t\t\t<\/div>\n\t\t","protected":false},"excerpt":{"rendered":"<p>Sponsor werden Wir m\u00f6chten Sie herzlich einladen, dass 5. Internationales Symposium Uroonkologie zu begleiten und zu unterst\u00fctzen. Es bestehen verschiedene M\u00f6glichkeiten, f\u00fcr die Pr\u00e4sentation Ihres Unternehmens im Rahmen dieser Veranstaltung. Gern senden wir Ihnen die entsprechenden Unterlagen zu. Kongressorganisation \/ Sponsoring Intercom Dresden GmbH Heike D\u00fcrichen, Katharina Henze Zellescher Weg 3 01069 Dresden +49 351 [&hellip;]<\/p>\n","protected":false},"author":5,"featured_media":0,"parent":339,"menu_order":0,"comment_status":"closed","ping_status":"closed","template":"elementor_theme","meta":{"footnotes":""},"class_list":["post-668","page","type-page","status-publish","hentry"],"yoast_head":"<!-- This site is optimized with the Yoast SEO plugin v26.7 - https:\/\/yoast.com\/wordpress\/plugins\/seo\/ -->\n<title>Sponsor werden - 5. Internationales Symposium Uroonkologie<\/title>\n<meta name=\"robots\" content=\"index, follow, max-snippet:-1, max-image-preview:large, max-video-preview:-1\" \/>\n<link rel=\"canonical\" href=\"https:\/\/www.isuo.eu\/2022\/sponsoren\/sponsor-werden\/\" \/>\n<meta property=\"og:locale\" content=\"de_DE\" \/>\n<meta property=\"og:type\" content=\"article\" \/>\n<meta property=\"og:title\" content=\"Sponsor werden - 5. Internationales Symposium Uroonkologie\" \/>\n<meta property=\"og:description\" content=\"Sponsor werden Wir m\u00f6chten Sie herzlich einladen, dass 5. Internationales Symposium Uroonkologie zu begleiten und zu unterst\u00fctzen. Es bestehen verschiedene M\u00f6glichkeiten, f\u00fcr die Pr\u00e4sentation Ihres Unternehmens im Rahmen dieser Veranstaltung. Gern senden wir Ihnen die entsprechenden Unterlagen zu. Kongressorganisation \/ Sponsoring Intercom Dresden GmbH Heike D\u00fcrichen, Katharina Henze Zellescher Weg 3 01069 Dresden +49 351 [&hellip;]\" \/>\n<meta property=\"og:url\" content=\"https:\/\/www.isuo.eu\/2022\/sponsoren\/sponsor-werden\/\" \/>\n<meta property=\"og:site_name\" content=\"5. Internationales Symposium Uroonkologie\" \/>\n<meta property=\"article:modified_time\" content=\"2022-07-04T12:24:31+00:00\" \/>\n<meta name=\"twitter:card\" content=\"summary_large_image\" \/>\n<meta name=\"twitter:label1\" content=\"Gesch\u00e4tzte Lesezeit\" \/>\n\t<meta name=\"twitter:data1\" content=\"1\u00a0Minute\" \/>\n<script type=\"application\/ld+json\" class=\"yoast-schema-graph\">{\"@context\":\"https:\/\/schema.org\",\"@graph\":[{\"@type\":\"WebPage\",\"@id\":\"https:\/\/www.isuo.eu\/2022\/sponsoren\/sponsor-werden\/\",\"url\":\"https:\/\/www.isuo.eu\/2022\/sponsoren\/sponsor-werden\/\",\"name\":\"Sponsor werden - 5. Internationales Symposium Uroonkologie\",\"isPartOf\":{\"@id\":\"https:\/\/www.isuo.eu\/2022\/#website\"},\"datePublished\":\"2022-07-04T12:21:45+00:00\",\"dateModified\":\"2022-07-04T12:24:31+00:00\",\"breadcrumb\":{\"@id\":\"https:\/\/www.isuo.eu\/2022\/sponsoren\/sponsor-werden\/#breadcrumb\"},\"inLanguage\":\"de\",\"potentialAction\":[{\"@type\":\"ReadAction\",\"target\":[\"https:\/\/www.isuo.eu\/2022\/sponsoren\/sponsor-werden\/\"]}]},{\"@type\":\"BreadcrumbList\",\"@id\":\"https:\/\/www.isuo.eu\/2022\/sponsoren\/sponsor-werden\/#breadcrumb\",\"itemListElement\":[{\"@type\":\"ListItem\",\"position\":1,\"name\":\"Startseite\",\"item\":\"https:\/\/www.isuo.eu\/2022\/\"},{\"@type\":\"ListItem\",\"position\":2,\"name\":\"Sponsoren\",\"item\":\"https:\/\/www.isuo.eu\/2022\/sponsoren\/\"},{\"@type\":\"ListItem\",\"position\":3,\"name\":\"Sponsor werden\"}]},{\"@type\":\"WebSite\",\"@id\":\"https:\/\/www.isuo.eu\/2022\/#website\",\"url\":\"https:\/\/www.isuo.eu\/2022\/\",\"name\":\"5. Internationales Symposium Uroonkologie\",\"description\":\"\",\"potentialAction\":[{\"@type\":\"SearchAction\",\"target\":{\"@type\":\"EntryPoint\",\"urlTemplate\":\"https:\/\/www.isuo.eu\/2022\/?s={search_term_string}\"},\"query-input\":{\"@type\":\"PropertyValueSpecification\",\"valueRequired\":true,\"valueName\":\"search_term_string\"}}],\"inLanguage\":\"de\"}]}<\/script>\n<!-- \/ Yoast SEO plugin. -->","yoast_head_json":{"title":"Sponsor werden - 5. Internationales Symposium Uroonkologie","robots":{"index":"index","follow":"follow","max-snippet":"max-snippet:-1","max-image-preview":"max-image-preview:large","max-video-preview":"max-video-preview:-1"},"canonical":"https:\/\/www.isuo.eu\/2022\/sponsoren\/sponsor-werden\/","og_locale":"de_DE","og_type":"article","og_title":"Sponsor werden - 5. Internationales Symposium Uroonkologie","og_description":"Sponsor werden Wir m\u00f6chten Sie herzlich einladen, dass 5. Internationales Symposium Uroonkologie zu begleiten und zu unterst\u00fctzen. Es bestehen verschiedene M\u00f6glichkeiten, f\u00fcr die Pr\u00e4sentation Ihres Unternehmens im Rahmen dieser Veranstaltung. Gern senden wir Ihnen die entsprechenden Unterlagen zu. Kongressorganisation \/ Sponsoring Intercom Dresden GmbH Heike D\u00fcrichen, Katharina Henze Zellescher Weg 3 01069 Dresden +49 351 [&hellip;]","og_url":"https:\/\/www.isuo.eu\/2022\/sponsoren\/sponsor-werden\/","og_site_name":"5. Internationales Symposium Uroonkologie","article_modified_time":"2022-07-04T12:24:31+00:00","twitter_card":"summary_large_image","twitter_misc":{"Gesch\u00e4tzte Lesezeit":"1\u00a0Minute"},"schema":{"@context":"https:\/\/schema.org","@graph":[{"@type":"WebPage","@id":"https:\/\/www.isuo.eu\/2022\/sponsoren\/sponsor-werden\/","url":"https:\/\/www.isuo.eu\/2022\/sponsoren\/sponsor-werden\/","name":"Sponsor werden - 5. Internationales Symposium Uroonkologie","isPartOf":{"@id":"https:\/\/www.isuo.eu\/2022\/#website"},"datePublished":"2022-07-04T12:21:45+00:00","dateModified":"2022-07-04T12:24:31+00:00","breadcrumb":{"@id":"https:\/\/www.isuo.eu\/2022\/sponsoren\/sponsor-werden\/#breadcrumb"},"inLanguage":"de","potentialAction":[{"@type":"ReadAction","target":["https:\/\/www.isuo.eu\/2022\/sponsoren\/sponsor-werden\/"]}]},{"@type":"BreadcrumbList","@id":"https:\/\/www.isuo.eu\/2022\/sponsoren\/sponsor-werden\/#breadcrumb","itemListElement":[{"@type":"ListItem","position":1,"name":"Startseite","item":"https:\/\/www.isuo.eu\/2022\/"},{"@type":"ListItem","position":2,"name":"Sponsoren","item":"https:\/\/www.isuo.eu\/2022\/sponsoren\/"},{"@type":"ListItem","position":3,"name":"Sponsor werden"}]},{"@type":"WebSite","@id":"https:\/\/www.isuo.eu\/2022\/#website","url":"https:\/\/www.isuo.eu\/2022\/","name":"5. Internationales Symposium Uroonkologie","description":"","potentialAction":[{"@type":"SearchAction","target":{"@type":"EntryPoint","urlTemplate":"https:\/\/www.isuo.eu\/2022\/?s={search_term_string}"},"query-input":{"@type":"PropertyValueSpecification","valueRequired":true,"valueName":"search_term_string"}}],"inLanguage":"de"}]}},"_links":{"self":[{"href":"https:\/\/www.isuo.eu\/2022\/wp-json\/wp\/v2\/pages\/668","targetHints":{"allow":["GET"]}}],"collection":[{"href":"https:\/\/www.isuo.eu\/2022\/wp-json\/wp\/v2\/pages"}],"about":[{"href":"https:\/\/www.isuo.eu\/2022\/wp-json\/wp\/v2\/types\/page"}],"author":[{"embeddable":true,"href":"https:\/\/www.isuo.eu\/2022\/wp-json\/wp\/v2\/users\/5"}],"replies":[{"embeddable":true,"href":"https:\/\/www.isuo.eu\/2022\/wp-json\/wp\/v2\/comments?post=668"}],"version-history":[{"count":4,"href":"https:\/\/www.isuo.eu\/2022\/wp-json\/wp\/v2\/pages\/668\/revisions"}],"predecessor-version":[{"id":675,"href":"https:\/\/www.isuo.eu\/2022\/wp-json\/wp\/v2\/pages\/668\/revisions\/675"}],"up":[{"embeddable":true,"href":"https:\/\/www.isuo.eu\/2022\/wp-json\/wp\/v2\/pages\/339"}],"wp:attachment":[{"href":"https:\/\/www.isuo.eu\/2022\/wp-json\/wp\/v2\/media?parent=668"}],"curies":[{"name":"wp","href":"https:\/\/api.w.org\/{rel}","templated":true}]}}