{"id":527,"date":"2022-06-08T15:18:17","date_gmt":"2022-06-08T13:18:17","guid":{"rendered":"https:\/\/www.isuo.eu\/2022\/?page_id=527"},"modified":"2022-11-25T17:31:35","modified_gmt":"2022-11-25T16:31:35","slug":"programm","status":"publish","type":"page","link":"https:\/\/www.isuo.eu\/2022\/programm\/","title":{"rendered":"Programm"},"content":{"rendered":"\t\t<div data-elementor-type=\"wp-page\" data-elementor-id=\"527\" class=\"elementor elementor-527\" data-elementor-post-type=\"page\">\n\t\t\t\t\t\t<section data-particle_enable=\"false\" data-particle-mobile-disabled=\"false\" class=\"elementor-section elementor-top-section elementor-element elementor-element-f4fe4eb elementor-section-full_width elementor-section-height-default elementor-section-height-default\" data-id=\"f4fe4eb\" data-element_type=\"section\">\n\t\t\t\t\t\t<div class=\"elementor-container elementor-column-gap-default\">\n\t\t\t\t\t<div class=\"elementor-column elementor-col-100 elementor-top-column elementor-element elementor-element-65b0f59\" data-id=\"65b0f59\" data-element_type=\"column\">\n\t\t\t<div class=\"elementor-widget-wrap elementor-element-populated\">\n\t\t\t\t\t\t<div class=\"elementor-element elementor-element-5b1149b elementor-widget elementor-widget-heading\" data-id=\"5b1149b\" data-element_type=\"widget\" data-widget_type=\"heading.default\">\n\t\t\t\t<div class=\"elementor-widget-container\">\n\t\t\t\t\t<h2 class=\"elementor-heading-title elementor-size-default\">Programm<\/h2>\t\t\t\t<\/div>\n\t\t\t\t<\/div>\n\t\t\t\t\t<\/div>\n\t\t<\/div>\n\t\t\t\t\t<\/div>\n\t\t<\/section>\n\t\t\t\t<section data-particle_enable=\"false\" data-particle-mobile-disabled=\"false\" class=\"elementor-section elementor-top-section elementor-element elementor-element-c845c15 elementor-section-full_width elementor-section-height-default elementor-section-height-default\" data-id=\"c845c15\" data-element_type=\"section\">\n\t\t\t\t\t\t<div class=\"elementor-container elementor-column-gap-default\">\n\t\t\t\t\t<div class=\"elementor-column elementor-col-50 elementor-top-column elementor-element elementor-element-668e9f3\" data-id=\"668e9f3\" data-element_type=\"column\">\n\t\t\t<div class=\"elementor-widget-wrap elementor-element-populated\">\n\t\t\t\t\t\t<div class=\"elementor-element elementor-element-decf6d4 elementor-widget elementor-widget-text-editor\" data-id=\"decf6d4\" data-element_type=\"widget\" data-widget_type=\"text-editor.default\">\n\t\t\t\t<div class=\"elementor-widget-container\">\n\t\t\t\t\t\t\t\t\t<p><strong>Veranstaltungsformat<\/strong><\/p>\t\t\t\t\t\t\t\t<\/div>\n\t\t\t\t<\/div>\n\t\t\t\t\t<\/div>\n\t\t<\/div>\n\t\t\t\t<div class=\"elementor-column elementor-col-50 elementor-top-column elementor-element elementor-element-88ff2d5\" data-id=\"88ff2d5\" data-element_type=\"column\">\n\t\t\t<div class=\"elementor-widget-wrap elementor-element-populated\">\n\t\t\t\t\t\t<div class=\"elementor-element elementor-element-3eebf37 elementor-widget elementor-widget-text-editor\" data-id=\"3eebf37\" data-element_type=\"widget\" data-widget_type=\"text-editor.default\">\n\t\t\t\t<div class=\"elementor-widget-container\">\n\t\t\t\t\t\t\t\t\t<p>Das Symposium findet hybrid und zweisprachig mit Simultan\u00fcbersetzung statt, so dass Sie alle Informationen ohne Verlust verfolgen k\u00f6nnen.<\/p>\t\t\t\t\t\t\t\t<\/div>\n\t\t\t\t<\/div>\n\t\t\t\t\t<\/div>\n\t\t<\/div>\n\t\t\t\t\t<\/div>\n\t\t<\/section>\n\t\t\t\t<section data-particle_enable=\"false\" data-particle-mobile-disabled=\"false\" class=\"elementor-section elementor-top-section elementor-element elementor-element-81416cb elementor-section-full_width elementor-section-height-default elementor-section-height-default\" data-id=\"81416cb\" data-element_type=\"section\">\n\t\t\t\t\t\t<div class=\"elementor-container elementor-column-gap-default\">\n\t\t\t\t\t<div class=\"elementor-column elementor-col-100 elementor-top-column elementor-element elementor-element-987eca0\" data-id=\"987eca0\" data-element_type=\"column\">\n\t\t\t<div class=\"elementor-widget-wrap elementor-element-populated\">\n\t\t\t\t\t\t<div class=\"elementor-element elementor-element-dff6d3e elementor-tabs-view-horizontal elementor-widget elementor-widget-tabs\" data-id=\"dff6d3e\" data-element_type=\"widget\" data-widget_type=\"tabs.default\">\n\t\t\t\t<div class=\"elementor-widget-container\">\n\t\t\t\t\t\t\t<div class=\"elementor-tabs\">\n\t\t\t<div class=\"elementor-tabs-wrapper\" role=\"tablist\" >\n\t\t\t\t\t\t\t\t\t<div id=\"elementor-tab-title-2341\" class=\"elementor-tab-title elementor-tab-desktop-title\" aria-selected=\"true\" data-tab=\"1\" role=\"tab\" tabindex=\"0\" aria-controls=\"elementor-tab-content-2341\" aria-expanded=\"false\">Freitag, 02.12.2022<\/div>\n\t\t\t\t\t\t\t\t\t<div id=\"elementor-tab-title-2342\" class=\"elementor-tab-title elementor-tab-desktop-title\" aria-selected=\"false\" data-tab=\"2\" role=\"tab\" tabindex=\"-1\" aria-controls=\"elementor-tab-content-2342\" aria-expanded=\"false\">Samstag, 03.12.2022<\/div>\n\t\t\t\t\t\t\t<\/div>\n\t\t\t<div class=\"elementor-tabs-content-wrapper\" role=\"tablist\" aria-orientation=\"vertical\">\n\t\t\t\t\t\t\t\t\t<div class=\"elementor-tab-title elementor-tab-mobile-title\" aria-selected=\"true\" data-tab=\"1\" role=\"tab\" tabindex=\"0\" aria-controls=\"elementor-tab-content-2341\" aria-expanded=\"false\">Freitag, 02.12.2022<\/div>\n\t\t\t\t\t<div id=\"elementor-tab-content-2341\" class=\"elementor-tab-content elementor-clearfix\" data-tab=\"1\" role=\"tabpanel\" aria-labelledby=\"elementor-tab-title-2341\" tabindex=\"0\" hidden=\"false\">\t\t<div data-elementor-type=\"section\" data-elementor-id=\"985\" class=\"elementor elementor-985\" data-elementor-post-type=\"elementor_library\">\n\t\t\t\t\t<section data-particle_enable=\"false\" data-particle-mobile-disabled=\"false\" class=\"elementor-section elementor-top-section elementor-element elementor-element-9be3fae elementor-section-full_width elementor-section-height-default elementor-section-height-default\" data-id=\"9be3fae\" data-element_type=\"section\">\n\t\t\t\t\t\t<div class=\"elementor-container elementor-column-gap-default\">\n\t\t\t\t\t<div class=\"elementor-column elementor-col-100 elementor-top-column elementor-element elementor-element-022a1f5\" data-id=\"022a1f5\" data-element_type=\"column\">\n\t\t\t<div class=\"elementor-widget-wrap elementor-element-populated\">\n\t\t\t\t\t\t<div class=\"elementor-element elementor-element-e317977 elementor-widget elementor-widget-text-editor\" data-id=\"e317977\" data-element_type=\"widget\" data-widget_type=\"text-editor.default\">\n\t\t\t\t<div class=\"elementor-widget-container\">\n\t\t\t\t\t\t\t\t\t<table><tbody><tr><td><b>09.00 Uhr<\/b><\/td><td>Begr\u00fc\u00dfung<\/td><td>Martin Schostak, Magdeburg<\/td><\/tr><tr><td><b>09.10 Uhr<\/b><\/td><td><table class=\"inner\"><tbody><tr><td><b>Therapieoptionen des Low Risk Prostatakarzinoms<\/b><\/td><td>Moderation<\/td><\/tr><\/tbody><\/table><\/td><td>Martin Schostak, Magdeburg; Joachim Noldus, Herne<\/td><\/tr><tr><td class=\"right\">09:10\u00a0Uhr<\/td><td>Fallvorstellung<\/td><td>Constantin Rieger, K\u00f6ln<\/td><\/tr><tr><td class=\"right\">09.15 Uhr<\/td><td>Die aktive Therapie ist OUT<\/td><td>Kurt Miller, Berlin<\/td><\/tr><tr><td class=\"right\">09.25 Uhr<\/td><td>Die radikale Prostatektomie bleibt Therapie der Wahl<\/td><td>Alexander Haese, Hamburg<\/td><\/tr><tr><td class=\"right\">09.35 Uhr<\/td><td>TOOKAD ist das einzig Wahre<\/td><td>Angelika Borkowetz, Dresden<\/td><\/tr><tr><td class=\"right\">09.45 Uhr<\/td><td>Fokale HIFU ist die optimale L\u00f6sung<\/td><td>Roman Ganzer, Bad T\u00f6lz<\/td><\/tr><tr><td class=\"right\">09.55 Uhr<\/td><td>Zusammenfassung<\/td><td>Martin Schostak, Magdeburg<\/td><\/tr><tr><td><b>10.00 Uhr<\/b><\/td><td><table class=\"inner\"><tbody><tr><td><b>Das lokal fortgeschrittene Prostatakarzinom \u2013 kurative Optionen 2022<\/b><\/td><td>Moderation<\/td><\/tr><\/tbody><\/table><\/td><td>Axel Heidenreich, K\u00f6ln; Kurt Miller, Berlin<\/td><\/tr><tr><td class=\"right\">10.00 Uhr<\/td><td>Fallvorstellung<\/td><td>Melis G\u00fcr, Magdeburg<\/td><\/tr><tr><td class=\"right\">10.05 Uhr<\/td><td>Prostatapathologie \u2013 Brandneues von der WHO<\/td><td>Glen Kristiansen, Bonn<\/td><\/tr><tr><td class=\"right\">10.15 Uhr<\/td><td>Kann der Einsatz der radioguided surgery die Kurationsrate verbessern?<\/td><td>Tobias Maurer, Hamburg<\/td><\/tr><tr><td class=\"right\">10.25 Uhr<\/td><td>Radikale Prostatektomie bei Lymphknoten-positivem Prostatakarzinom: auf jeden Fall<\/td><td>Joachim Noldus, Herne<\/td><\/tr><tr><td class=\"right\">10.35 Uhr<\/td><td>HDR-Brachytherapie ist die beste Wahl<\/td><td>Alberto Bossi, Paris<\/td><\/tr><tr><td class=\"right\">10.45 Uhr<\/td><td>Zusammenfassung<\/td><td>Axel Heidenreich, K\u00f6ln<\/td><\/tr><tr><td><b>10.45-11.15 Uhr<\/b><\/td><td colspan=\"2\"><b>Kaffeepause<\/b><\/td><\/tr><tr><td><b>11.15 Uhr<\/b><\/td><td><table class=\"inner\"><tbody><tr><td><b>Nicht-muskelinvasives Urothelkarzinom der Harnblase \u2013 Update 2022<\/b><\/td><td>Moderation<\/td><\/tr><\/tbody><\/table><\/td><td>Maurizio Brausi, Modena; Uwe-Bernd. Liehr, Magdeburg<\/td><\/tr><tr><td class=\"right\">11.15 Uhr<\/td><td>Fraktionierte TUR-B versus en-bloc Resektion<\/td><td>Julian Struck, Brandenburg<\/td><\/tr><tr><td class=\"right\">11.25 Uhr<\/td><td>BCG versus HIVEC: welche Option ist besser?<\/td><td>F\u00e9lix Guerrero-Ramos, Madrid<\/td><\/tr><tr><td class=\"right\">11.35 Uhr<\/td><td>BCG refrakt\u00e4res CIS: Pembrolizumab, Gemcitabine oder doch radikale Zystektomie?<\/td><td>Eva Comperat, Wien<\/td><\/tr><tr><td class=\"right\">11.45 Uhr<\/td><td colspan=\"3\">Falldiskussion<\/td><\/tr><tr><td><b>12.00 Uhr<\/b><\/td><td colspan=\"1\"><b>Satellitensymposium I Merck Healthcare Germany GmbH<\/b><br \/><b>Fortgeschrittenes Urothelkarzinom \u2013 Aktuelle Behandlungsans\u00e4tze in Klinik und Praxis<\/b><\/td><td>Martin Schostak, Magdeburg \/ Angelika Borkowetz, Dresden<\/td><\/tr><tr><td><b>12.45\u201313.45 Uhr<\/b><\/td><td colspan=\"3\"><b>Mittagspause<\/b><\/td><\/tr><tr><td><b>13.45 Uhr<\/b><\/td><td><table class=\"inner\"><tbody><tr><td><b>Muskelinvasives Urothelkarzinom der Harnblase<\/b><\/td><td>Moderation<\/td><\/tr><\/tbody><\/table><\/td><td>Dirk Vordermark, Halle<\/td><\/tr><tr><td class=\"right\">13.45 Uhr<\/td><td>Fallpr\u00e4sentation<\/td><td>Christina Steinbach, K\u00f6ln<\/td><\/tr><tr><td class=\"right\">13.50 Uhr<\/td><td>Die radikale Zystektomie bleibt die Therapie der Wahl<\/td><td>Maurizio Brausi, Modena<\/td><\/tr><tr><td class=\"right\">14.00 Uhr<\/td><td>Die trimodale Therapie ist der neue Standard<\/td><td>Oliver Ott, Erlangen<\/td><\/tr><tr><td class=\"right\">14.10 Uhr<\/td><td colspan=\"3\">Diskussion<\/td><\/tr><tr><td><b>14.30-15.15 Uhr<\/b><\/td><td colspan=\"1\"><b>Satellitensymposium II Novartis Radiopharmaceuticals GmbH<\/b><br \/><b>Der geeignete Pca-Patient f\u00fcr eine Radioligandentherapie &#8211; Zusammenarbeit von Klinik und Praxis<\/b><\/td><td>Andreas Ha\u00dfler, Berlin \/ Ahmed Magheli, Berlin \/ Michail Plotkin, Berlin<\/td><\/tr><tr><td><b>15.15 Uhr<\/b><\/td><td colspan=\"3\"><b>Kaffeepause<\/b><\/td><\/tr><tr><td><b>16.00 Uhr<\/b><\/td><td><table class=\"inner\"><tbody><tr><td><b>SEMI-LIVE Chirurgie<\/b><\/td><td>Moderation<\/td><\/tr><\/tbody><\/table><\/td><td>Maurizio Brausi, Modena; Christian Bach, Aachen<\/td><\/tr><tr><td class=\"right\">16.00 Uhr<\/td><td>Robotische radikale Zystektomie mit orthotoper Ileum Neoblase<\/td><td>Friedrich von Rundstedt, Wuppertal<\/td><\/tr><tr><td class=\"right\">16.15 Uhr<\/td><td>Offene radikale Zystektomie mit orthotoper Ileum Neoblase<\/td><td>Thomas Horn, M\u00fcnchen<\/td><\/tr><tr><td class=\"right\">16.30 Uhr<\/td><td>Robotische versus offene Zystektomie: was wir tun, aber nicht wissen<\/td><td>Sharok Shariat, Wien<\/td><\/tr><tr><td><b>17.00 Uhr<\/b><\/td><td><table class=\"inner\"><tbody><tr><td><b>Prostatakarzinomrezidiv nach lokaler Therapie \u2013 Optionen der Kuration<\/b><\/td><td>Moderation<\/td><\/tr><\/tbody><\/table><\/td><td>Alberto Bossi, Paris; D. Pfister, K\u00f6ln<\/td><\/tr><tr><td class=\"right\">17.00 Uhr<\/td><td>Fallvorstellung \u2013 Lokalrezidiv nach Strahlentherapie<\/td><td>Alexander Fehr, Magdeburg<\/td><\/tr><tr><td class=\"right\">17.05 Uhr<\/td><td>Die fokale Salvage Therapie ist zu bevorzugen<\/td><td>Martin Schostak, Magdeburg<\/td><\/tr><tr><td class=\"right\">17.15 Uhr<\/td><td>Die radikale Salvage Prostatektomie ist die kurative Option der Wahl<\/td><td>Axel Heidenreich, K\u00f6ln<\/td><\/tr><tr><td class=\"right\">17.25 Uhr<\/td><td colspan=\"3\">Diskussion<\/td><\/tr><tr><td class=\"right\">17.40 Uhr<\/td><td>Fallvorstellung \u2013 intrapelvines LK-Rezidiv nach radikaler Prostatektomie<\/td><td>Lukas Kastner, K\u00f6ln<\/td><\/tr><tr><td class=\"right\">17.45 Uhr<\/td><td>Die pelvine Salvage Lymphadektomie als kurative Therapieoption<\/td><td>David Pfister, K\u00f6ln<\/td><\/tr><tr><td class=\"right\">17.55 Uhr<\/td><td>Salvage Radiotherapie ist zu bevorzugen<\/td><td>Alexandros Papachristofilou, Basel<\/td><\/tr><tr><td class=\"right\">18.05 Uhr<\/td><td colspan=\"3\">Diskussion<\/td><\/tr><tr><td><b>18.20 Uhr<\/b><\/td><td colspan=\"3\"><b>Ende Tag 1<\/b><\/td><\/tr><\/tbody><\/table>\t\t\t\t\t\t\t\t<\/div>\n\t\t\t\t<\/div>\n\t\t\t\t\t<\/div>\n\t\t<\/div>\n\t\t\t\t\t<\/div>\n\t\t<\/section>\n\t\t\t\t<\/div>\n\t\t<\/div>\n\t\t\t\t\t\t\t\t\t<div class=\"elementor-tab-title elementor-tab-mobile-title\" aria-selected=\"false\" data-tab=\"2\" role=\"tab\" tabindex=\"-1\" aria-controls=\"elementor-tab-content-2342\" aria-expanded=\"false\">Samstag, 03.12.2022<\/div>\n\t\t\t\t\t<div id=\"elementor-tab-content-2342\" class=\"elementor-tab-content elementor-clearfix\" data-tab=\"2\" role=\"tabpanel\" aria-labelledby=\"elementor-tab-title-2342\" tabindex=\"0\" hidden=\"hidden\">\t\t<div data-elementor-type=\"section\" data-elementor-id=\"1001\" class=\"elementor elementor-1001\" data-elementor-post-type=\"elementor_library\">\n\t\t\t\t\t<section data-particle_enable=\"false\" data-particle-mobile-disabled=\"false\" class=\"elementor-section elementor-top-section elementor-element elementor-element-ea64fcc elementor-section-full_width elementor-section-height-default elementor-section-height-default\" data-id=\"ea64fcc\" data-element_type=\"section\">\n\t\t\t\t\t\t<div class=\"elementor-container elementor-column-gap-default\">\n\t\t\t\t\t<div class=\"elementor-column elementor-col-100 elementor-top-column elementor-element elementor-element-0dede0f\" data-id=\"0dede0f\" data-element_type=\"column\">\n\t\t\t<div class=\"elementor-widget-wrap elementor-element-populated\">\n\t\t\t\t\t\t<div class=\"elementor-element elementor-element-62be2d8 elementor-widget elementor-widget-text-editor\" data-id=\"62be2d8\" data-element_type=\"widget\" data-widget_type=\"text-editor.default\">\n\t\t\t\t<div class=\"elementor-widget-container\">\n\t\t\t\t\t\t\t\t\t<table><tbody><tr><td><b>08.30 Uhr<\/b><\/td><td><table class=\"inner\"><tbody><tr><td><b>Das Nierenzellkarzinom: Kontroversen und Innovationen<\/b><\/td><td>Moderation<\/td><\/tr><\/tbody><\/table><\/td><td>Florian Seseke, Halle (Saale); Viktor Gr\u00fcnwald, Essen<\/td><\/tr><tr><td class=\"right\">08.30 Uhr<\/td><td>Fallvorstellung small renal mass<\/td><td>Theresa von Zehmen, K\u00f6ln<\/td><\/tr><tr><td class=\"right\">08.35 Uhr<\/td><td>Aktive Surveillance ist die Therapie der Wahl<\/td><td>Tobias Klatte, Berlin<\/td><\/tr><tr><td class=\"right\">08.45 Uhr<\/td><td>Die robotische Nierentumorenukleation befreit von allen Sorgen<\/td><td>Stefan Siemer, Homburg\/Saar<\/td><\/tr><tr><td class=\"right\">08.55 Uhr<\/td><td>Die fokale Therapie ist eine effektive Therapie<\/td><td>Bernhard Gebauer, Berlin<\/td><\/tr><tr><td class=\"right\">09.05 Uhr<\/td><td>Fallvorstellung metastasiertes Nierenzellkarzinom<\/td><td>Alexander Fehr, Magdeburg<\/td><\/tr><tr><td class=\"right\">09.10 Uhr<\/td><td>Stellenwert der zytoreduktiven Nephrektomie unter immunonkologischer Therapie<\/td><td>Arnaud M\u00e9jean, Paris<\/td><\/tr><tr><td class=\"right\">09.25 Uhr<\/td><td>Systemtherapie seltener Histologien (papill\u00e4r, chromophob, Ductus Bellini etc.)<\/td><td>Viktor Gr\u00fcnwald, Essen<\/td><\/tr><tr><td><b>09.40-10.25 Uhr<\/b><\/td><td><table class=\"inner\"><tbody><tr><td><b>Satellitensymposium III AstraZeneca GmbH<br \/><\/b><strong>Stellenwert der PARP-Inhibition beim mCRPC<\/strong><br \/>Aurelius Omlin, St. Gallen (SZ); Carsten-Henning Ohlmann, Bonn<\/td><td>Moderation<\/td><\/tr><\/tbody><\/table><\/td><td>Martin Schostak, Magdeburg<\/td><\/tr><tr><td><b>10.25 Uhr<\/b><\/td><td colspan=\"2\"><b>Kaffeepause<\/b><\/td><\/tr><tr><td><b>11.00 Uhr<\/b><\/td><td><table class=\"inner\"><tbody><tr><td><b>Testikul\u00e4re Keimzelltumoren<\/b><\/td><td>Moderation<\/td><\/tr><\/tbody><\/table><\/td><td>\u00a0Pia Paffenholz, K\u00f6ln; Johann Wendler, Magdeburg<\/td><\/tr><tr><td class=\"right\">11.00 Uhr<\/td><td>Adjuvante Therapie im klinischen Stadium I: hilft miR371<\/td><td>Klaus-Peter Dieckmann, Hamburg<\/td><\/tr><tr><td class=\"right\">11.15 Uhr<\/td><td>Renaissance der RPLA im klinischen Stadium IIA\/B<\/td><td>Nicola Nicolai, Mailand<\/td><\/tr><tr><td class=\"right\">11.30 Uhr<\/td><td>Die postchemotherapeutische Residualtumorresektion: wer, wann und wie?<\/td><td>Axel Heidenreich, K\u00f6ln<\/td><\/tr><tr><td><b>11.55 Uhr<\/b><\/td><td><table class=\"inner\"><tbody><tr><td><b>Das systemisch metastasierte Prostatakarzinom<\/b><\/td><td>Moderation<\/td><\/tr><\/tbody><\/table><\/td><td>Viktor Gr\u00fcnwald, Essen; Martin Schostak, Magdeburg<\/td><\/tr><tr><td class=\"right\">11.55 Uhr<\/td><td>Fallvorstellung oligometastasiertes Prostatakarzinom<\/td><td>Melis G\u00fcr, Magdeburg<\/td><\/tr><tr><td class=\"right\">12.00 Uhr<\/td><td>Zytoreduktive radio-onkologische Therapie als Therapiekonzept<\/td><td>Thomas Brunner, Graz<\/td><\/tr><tr><td class=\"right\">12.15 Uhr<\/td><td>Zytoreduktive radikale Prostatektomie als Therapieoption<\/td><td>David Pfister, K\u00f6ln<\/td><\/tr><tr><td class=\"right\">12.30 Uhr<\/td><td>Zusammenfassung und Diskussion<\/td><td>Martin Schostak, Magdeburg<\/td><\/tr><tr><td><b>12.45 Uhr\u201313.30 Uhr<\/b><\/td><td colspan=\"1\"><b>Satellitensymposium IV MSD SHARP &amp; DOHME GMBH <br \/><\/b><strong>Das Nierenzellkarzinom- f\u00fcr jeden Patienten die geeignete Therapie?<\/strong><br \/><strong>Ein \u00dcberblick zur Therapielandschaft des\u00a0adjuvanten und metastasierten Nierenzellkarzinoms.<\/strong><\/td><td>Moderation: V. Gr\u00fcnwald, Essen \/ P. Paffenholz, K\u00f6ln<\/td><\/tr><tr><td><b>13.30 Uhr<\/b><\/td><td><b>Zusammenfassung und Ausblick 2023<\/b><\/td><td>Axel Heidenreich, K\u00f6ln<\/td><\/tr><tr><td><b>14.00 Uhr<\/b><\/td><td colspan=\"3\"><b>Ende des Symposiums<\/b><\/td><\/tr><\/tbody><\/table>\t\t\t\t\t\t\t\t<\/div>\n\t\t\t\t<\/div>\n\t\t\t\t\t<\/div>\n\t\t<\/div>\n\t\t\t\t\t<\/div>\n\t\t<\/section>\n\t\t\t\t<\/div>\n\t\t<\/div>\n\t\t\t\t\t\t\t<\/div>\n\t\t<\/div>\n\t\t\t\t\t\t<\/div>\n\t\t\t\t<\/div>\n\t\t\t\t\t<\/div>\n\t\t<\/div>\n\t\t\t\t\t<\/div>\n\t\t<\/section>\n\t\t\t\t<\/div>\n\t\t","protected":false},"excerpt":{"rendered":"<p>Programm Veranstaltungsformat Das Symposium findet hybrid und zweisprachig mit Simultan\u00fcbersetzung statt, so dass Sie alle Informationen ohne Verlust verfolgen k\u00f6nnen. Freitag, 02.12.2022 Samstag, 03.12.2022 Freitag, 02.12.2022 09.00 Uhr Begr\u00fc\u00dfung Martin Schostak, Magdeburg 09.10 Uhr Therapieoptionen des Low Risk Prostatakarzinoms Moderation Martin Schostak, Magdeburg; Joachim Noldus, Herne 09:10&nbsp;Uhr Fallvorstellung Constantin Rieger, K\u00f6ln 09.15 Uhr Die aktive [&hellip;]<\/p>\n","protected":false},"author":5,"featured_media":0,"parent":0,"menu_order":0,"comment_status":"closed","ping_status":"closed","template":"elementor_theme","meta":{"footnotes":""},"class_list":["post-527","page","type-page","status-publish","hentry"],"yoast_head":"<!-- This site is optimized with the Yoast SEO plugin v26.7 - https:\/\/yoast.com\/wordpress\/plugins\/seo\/ -->\n<title>Programm - 5. Internationales Symposium Uroonkologie<\/title>\n<meta name=\"robots\" content=\"index, follow, max-snippet:-1, max-image-preview:large, max-video-preview:-1\" \/>\n<link rel=\"canonical\" href=\"https:\/\/www.isuo.eu\/2022\/programm\/\" \/>\n<meta property=\"og:locale\" content=\"de_DE\" \/>\n<meta property=\"og:type\" content=\"article\" \/>\n<meta property=\"og:title\" content=\"Programm - 5. Internationales Symposium Uroonkologie\" \/>\n<meta property=\"og:description\" content=\"Programm Veranstaltungsformat Das Symposium findet hybrid und zweisprachig mit Simultan\u00fcbersetzung statt, so dass Sie alle Informationen ohne Verlust verfolgen k\u00f6nnen. Freitag, 02.12.2022 Samstag, 03.12.2022 Freitag, 02.12.2022 09.00 Uhr Begr\u00fc\u00dfung Martin Schostak, Magdeburg 09.10 Uhr Therapieoptionen des Low Risk Prostatakarzinoms Moderation Martin Schostak, Magdeburg; Joachim Noldus, Herne 09:10&nbsp;Uhr Fallvorstellung Constantin Rieger, K\u00f6ln 09.15 Uhr Die aktive [&hellip;]\" \/>\n<meta property=\"og:url\" content=\"https:\/\/www.isuo.eu\/2022\/programm\/\" \/>\n<meta property=\"og:site_name\" content=\"5. Internationales Symposium Uroonkologie\" \/>\n<meta property=\"article:modified_time\" content=\"2022-11-25T16:31:35+00:00\" \/>\n<meta name=\"twitter:card\" content=\"summary_large_image\" \/>\n<meta name=\"twitter:label1\" content=\"Gesch\u00e4tzte Lesezeit\" \/>\n\t<meta name=\"twitter:data1\" content=\"9\u00a0Minuten\" \/>\n<script type=\"application\/ld+json\" class=\"yoast-schema-graph\">{\"@context\":\"https:\/\/schema.org\",\"@graph\":[{\"@type\":\"WebPage\",\"@id\":\"https:\/\/www.isuo.eu\/2022\/programm\/\",\"url\":\"https:\/\/www.isuo.eu\/2022\/programm\/\",\"name\":\"Programm - 5. Internationales Symposium Uroonkologie\",\"isPartOf\":{\"@id\":\"https:\/\/www.isuo.eu\/2022\/#website\"},\"datePublished\":\"2022-06-08T13:18:17+00:00\",\"dateModified\":\"2022-11-25T16:31:35+00:00\",\"breadcrumb\":{\"@id\":\"https:\/\/www.isuo.eu\/2022\/programm\/#breadcrumb\"},\"inLanguage\":\"de\",\"potentialAction\":[{\"@type\":\"ReadAction\",\"target\":[\"https:\/\/www.isuo.eu\/2022\/programm\/\"]}]},{\"@type\":\"BreadcrumbList\",\"@id\":\"https:\/\/www.isuo.eu\/2022\/programm\/#breadcrumb\",\"itemListElement\":[{\"@type\":\"ListItem\",\"position\":1,\"name\":\"Startseite\",\"item\":\"https:\/\/www.isuo.eu\/2022\/\"},{\"@type\":\"ListItem\",\"position\":2,\"name\":\"Programm\"}]},{\"@type\":\"WebSite\",\"@id\":\"https:\/\/www.isuo.eu\/2022\/#website\",\"url\":\"https:\/\/www.isuo.eu\/2022\/\",\"name\":\"5. Internationales Symposium Uroonkologie\",\"description\":\"\",\"potentialAction\":[{\"@type\":\"SearchAction\",\"target\":{\"@type\":\"EntryPoint\",\"urlTemplate\":\"https:\/\/www.isuo.eu\/2022\/?s={search_term_string}\"},\"query-input\":{\"@type\":\"PropertyValueSpecification\",\"valueRequired\":true,\"valueName\":\"search_term_string\"}}],\"inLanguage\":\"de\"}]}<\/script>\n<!-- \/ Yoast SEO plugin. -->","yoast_head_json":{"title":"Programm - 5. Internationales Symposium Uroonkologie","robots":{"index":"index","follow":"follow","max-snippet":"max-snippet:-1","max-image-preview":"max-image-preview:large","max-video-preview":"max-video-preview:-1"},"canonical":"https:\/\/www.isuo.eu\/2022\/programm\/","og_locale":"de_DE","og_type":"article","og_title":"Programm - 5. Internationales Symposium Uroonkologie","og_description":"Programm Veranstaltungsformat Das Symposium findet hybrid und zweisprachig mit Simultan\u00fcbersetzung statt, so dass Sie alle Informationen ohne Verlust verfolgen k\u00f6nnen. Freitag, 02.12.2022 Samstag, 03.12.2022 Freitag, 02.12.2022 09.00 Uhr Begr\u00fc\u00dfung Martin Schostak, Magdeburg 09.10 Uhr Therapieoptionen des Low Risk Prostatakarzinoms Moderation Martin Schostak, Magdeburg; Joachim Noldus, Herne 09:10&nbsp;Uhr Fallvorstellung Constantin Rieger, K\u00f6ln 09.15 Uhr Die aktive [&hellip;]","og_url":"https:\/\/www.isuo.eu\/2022\/programm\/","og_site_name":"5. Internationales Symposium Uroonkologie","article_modified_time":"2022-11-25T16:31:35+00:00","twitter_card":"summary_large_image","twitter_misc":{"Gesch\u00e4tzte Lesezeit":"9\u00a0Minuten"},"schema":{"@context":"https:\/\/schema.org","@graph":[{"@type":"WebPage","@id":"https:\/\/www.isuo.eu\/2022\/programm\/","url":"https:\/\/www.isuo.eu\/2022\/programm\/","name":"Programm - 5. Internationales Symposium Uroonkologie","isPartOf":{"@id":"https:\/\/www.isuo.eu\/2022\/#website"},"datePublished":"2022-06-08T13:18:17+00:00","dateModified":"2022-11-25T16:31:35+00:00","breadcrumb":{"@id":"https:\/\/www.isuo.eu\/2022\/programm\/#breadcrumb"},"inLanguage":"de","potentialAction":[{"@type":"ReadAction","target":["https:\/\/www.isuo.eu\/2022\/programm\/"]}]},{"@type":"BreadcrumbList","@id":"https:\/\/www.isuo.eu\/2022\/programm\/#breadcrumb","itemListElement":[{"@type":"ListItem","position":1,"name":"Startseite","item":"https:\/\/www.isuo.eu\/2022\/"},{"@type":"ListItem","position":2,"name":"Programm"}]},{"@type":"WebSite","@id":"https:\/\/www.isuo.eu\/2022\/#website","url":"https:\/\/www.isuo.eu\/2022\/","name":"5. Internationales Symposium Uroonkologie","description":"","potentialAction":[{"@type":"SearchAction","target":{"@type":"EntryPoint","urlTemplate":"https:\/\/www.isuo.eu\/2022\/?s={search_term_string}"},"query-input":{"@type":"PropertyValueSpecification","valueRequired":true,"valueName":"search_term_string"}}],"inLanguage":"de"}]}},"_links":{"self":[{"href":"https:\/\/www.isuo.eu\/2022\/wp-json\/wp\/v2\/pages\/527","targetHints":{"allow":["GET"]}}],"collection":[{"href":"https:\/\/www.isuo.eu\/2022\/wp-json\/wp\/v2\/pages"}],"about":[{"href":"https:\/\/www.isuo.eu\/2022\/wp-json\/wp\/v2\/types\/page"}],"author":[{"embeddable":true,"href":"https:\/\/www.isuo.eu\/2022\/wp-json\/wp\/v2\/users\/5"}],"replies":[{"embeddable":true,"href":"https:\/\/www.isuo.eu\/2022\/wp-json\/wp\/v2\/comments?post=527"}],"version-history":[{"count":28,"href":"https:\/\/www.isuo.eu\/2022\/wp-json\/wp\/v2\/pages\/527\/revisions"}],"predecessor-version":[{"id":1125,"href":"https:\/\/www.isuo.eu\/2022\/wp-json\/wp\/v2\/pages\/527\/revisions\/1125"}],"wp:attachment":[{"href":"https:\/\/www.isuo.eu\/2022\/wp-json\/wp\/v2\/media?parent=527"}],"curies":[{"name":"wp","href":"https:\/\/api.w.org\/{rel}","templated":true}]}}