{"id":516,"date":"2022-06-08T15:15:22","date_gmt":"2022-06-08T13:15:22","guid":{"rendered":"https:\/\/www.isuo.eu\/2022\/?page_id=516"},"modified":"2022-10-17T15:51:37","modified_gmt":"2022-10-17T13:51:37","slug":"anmeldung","status":"publish","type":"page","link":"https:\/\/www.isuo.eu\/2022\/anmeldung\/","title":{"rendered":"Anmeldung"},"content":{"rendered":"\t\t<div data-elementor-type=\"wp-page\" data-elementor-id=\"516\" class=\"elementor elementor-516\" data-elementor-post-type=\"page\">\n\t\t\t\t\t\t<section data-particle_enable=\"false\" data-particle-mobile-disabled=\"false\" class=\"elementor-section elementor-top-section elementor-element elementor-element-f4fe4eb elementor-section-full_width elementor-section-height-default elementor-section-height-default\" data-id=\"f4fe4eb\" data-element_type=\"section\">\n\t\t\t\t\t\t<div class=\"elementor-container elementor-column-gap-default\">\n\t\t\t\t\t<div class=\"elementor-column elementor-col-100 elementor-top-column elementor-element elementor-element-65b0f59\" data-id=\"65b0f59\" data-element_type=\"column\">\n\t\t\t<div class=\"elementor-widget-wrap elementor-element-populated\">\n\t\t\t\t\t\t<div class=\"elementor-element elementor-element-5b1149b elementor-widget elementor-widget-heading\" data-id=\"5b1149b\" data-element_type=\"widget\" data-widget_type=\"heading.default\">\n\t\t\t\t<div class=\"elementor-widget-container\">\n\t\t\t\t\t<h2 class=\"elementor-heading-title elementor-size-default\">Anmeldung<\/h2>\t\t\t\t<\/div>\n\t\t\t\t<\/div>\n\t\t\t\t<div class=\"elementor-element elementor-element-34fb186 elementor-align-center elementor-invisible elementor-widget elementor-widget-button\" data-id=\"34fb186\" data-element_type=\"widget\" data-settings=\"{&quot;_animation&quot;:&quot;fadeInDown&quot;}\" data-widget_type=\"button.default\">\n\t\t\t\t<div class=\"elementor-widget-container\">\n\t\t\t\t\t\t\t\t\t<div class=\"elementor-button-wrapper\">\n\t\t\t\t\t<a class=\"elementor-button elementor-button-link elementor-size-lg\" href=\"https:\/\/www.intercom-dresden.de\/secure\/conreg_isuo2022\/\">\n\t\t\t\t\t\t<span class=\"elementor-button-content-wrapper\">\n\t\t\t\t\t\t\t\t\t<span class=\"elementor-button-text\">Anmeldung beginnen<\/span>\n\t\t\t\t\t<\/span>\n\t\t\t\t\t<\/a>\n\t\t\t\t<\/div>\n\t\t\t\t\t\t\t\t<\/div>\n\t\t\t\t<\/div>\n\t\t\t\t<div class=\"elementor-element elementor-element-9329995 elementor-widget elementor-widget-heading\" data-id=\"9329995\" data-element_type=\"widget\" data-widget_type=\"heading.default\">\n\t\t\t\t<div class=\"elementor-widget-container\">\n\t\t\t\t\t<h3 class=\"elementor-heading-title elementor-size-default\">Teilnahmegeb\u00fchren<\/h3>\t\t\t\t<\/div>\n\t\t\t\t<\/div>\n\t\t\t\t<div class=\"elementor-element elementor-element-a8ac908 elementor-widget elementor-widget-text-editor\" data-id=\"a8ac908\" data-element_type=\"widget\" data-widget_type=\"text-editor.default\">\n\t\t\t\t<div class=\"elementor-widget-container\">\n\t\t\t\t\t\t\t\t\t<table class=\"Preisliste\"><tbody><tr><td><strong>Geb\u00fchren<\/strong><\/td><td><div align=\"center\"><strong>bis zum 31.10.2022<\/strong><\/div><\/td><td><div align=\"center\"><strong>ab 01.11.2022<\/strong><\/div><\/td><\/tr><tr><td colspan=\"3\"><p><strong>PR\u00c4SENZ<\/strong><\/p><\/td><\/tr><tr><td>Facharzt (m\/w\/d)<\/td><td><div align=\"center\">240,00 \u20ac<\/div><\/td><td><div align=\"center\">280,00 \u20ac<\/div><\/td><\/tr><tr><td>Assistenzarzt (m\/w\/d)<\/td><td><div align=\"center\">135,00 \u20ac<\/div><\/td><td><div align=\"center\">165,00 \u20ac<\/div><\/td><\/tr><tr><td>Student (m\/w\/d)<\/td><td colspan=\"2\"><div align=\"center\">kostenfrei (mit Nachweis)<\/div><\/td><\/tr><tr><td><p>Mitarbeiter Unikliniken (Urologie) K\u00f6ln und Magdeburg (m\/w\/d)<\/p><\/td><td colspan=\"2\"><div align=\"center\">kostenfrei (mit Nachweis)<\/div><\/td><\/tr><tr><td colspan=\"3\">\u00a0<\/td><\/tr><tr><td colspan=\"3\"><p><strong>VIRTUELL<\/strong><\/p><\/td><\/tr><tr><td>Facharzt (m\/w\/d)<\/td><td><div align=\"center\">150,00 \u20ac<\/div><\/td><td><div align=\"center\">180,00 \u20ac<\/div><\/td><\/tr><tr><td>Assistenzarzt (m\/w\/d)<\/td><td><div align=\"center\">80,00 \u20ac<\/div><\/td><td><div align=\"center\">100,00 \u20ac<\/div><\/td><\/tr><tr><td>Student (m\/w\/d)<\/td><td colspan=\"2\"><div align=\"center\">kostenfrei (mit Nachweis)<\/div><\/td><\/tr><tr><td><p>Mitarbeiter Unikliniken (Urologie) K\u00f6ln und Magdeburg (m\/w\/d)<\/p><\/td><td colspan=\"2\"><div align=\"center\">kostenfrei (mit Nachweis)<\/div><\/td><\/tr><\/tbody><\/table>\t\t\t\t\t\t\t\t<\/div>\n\t\t\t\t<\/div>\n\t\t\t\t<div class=\"elementor-element elementor-element-73a5b6e elementor-widget elementor-widget-text-editor\" data-id=\"73a5b6e\" data-element_type=\"widget\" data-widget_type=\"text-editor.default\">\n\t\t\t\t<div class=\"elementor-widget-container\">\n\t\t\t\t\t\t\t\t\t<p>*INTERCOM Dresden GmbH ist der Veranstalter. Alle Registrierungsgeb\u00fchren verstehen sich pro Person, inklusive 19% USt., vereinnahmt im Namen und f\u00fcr Rechnung der INTERCOM Dresden GmbH, Zellescher Weg 3, 01069 Dresden, Deutschland, UST-ID Nr.: DE 186530195<\/p>\t\t\t\t\t\t\t\t<\/div>\n\t\t\t\t<\/div>\n\t\t\t\t\t<\/div>\n\t\t<\/div>\n\t\t\t\t\t<\/div>\n\t\t<\/section>\n\t\t\t\t<\/div>\n\t\t","protected":false},"excerpt":{"rendered":"<p>Anmeldung Anmeldung beginnen Teilnahmegeb\u00fchren Geb\u00fchren bis zum 31.10.2022 ab 01.11.2022 PR\u00c4SENZ Facharzt (m\/w\/d) 240,00 \u20ac 280,00 \u20ac Assistenzarzt (m\/w\/d) 135,00 \u20ac 165,00 \u20ac Student (m\/w\/d) kostenfrei (mit Nachweis) Mitarbeiter Unikliniken (Urologie) K\u00f6ln und Magdeburg (m\/w\/d) kostenfrei (mit Nachweis) \u00a0 VIRTUELL Facharzt (m\/w\/d) 150,00 \u20ac 180,00 \u20ac Assistenzarzt (m\/w\/d) 80,00 \u20ac 100,00 \u20ac Student (m\/w\/d) kostenfrei [&hellip;]<\/p>\n","protected":false},"author":5,"featured_media":0,"parent":0,"menu_order":0,"comment_status":"closed","ping_status":"closed","template":"elementor_theme","meta":{"footnotes":""},"class_list":["post-516","page","type-page","status-publish","hentry"],"yoast_head":"<!-- This site is optimized with the Yoast SEO plugin v26.7 - https:\/\/yoast.com\/wordpress\/plugins\/seo\/ -->\n<title>Anmeldung - 5. Internationales Symposium Uroonkologie<\/title>\n<meta name=\"robots\" content=\"index, follow, max-snippet:-1, max-image-preview:large, max-video-preview:-1\" \/>\n<link rel=\"canonical\" href=\"https:\/\/www.isuo.eu\/2022\/anmeldung\/\" \/>\n<meta property=\"og:locale\" content=\"de_DE\" \/>\n<meta property=\"og:type\" content=\"article\" \/>\n<meta property=\"og:title\" content=\"Anmeldung - 5. Internationales Symposium Uroonkologie\" \/>\n<meta property=\"og:description\" content=\"Anmeldung Anmeldung beginnen Teilnahmegeb\u00fchren Geb\u00fchren bis zum 31.10.2022 ab 01.11.2022 PR\u00c4SENZ Facharzt (m\/w\/d) 240,00 \u20ac 280,00 \u20ac Assistenzarzt (m\/w\/d) 135,00 \u20ac 165,00 \u20ac Student (m\/w\/d) kostenfrei (mit Nachweis) Mitarbeiter Unikliniken (Urologie) K\u00f6ln und Magdeburg (m\/w\/d) kostenfrei (mit Nachweis) \u00a0 VIRTUELL Facharzt (m\/w\/d) 150,00 \u20ac 180,00 \u20ac Assistenzarzt (m\/w\/d) 80,00 \u20ac 100,00 \u20ac Student (m\/w\/d) kostenfrei [&hellip;]\" \/>\n<meta property=\"og:url\" content=\"https:\/\/www.isuo.eu\/2022\/anmeldung\/\" \/>\n<meta property=\"og:site_name\" content=\"5. Internationales Symposium Uroonkologie\" \/>\n<meta property=\"article:modified_time\" content=\"2022-10-17T13:51:37+00:00\" \/>\n<meta name=\"twitter:card\" content=\"summary_large_image\" \/>\n<meta name=\"twitter:label1\" content=\"Gesch\u00e4tzte Lesezeit\" \/>\n\t<meta name=\"twitter:data1\" content=\"1\u00a0Minute\" \/>\n<script type=\"application\/ld+json\" class=\"yoast-schema-graph\">{\"@context\":\"https:\/\/schema.org\",\"@graph\":[{\"@type\":\"WebPage\",\"@id\":\"https:\/\/www.isuo.eu\/2022\/anmeldung\/\",\"url\":\"https:\/\/www.isuo.eu\/2022\/anmeldung\/\",\"name\":\"Anmeldung - 5. Internationales Symposium Uroonkologie\",\"isPartOf\":{\"@id\":\"https:\/\/www.isuo.eu\/2022\/#website\"},\"datePublished\":\"2022-06-08T13:15:22+00:00\",\"dateModified\":\"2022-10-17T13:51:37+00:00\",\"breadcrumb\":{\"@id\":\"https:\/\/www.isuo.eu\/2022\/anmeldung\/#breadcrumb\"},\"inLanguage\":\"de\",\"potentialAction\":[{\"@type\":\"ReadAction\",\"target\":[\"https:\/\/www.isuo.eu\/2022\/anmeldung\/\"]}]},{\"@type\":\"BreadcrumbList\",\"@id\":\"https:\/\/www.isuo.eu\/2022\/anmeldung\/#breadcrumb\",\"itemListElement\":[{\"@type\":\"ListItem\",\"position\":1,\"name\":\"Startseite\",\"item\":\"https:\/\/www.isuo.eu\/2022\/\"},{\"@type\":\"ListItem\",\"position\":2,\"name\":\"Anmeldung\"}]},{\"@type\":\"WebSite\",\"@id\":\"https:\/\/www.isuo.eu\/2022\/#website\",\"url\":\"https:\/\/www.isuo.eu\/2022\/\",\"name\":\"5. Internationales Symposium Uroonkologie\",\"description\":\"\",\"potentialAction\":[{\"@type\":\"SearchAction\",\"target\":{\"@type\":\"EntryPoint\",\"urlTemplate\":\"https:\/\/www.isuo.eu\/2022\/?s={search_term_string}\"},\"query-input\":{\"@type\":\"PropertyValueSpecification\",\"valueRequired\":true,\"valueName\":\"search_term_string\"}}],\"inLanguage\":\"de\"}]}<\/script>\n<!-- \/ Yoast SEO plugin. -->","yoast_head_json":{"title":"Anmeldung - 5. Internationales Symposium Uroonkologie","robots":{"index":"index","follow":"follow","max-snippet":"max-snippet:-1","max-image-preview":"max-image-preview:large","max-video-preview":"max-video-preview:-1"},"canonical":"https:\/\/www.isuo.eu\/2022\/anmeldung\/","og_locale":"de_DE","og_type":"article","og_title":"Anmeldung - 5. Internationales Symposium Uroonkologie","og_description":"Anmeldung Anmeldung beginnen Teilnahmegeb\u00fchren Geb\u00fchren bis zum 31.10.2022 ab 01.11.2022 PR\u00c4SENZ Facharzt (m\/w\/d) 240,00 \u20ac 280,00 \u20ac Assistenzarzt (m\/w\/d) 135,00 \u20ac 165,00 \u20ac Student (m\/w\/d) kostenfrei (mit Nachweis) Mitarbeiter Unikliniken (Urologie) K\u00f6ln und Magdeburg (m\/w\/d) kostenfrei (mit Nachweis) \u00a0 VIRTUELL Facharzt (m\/w\/d) 150,00 \u20ac 180,00 \u20ac Assistenzarzt (m\/w\/d) 80,00 \u20ac 100,00 \u20ac Student (m\/w\/d) kostenfrei [&hellip;]","og_url":"https:\/\/www.isuo.eu\/2022\/anmeldung\/","og_site_name":"5. Internationales Symposium Uroonkologie","article_modified_time":"2022-10-17T13:51:37+00:00","twitter_card":"summary_large_image","twitter_misc":{"Gesch\u00e4tzte Lesezeit":"1\u00a0Minute"},"schema":{"@context":"https:\/\/schema.org","@graph":[{"@type":"WebPage","@id":"https:\/\/www.isuo.eu\/2022\/anmeldung\/","url":"https:\/\/www.isuo.eu\/2022\/anmeldung\/","name":"Anmeldung - 5. Internationales Symposium Uroonkologie","isPartOf":{"@id":"https:\/\/www.isuo.eu\/2022\/#website"},"datePublished":"2022-06-08T13:15:22+00:00","dateModified":"2022-10-17T13:51:37+00:00","breadcrumb":{"@id":"https:\/\/www.isuo.eu\/2022\/anmeldung\/#breadcrumb"},"inLanguage":"de","potentialAction":[{"@type":"ReadAction","target":["https:\/\/www.isuo.eu\/2022\/anmeldung\/"]}]},{"@type":"BreadcrumbList","@id":"https:\/\/www.isuo.eu\/2022\/anmeldung\/#breadcrumb","itemListElement":[{"@type":"ListItem","position":1,"name":"Startseite","item":"https:\/\/www.isuo.eu\/2022\/"},{"@type":"ListItem","position":2,"name":"Anmeldung"}]},{"@type":"WebSite","@id":"https:\/\/www.isuo.eu\/2022\/#website","url":"https:\/\/www.isuo.eu\/2022\/","name":"5. Internationales Symposium Uroonkologie","description":"","potentialAction":[{"@type":"SearchAction","target":{"@type":"EntryPoint","urlTemplate":"https:\/\/www.isuo.eu\/2022\/?s={search_term_string}"},"query-input":{"@type":"PropertyValueSpecification","valueRequired":true,"valueName":"search_term_string"}}],"inLanguage":"de"}]}},"_links":{"self":[{"href":"https:\/\/www.isuo.eu\/2022\/wp-json\/wp\/v2\/pages\/516","targetHints":{"allow":["GET"]}}],"collection":[{"href":"https:\/\/www.isuo.eu\/2022\/wp-json\/wp\/v2\/pages"}],"about":[{"href":"https:\/\/www.isuo.eu\/2022\/wp-json\/wp\/v2\/types\/page"}],"author":[{"embeddable":true,"href":"https:\/\/www.isuo.eu\/2022\/wp-json\/wp\/v2\/users\/5"}],"replies":[{"embeddable":true,"href":"https:\/\/www.isuo.eu\/2022\/wp-json\/wp\/v2\/comments?post=516"}],"version-history":[{"count":50,"href":"https:\/\/www.isuo.eu\/2022\/wp-json\/wp\/v2\/pages\/516\/revisions"}],"predecessor-version":[{"id":1035,"href":"https:\/\/www.isuo.eu\/2022\/wp-json\/wp\/v2\/pages\/516\/revisions\/1035"}],"wp:attachment":[{"href":"https:\/\/www.isuo.eu\/2022\/wp-json\/wp\/v2\/media?parent=516"}],"curies":[{"name":"wp","href":"https:\/\/api.w.org\/{rel}","templated":true}]}}