{"id":416,"date":"2022-06-08T11:15:58","date_gmt":"2022-06-08T09:15:58","guid":{"rendered":"https:\/\/www.isuo.eu\/2022\/?page_id=416"},"modified":"2022-10-17T15:52:08","modified_gmt":"2022-10-17T13:52:08","slug":"save-the-date","status":"publish","type":"page","link":"https:\/\/www.isuo.eu\/2022\/","title":{"rendered":"Willkommen"},"content":{"rendered":"\t\t<div data-elementor-type=\"wp-page\" data-elementor-id=\"416\" class=\"elementor elementor-416\" data-elementor-post-type=\"page\">\n\t\t\t\t\t\t<section data-particle_enable=\"false\" data-particle-mobile-disabled=\"false\" class=\"elementor-section elementor-top-section elementor-element elementor-element-481c6122 elementor-section-content-middle elementor-section-full_width elementor-section-height-default elementor-section-height-default\" data-id=\"481c6122\" data-element_type=\"section\">\n\t\t\t\t\t\t<div class=\"elementor-container elementor-column-gap-no\">\n\t\t\t\t\t<div class=\"elementor-column elementor-col-100 elementor-top-column elementor-element elementor-element-19c10292\" data-id=\"19c10292\" data-element_type=\"column\">\n\t\t\t<div class=\"elementor-widget-wrap elementor-element-populated\">\n\t\t\t\t\t\t<section data-particle_enable=\"false\" data-particle-mobile-disabled=\"false\" class=\"elementor-section elementor-inner-section elementor-element elementor-element-3e7c5f3 elementor-section-boxed elementor-section-height-default elementor-section-height-default\" data-id=\"3e7c5f3\" data-element_type=\"section\">\n\t\t\t\t\t\t<div class=\"elementor-container elementor-column-gap-default\">\n\t\t\t\t\t<div class=\"elementor-column elementor-col-33 elementor-inner-column elementor-element elementor-element-2ca7977\" data-id=\"2ca7977\" data-element_type=\"column\">\n\t\t\t<div class=\"elementor-widget-wrap elementor-element-populated\">\n\t\t\t\t\t\t<div class=\"elementor-element elementor-element-56fc370a elementor-align-center elementor-invisible elementor-widget elementor-widget-button\" data-id=\"56fc370a\" data-element_type=\"widget\" data-settings=\"{&quot;_animation&quot;:&quot;fadeInDown&quot;}\" data-widget_type=\"button.default\">\n\t\t\t\t<div class=\"elementor-widget-container\">\n\t\t\t\t\t\t\t\t\t<div class=\"elementor-button-wrapper\">\n\t\t\t\t\t<a class=\"elementor-button elementor-button-link elementor-size-lg\" href=\"https:\/\/www.isuo.eu\/2022\/wp-content\/uploads\/Termin-ISUO-2022.ics\">\n\t\t\t\t\t\t<span class=\"elementor-button-content-wrapper\">\n\t\t\t\t\t\t\t\t\t<span class=\"elementor-button-text\">Termin speichern<\/span>\n\t\t\t\t\t<\/span>\n\t\t\t\t\t<\/a>\n\t\t\t\t<\/div>\n\t\t\t\t\t\t\t\t<\/div>\n\t\t\t\t<\/div>\n\t\t\t\t\t<\/div>\n\t\t<\/div>\n\t\t\t\t<div class=\"elementor-column elementor-col-33 elementor-inner-column elementor-element elementor-element-35e6b8b\" data-id=\"35e6b8b\" data-element_type=\"column\">\n\t\t\t<div class=\"elementor-widget-wrap elementor-element-populated\">\n\t\t\t\t\t\t<div class=\"elementor-element elementor-element-7d333c4 elementor-align-center elementor-invisible elementor-widget elementor-widget-button\" data-id=\"7d333c4\" data-element_type=\"widget\" data-settings=\"{&quot;_animation&quot;:&quot;fadeInDown&quot;}\" data-widget_type=\"button.default\">\n\t\t\t\t<div class=\"elementor-widget-container\">\n\t\t\t\t\t\t\t\t\t<div class=\"elementor-button-wrapper\">\n\t\t\t\t\t<a class=\"elementor-button elementor-button-link elementor-size-lg\" href=\"https:\/\/www.intercom-dresden.de\/secure\/conreg_isuo2022\/\">\n\t\t\t\t\t\t<span class=\"elementor-button-content-wrapper\">\n\t\t\t\t\t\t\t\t\t<span class=\"elementor-button-text\">Anmeldung beginnen<\/span>\n\t\t\t\t\t<\/span>\n\t\t\t\t\t<\/a>\n\t\t\t\t<\/div>\n\t\t\t\t\t\t\t\t<\/div>\n\t\t\t\t<\/div>\n\t\t\t\t\t<\/div>\n\t\t<\/div>\n\t\t\t\t<div class=\"elementor-column elementor-col-33 elementor-inner-column elementor-element elementor-element-c7f32d3\" data-id=\"c7f32d3\" data-element_type=\"column\">\n\t\t\t<div class=\"elementor-widget-wrap elementor-element-populated\">\n\t\t\t\t\t\t<div class=\"elementor-element elementor-element-ae68447 elementor-align-center elementor-invisible elementor-widget elementor-widget-button\" data-id=\"ae68447\" data-element_type=\"widget\" data-settings=\"{&quot;_animation&quot;:&quot;fadeInDown&quot;}\" data-widget_type=\"button.default\">\n\t\t\t\t<div class=\"elementor-widget-container\">\n\t\t\t\t\t\t\t\t\t<div class=\"elementor-button-wrapper\">\n\t\t\t\t\t<a class=\"elementor-button elementor-button-link elementor-size-lg\" href=\"https:\/\/www.isuo.eu\/2022\/wp-content\/uploads\/ISUO_Programm_web.pdf\">\n\t\t\t\t\t\t<span class=\"elementor-button-content-wrapper\">\n\t\t\t\t\t\t\t\t\t<span class=\"elementor-button-text\">Download Programm<\/span>\n\t\t\t\t\t<\/span>\n\t\t\t\t\t<\/a>\n\t\t\t\t<\/div>\n\t\t\t\t\t\t\t\t<\/div>\n\t\t\t\t<\/div>\n\t\t\t\t\t<\/div>\n\t\t<\/div>\n\t\t\t\t\t<\/div>\n\t\t<\/section>\n\t\t\t\t\t<\/div>\n\t\t<\/div>\n\t\t\t\t\t<\/div>\n\t\t<\/section>\n\t\t\t\t<section data-particle_enable=\"false\" data-particle-mobile-disabled=\"false\" class=\"elementor-section elementor-top-section elementor-element elementor-element-d942992 elementor-section-content-middle elementor-section-full_width elementor-section-height-default elementor-section-height-default\" data-id=\"d942992\" data-element_type=\"section\">\n\t\t\t\t\t\t<div class=\"elementor-container elementor-column-gap-no\">\n\t\t\t\t\t<div class=\"elementor-column elementor-col-100 elementor-top-column elementor-element elementor-element-c855cad\" data-id=\"c855cad\" data-element_type=\"column\">\n\t\t\t<div class=\"elementor-widget-wrap elementor-element-populated\">\n\t\t\t\t\t\t<div class=\"elementor-element elementor-element-5eba910 elementor-widget elementor-widget-heading\" data-id=\"5eba910\" data-element_type=\"widget\" data-widget_type=\"heading.default\">\n\t\t\t\t<div class=\"elementor-widget-container\">\n\t\t\t\t\t<h2 class=\"elementor-heading-title elementor-size-default\">Willkommen<\/h2>\t\t\t\t<\/div>\n\t\t\t\t<\/div>\n\t\t\t\t<div class=\"elementor-element elementor-element-bfc2098 elementor-widget elementor-widget-text-editor\" data-id=\"bfc2098\" data-element_type=\"widget\" data-widget_type=\"text-editor.default\">\n\t\t\t\t<div class=\"elementor-widget-container\">\n\t\t\t\t\t\t\t\t\t<p><strong><span role=\"presentation\" dir=\"ltr\">Liebe Kollegin, lieber Kollege,<\/span><\/strong><\/p><p><span role=\"presentation\" dir=\"ltr\">hiermit m\u00f6chten wir Sie sehr herzlich zum Internationalen Symposium f\u00fcr urologische <\/span><span role=\"presentation\" dir=\"ltr\">Tumore am 2. und 3. Dezember 2022 einladen.<br \/><\/span><span role=\"presentation\" dir=\"ltr\">Die regelm\u00e4\u00dfige Veranstaltung findet in ihrer 5. Auflage das erste Mal in Magdeburg statt.<\/span><\/p><p><span role=\"presentation\" dir=\"ltr\">Die wichtigsten Themen des aktuellen Jahres rund um alle urologischen Tumore werden in <\/span><span role=\"presentation\" dir=\"ltr\">Fall-, Pro- und Contra-Diskussionen, State-of-the-Art-Vortr\u00e4gen, Semi-Live-Videos u.v.m. von <\/span><span role=\"presentation\" dir=\"ltr\">namhaften nationalen und internationalen Referenten ausf\u00fchrlich besprochen.<\/span><\/p><p><span role=\"presentation\" dir=\"ltr\">Wir haben vor allem jene Themen rund um Operationen, die Strahlentherapie und medika<\/span><span role=\"presentation\" dir=\"ltr\">ment\u00f6se Therapie ausgew\u00e4hlt, die in der aktuellen Praxis der Behandlung urologischer Tumore <\/span><span role=\"presentation\" dir=\"ltr\">am meisten Bedeutung haben.<\/span><br role=\"presentation\" \/><span role=\"presentation\" dir=\"ltr\">Das Symposium findet hybrid und zweisprachig mit Simultan\u00fcbersetzung statt, so dass Sie <\/span><span role=\"presentation\" dir=\"ltr\">alle Informationen ohne Verlust und sp\u00e4ter auch On-Demand verfolgen k\u00f6nnen.<\/span><\/p><p><span role=\"presentation\" dir=\"ltr\">Wir freuen uns auf Ihre aktive Teilnahme, fruchtbare Diskussionen und nat\u00fcrlich das <\/span><span role=\"presentation\" dir=\"ltr\">pers\u00f6nliche Wiedersehen der uroonkologischen Community.<\/span><\/p><p><span role=\"presentation\" dir=\"ltr\">Bis dahin verbleiben wir mit besten Gr\u00fc\u00dfen,<\/span><br role=\"presentation\" \/><span role=\"presentation\" dir=\"ltr\">Ihre<\/span><\/p>\t\t\t\t\t\t\t\t<\/div>\n\t\t\t\t<\/div>\n\t\t\t\t<section data-particle_enable=\"false\" data-particle-mobile-disabled=\"false\" class=\"elementor-section elementor-inner-section elementor-element elementor-element-5bce435 elementor-section-full_width elementor-section-height-default elementor-section-height-default\" data-id=\"5bce435\" data-element_type=\"section\">\n\t\t\t\t\t\t<div class=\"elementor-container elementor-column-gap-default\">\n\t\t\t\t\t<div class=\"elementor-column elementor-col-50 elementor-inner-column elementor-element elementor-element-f718fec\" data-id=\"f718fec\" data-element_type=\"column\">\n\t\t\t<div class=\"elementor-widget-wrap elementor-element-populated\">\n\t\t\t\t\t\t<div class=\"elementor-element elementor-element-2650a7f elementor-widget elementor-widget-text-editor\" data-id=\"2650a7f\" data-element_type=\"widget\" data-widget_type=\"text-editor.default\">\n\t\t\t\t<div class=\"elementor-widget-container\">\n\t\t\t\t\t\t\t\t\t<p><strong><span role=\"presentation\" dir=\"ltr\">Prof. Dr. med.<\/span><\/strong><br role=\"presentation\" \/><strong><span role=\"presentation\" dir=\"ltr\">Martin Schostak<\/span><\/strong><span class=\"markedContent\"><\/span><br role=\"presentation\" \/><span role=\"presentation\" dir=\"ltr\">Direktor der Klinik f\u00fcr<\/span><span class=\"markedContent\"><\/span><span role=\"presentation\" dir=\"ltr\"> <\/span><span role=\"presentation\" dir=\"ltr\">Urologie,<\/span><br role=\"presentation\" \/><span role=\"presentation\" dir=\"ltr\">Uro-Onkologie, robotergest\u00fctzte<\/span><br role=\"presentation\" \/><span role=\"presentation\" dir=\"ltr\">und fokale Therapie<\/span><br role=\"presentation\" \/><span role=\"presentation\" dir=\"ltr\">Uniklinikum Magdeburg<\/span><\/p>\t\t\t\t\t\t\t\t<\/div>\n\t\t\t\t<\/div>\n\t\t\t\t\t<\/div>\n\t\t<\/div>\n\t\t\t\t<div class=\"elementor-column elementor-col-50 elementor-inner-column elementor-element elementor-element-5d1570a\" data-id=\"5d1570a\" data-element_type=\"column\">\n\t\t\t<div class=\"elementor-widget-wrap elementor-element-populated\">\n\t\t\t\t\t\t<div class=\"elementor-element elementor-element-29da497 elementor-widget elementor-widget-text-editor\" data-id=\"29da497\" data-element_type=\"widget\" data-widget_type=\"text-editor.default\">\n\t\t\t\t<div class=\"elementor-widget-container\">\n\t\t\t\t\t\t\t\t\t<p><strong><span role=\"presentation\" dir=\"ltr\"><\/span><\/strong><span role=\"presentation\" dir=\"ltr\"><strong>Prof. Dr. med. Dr. h.c<\/strong><br role=\"presentation\" \/><strong>Axel Heidenreich<\/strong><br role=\"presentation\" \/>Direktor der Klinik f\u00fcr Urologie,<br role=\"presentation\" \/>Uro-Onkologie, spezielle urologische<br role=\"presentation\" \/>und roboter-assistierte Chirurgie<br role=\"presentation\" \/>Uniklinikum K\u00f6ln<\/span><\/p>\t\t\t\t\t\t\t\t<\/div>\n\t\t\t\t<\/div>\n\t\t\t\t\t<\/div>\n\t\t<\/div>\n\t\t\t\t\t<\/div>\n\t\t<\/section>\n\t\t\t\t\t<\/div>\n\t\t<\/div>\n\t\t\t\t\t<\/div>\n\t\t<\/section>\n\t\t\t\t<\/div>\n\t\t","protected":false},"excerpt":{"rendered":"<p>Termin speichern Anmeldung beginnen Download Programm Willkommen Liebe Kollegin, lieber Kollege, hiermit m\u00f6chten wir Sie sehr herzlich zum Internationalen Symposium f\u00fcr urologische Tumore am 2. und 3. Dezember 2022 einladen.Die regelm\u00e4\u00dfige Veranstaltung findet in ihrer 5. Auflage das erste Mal in Magdeburg statt. Die wichtigsten Themen des aktuellen Jahres rund um alle urologischen Tumore werden [&hellip;]<\/p>\n","protected":false},"author":5,"featured_media":0,"parent":0,"menu_order":0,"comment_status":"closed","ping_status":"closed","template":"elementor_theme","meta":{"footnotes":""},"class_list":["post-416","page","type-page","status-publish","hentry"],"yoast_head":"<!-- This site is optimized with the Yoast SEO plugin v26.7 - https:\/\/yoast.com\/wordpress\/plugins\/seo\/ -->\n<title>Willkommen - 5. Internationales Symposium Uroonkologie<\/title>\n<meta name=\"robots\" content=\"index, follow, max-snippet:-1, max-image-preview:large, max-video-preview:-1\" \/>\n<link rel=\"canonical\" href=\"https:\/\/www.isuo.eu\/2022\/\" \/>\n<meta property=\"og:locale\" content=\"de_DE\" \/>\n<meta property=\"og:type\" content=\"article\" \/>\n<meta property=\"og:title\" content=\"Willkommen - 5. Internationales Symposium Uroonkologie\" \/>\n<meta property=\"og:description\" content=\"Termin speichern Anmeldung beginnen Download Programm Willkommen Liebe Kollegin, lieber Kollege, hiermit m\u00f6chten wir Sie sehr herzlich zum Internationalen Symposium f\u00fcr urologische Tumore am 2. und 3. Dezember 2022 einladen.Die regelm\u00e4\u00dfige Veranstaltung findet in ihrer 5. Auflage das erste Mal in Magdeburg statt. Die wichtigsten Themen des aktuellen Jahres rund um alle urologischen Tumore werden [&hellip;]\" \/>\n<meta property=\"og:url\" content=\"https:\/\/www.isuo.eu\/2022\/\" \/>\n<meta property=\"og:site_name\" content=\"5. Internationales Symposium Uroonkologie\" \/>\n<meta property=\"article:modified_time\" content=\"2022-10-17T13:52:08+00:00\" \/>\n<meta name=\"twitter:card\" content=\"summary_large_image\" \/>\n<meta name=\"twitter:label1\" content=\"Gesch\u00e4tzte Lesezeit\" \/>\n\t<meta name=\"twitter:data1\" content=\"2\u00a0Minuten\" \/>\n<script type=\"application\/ld+json\" class=\"yoast-schema-graph\">{\"@context\":\"https:\/\/schema.org\",\"@graph\":[{\"@type\":\"WebPage\",\"@id\":\"https:\/\/www.isuo.eu\/2022\/\",\"url\":\"https:\/\/www.isuo.eu\/2022\/\",\"name\":\"Willkommen - 5. Internationales Symposium Uroonkologie\",\"isPartOf\":{\"@id\":\"https:\/\/www.isuo.eu\/2022\/#website\"},\"datePublished\":\"2022-06-08T09:15:58+00:00\",\"dateModified\":\"2022-10-17T13:52:08+00:00\",\"breadcrumb\":{\"@id\":\"https:\/\/www.isuo.eu\/2022\/#breadcrumb\"},\"inLanguage\":\"de\",\"potentialAction\":[{\"@type\":\"ReadAction\",\"target\":[\"https:\/\/www.isuo.eu\/2022\/\"]}]},{\"@type\":\"BreadcrumbList\",\"@id\":\"https:\/\/www.isuo.eu\/2022\/#breadcrumb\",\"itemListElement\":[{\"@type\":\"ListItem\",\"position\":1,\"name\":\"Startseite\",\"item\":\"https:\/\/www.isuo.eu\/2022\/\"},{\"@type\":\"ListItem\",\"position\":2,\"name\":\"Willkommen\"}]},{\"@type\":\"WebSite\",\"@id\":\"https:\/\/www.isuo.eu\/2022\/#website\",\"url\":\"https:\/\/www.isuo.eu\/2022\/\",\"name\":\"5. Internationales Symposium Uroonkologie\",\"description\":\"\",\"potentialAction\":[{\"@type\":\"SearchAction\",\"target\":{\"@type\":\"EntryPoint\",\"urlTemplate\":\"https:\/\/www.isuo.eu\/2022\/?s={search_term_string}\"},\"query-input\":{\"@type\":\"PropertyValueSpecification\",\"valueRequired\":true,\"valueName\":\"search_term_string\"}}],\"inLanguage\":\"de\"}]}<\/script>\n<!-- \/ Yoast SEO plugin. -->","yoast_head_json":{"title":"Willkommen - 5. Internationales Symposium Uroonkologie","robots":{"index":"index","follow":"follow","max-snippet":"max-snippet:-1","max-image-preview":"max-image-preview:large","max-video-preview":"max-video-preview:-1"},"canonical":"https:\/\/www.isuo.eu\/2022\/","og_locale":"de_DE","og_type":"article","og_title":"Willkommen - 5. Internationales Symposium Uroonkologie","og_description":"Termin speichern Anmeldung beginnen Download Programm Willkommen Liebe Kollegin, lieber Kollege, hiermit m\u00f6chten wir Sie sehr herzlich zum Internationalen Symposium f\u00fcr urologische Tumore am 2. und 3. Dezember 2022 einladen.Die regelm\u00e4\u00dfige Veranstaltung findet in ihrer 5. Auflage das erste Mal in Magdeburg statt. Die wichtigsten Themen des aktuellen Jahres rund um alle urologischen Tumore werden [&hellip;]","og_url":"https:\/\/www.isuo.eu\/2022\/","og_site_name":"5. Internationales Symposium Uroonkologie","article_modified_time":"2022-10-17T13:52:08+00:00","twitter_card":"summary_large_image","twitter_misc":{"Gesch\u00e4tzte Lesezeit":"2\u00a0Minuten"},"schema":{"@context":"https:\/\/schema.org","@graph":[{"@type":"WebPage","@id":"https:\/\/www.isuo.eu\/2022\/","url":"https:\/\/www.isuo.eu\/2022\/","name":"Willkommen - 5. Internationales Symposium Uroonkologie","isPartOf":{"@id":"https:\/\/www.isuo.eu\/2022\/#website"},"datePublished":"2022-06-08T09:15:58+00:00","dateModified":"2022-10-17T13:52:08+00:00","breadcrumb":{"@id":"https:\/\/www.isuo.eu\/2022\/#breadcrumb"},"inLanguage":"de","potentialAction":[{"@type":"ReadAction","target":["https:\/\/www.isuo.eu\/2022\/"]}]},{"@type":"BreadcrumbList","@id":"https:\/\/www.isuo.eu\/2022\/#breadcrumb","itemListElement":[{"@type":"ListItem","position":1,"name":"Startseite","item":"https:\/\/www.isuo.eu\/2022\/"},{"@type":"ListItem","position":2,"name":"Willkommen"}]},{"@type":"WebSite","@id":"https:\/\/www.isuo.eu\/2022\/#website","url":"https:\/\/www.isuo.eu\/2022\/","name":"5. Internationales Symposium Uroonkologie","description":"","potentialAction":[{"@type":"SearchAction","target":{"@type":"EntryPoint","urlTemplate":"https:\/\/www.isuo.eu\/2022\/?s={search_term_string}"},"query-input":{"@type":"PropertyValueSpecification","valueRequired":true,"valueName":"search_term_string"}}],"inLanguage":"de"}]}},"_links":{"self":[{"href":"https:\/\/www.isuo.eu\/2022\/wp-json\/wp\/v2\/pages\/416","targetHints":{"allow":["GET"]}}],"collection":[{"href":"https:\/\/www.isuo.eu\/2022\/wp-json\/wp\/v2\/pages"}],"about":[{"href":"https:\/\/www.isuo.eu\/2022\/wp-json\/wp\/v2\/types\/page"}],"author":[{"embeddable":true,"href":"https:\/\/www.isuo.eu\/2022\/wp-json\/wp\/v2\/users\/5"}],"replies":[{"embeddable":true,"href":"https:\/\/www.isuo.eu\/2022\/wp-json\/wp\/v2\/comments?post=416"}],"version-history":[{"count":59,"href":"https:\/\/www.isuo.eu\/2022\/wp-json\/wp\/v2\/pages\/416\/revisions"}],"predecessor-version":[{"id":1055,"href":"https:\/\/www.isuo.eu\/2022\/wp-json\/wp\/v2\/pages\/416\/revisions\/1055"}],"wp:attachment":[{"href":"https:\/\/www.isuo.eu\/2022\/wp-json\/wp\/v2\/media?parent=416"}],"curies":[{"name":"wp","href":"https:\/\/api.w.org\/{rel}","templated":true}]}}